{"id":3665,"date":"2023-10-16T06:32:46","date_gmt":"2023-10-16T05:32:46","guid":{"rendered":"https:\/\/sparterobotics.com\/?post_type=product&#038;p=3665"},"modified":"2023-10-16T10:11:33","modified_gmt":"2023-10-16T09:11:33","slug":"dji-goggles-integra","status":"publish","type":"product","link":"https:\/\/sparterobotics.com\/fr\/produit\/dji-goggles-integra\/","title":{"rendered":"DJI Goggles Integra"},"content":{"rendered":"<h2 class=\"cont-onglet-titre\">Caract\u00e9ristiques<\/h2>\n<div class=\"hide_info_annexe row small-collapse medium-uncollapse\">\n<div class=\"column\">\n<ul id=\"tableau_carac\">\n<li class=\"row\"><span class=\"column small-12 label_groupe shade2-c\">Lunettes FPV<\/span><\/li>\n<li class=\"row\"><span class=\"column small-12 medium-5 large-4 label_carac highlight-c\">Nom<\/span><span class=\"column expand label_valeur\">Goggles Integra (mod\u00e8le RCDS13)<\/span><\/li>\n<li class=\"row\"><span class=\"column small-12 medium-5 large-4 label_carac highlight-c\">R\u00e9solution<\/span><span class=\"column expand label_valeur\">1920 x 1080<\/span><\/li>\n<li class=\"row\"><span class=\"column small-12 medium-5 large-4 label_carac highlight-c\">Enregistrement<\/span><span class=\"column expand label_valeur\">MOV<\/span><\/li>\n<li class=\"row\"><span class=\"column small-12 medium-5 large-4 label_carac highlight-c\">Dimensions<\/span><span class=\"column expand label_valeur\">Antennes pli\u00e9es : 170 x 104 x 74.44 mm \/ Antennes d\u00e9pli\u00e9es : 205 x 104 x 104 mm<\/span><\/li>\n<li class=\"row\"><span class=\"column small-12 medium-5 large-4 label_carac highlight-c\">Poids<\/span><span class=\"column expand label_valeur\">Environ 410 grammes avec batterie<\/span><\/li>\n<li class=\"row\"><span class=\"column small-12 medium-5 large-4 label_carac highlight-c\">Antenne<\/span><span class=\"column expand label_valeur\">Non amovible<\/span><\/li>\n<li class=\"row\"><span class=\"column small-12 medium-5 large-4 label_carac highlight-c\">Autonomie<\/span><span class=\"column expand label_valeur\">Environ 2 heures<\/span><\/li>\n<li class=\"row\"><span class=\"column small-12 medium-5 large-4 label_carac highlight-c\">Compatibilit\u00e9<\/span><span class=\"column expand label_valeur\">Drone DJI FPV, DJI Avata, DJI Mini 3 Pro, Gamme DJI Mavic 3, DJI Air 3, DJI O3 Air Unit, DJI Air Unit, Caddx Vista, RunCam Link et Caddx Air Unit<\/span><\/li>\n<li class=\"row\"><span class=\"column small-12 medium-5 large-4 label_carac highlight-c\">Ecran<\/span><span class=\"column expand label_valeur\">0.49 pouce<\/span><\/li>\n<li class=\"row\"><span class=\"column small-12 medium-5 large-4 label_carac highlight-c\">Fr\u00e9quence de rafra\u00eechissement de l&#8217;\u00e9cran<\/span><span class=\"column expand label_valeur\">Jusqu&#8217;\u00e0 100Hz<\/span><\/li>\n<li class=\"row\"><span class=\"column small-12 medium-5 large-4 label_carac highlight-c\">Fr\u00e9quence de communication<\/span><span class=\"column expand label_valeur\">2,400 \u00e0 2,4835\u00a0GHz \/ 5,725-5,850\u00a0GHz<\/span><\/li>\n<li class=\"row\"><span class=\"column small-12 medium-5 large-4 label_carac highlight-c\">Puissance de l&#8217;\u00e9metteur (EIRP)<\/span><span class=\"column expand label_valeur\">2,4\u00a0GHz\u00a0: &lt;\u00a030\u00a0dBm (FCC), &lt;\u00a020\u00a0dBm (CE\/SRRC\/MIC\/KC) \/ 5,8\u00a0GHz\u00a0: &lt;\u00a030\u00a0dBm (FCC), &lt;\u00a023\u00a0dBm (SRRC), &lt;\u00a014\u00a0dBm (CE\/KC)<\/span><\/li>\n<li class=\"row\"><span class=\"column small-12 medium-5 large-4 label_carac highlight-c\">Encodage vid\u00e9o<\/span><span class=\"column expand label_valeur\">H.264 et H.265<\/span><\/li>\n<li class=\"row\"><span class=\"column small-12 medium-5 large-4 label_carac highlight-c\">Formats de lecture vid\u00e9o compatibles<\/span><span class=\"column expand label_valeur\">MP4 et MOV<\/span><\/li>\n<li class=\"row\"><span class=\"column small-12 medium-5 large-4 label_carac highlight-c\">Temp\u00e9rature de fonctionnement<\/span><span class=\"column expand label_valeur\">-10 \u00e0 40 \u00b0C (14 \u00e0 104 \u00b0F)<\/span><\/li>\n<li class=\"row\"><span class=\"column small-12 medium-5 large-4 label_carac highlight-c\">FOV<\/span><span class=\"column expand label_valeur\">44\u00b0<\/span><\/li>\n<li class=\"row\"><span class=\"column small-12 medium-5 large-4 label_carac highlight-c\">\u00c9cart pupillaire<\/span><span class=\"column expand label_valeur\">R\u00e9glable de 56 \u00e0 72mm<\/span><\/li>\n<li class=\"row\"><span class=\"column small-12 medium-5 large-4 label_carac highlight-c\">Batterie<\/span><span class=\"column expand label_valeur\">Li-ion 2S 2450 mAh<\/span><\/li>\n<li class=\"row\"><span class=\"column small-12 medium-5 large-4 label_carac highlight-c\">Cartes m\u00e9moire compatibles<\/span><span class=\"column expand label_valeur\">microSD (jusqu&#8217;\u00e0 256 Go)<\/span><\/li>\n<li class=\"row\"><span class=\"column small-12 medium-5 large-4 label_carac highlight-c\">Audio<\/span><span class=\"column expand label_valeur\">ACC et PCM<\/span><\/li>\n<\/ul>\n<\/div>\n<\/div>","protected":false},"excerpt":{"rendered":"<div class=\"description_longue_2\">\n<p><span class=\"titre_description_longue_2\"><strong>POINTS FORTS :<\/strong><\/span><\/p>\n<div class=\"row small-collapse medium-uncollapse\">\n<div class=\"column\">\n<ul>\n<li>Batterie int\u00e9gr\u00e9e dans le bandeau<\/li>\n<li>R\u00e9glage distance interpupillaire<\/li>\n<li>\u00c9cran 1920x1080p<\/li>\n<li>Transmission O3+<\/li>\n<\/ul>\n<\/div>\n<\/div>\n<\/div>\n<div class=\"description_courte\">\n<p>Profitez d&#8217;une exp\u00e9rience FPV exceptionnelle gr\u00e2ce aux\u00a0<strong>Goggles Integra<\/strong>\u00a0de DJI.<\/p>\n<p>Dot\u00e9 de la transmission vid\u00e9o\u00a0<strong>DJI O3+<\/strong>\u00a0et d&#8217;antennes omnidirectionnelles 2T2R, cela assurera une stabilit\u00e9 et un temps de latence ultra faible (30ms) en vol. La stabilit\u00e9 est assur\u00e9e car le casque s\u00e9lectionne automatiquement la fr\u00e9quence la plus stable entre 2.4 ou 5.8 GHz. Ses\u00a0<strong>deux \u00e9crans micro-OLED de 0.49 pouces<\/strong>\u00a0avec un FOV de\u00a0<strong>44\u00b0<\/strong>\u00a0vous feront b\u00e9n\u00e9ficier d&#8217;un retour vid\u00e9o HD jusqu&#8217;en\u00a0<strong>1080p \u00e0 100 images par seconde<\/strong>\u00a0avec un taux de rafraichissement de 100Hz. Afin d&#8217;obtenir une lecture vid\u00e9o fluide et nette avec des couleurs r\u00e9elles, deux formats de CODEC sont pris en charge : H.264 et H.265. Pour un enregistrement du retour vid\u00e9o avec l&#8217;OSD, il vous sera possible d&#8217;ins\u00e9rer une carte microSD allant jusqu&#8217;\u00e0 256Go. Si vous souhaitez partager votre vol en direct, le casque est fourni avec un c\u00e2ble OTG vous permettant de le relier \u00e0 un smartphone ou tablette avec l&#8217;application DJI Fly.<\/p>\n<p>Comme son grand fr\u00e8re, les DJI Goggles 2, les Goggles Integra reprennent le m\u00eame form factor avec le m\u00eame principe d&#8217;<strong>antennes pliables<\/strong>\u00a0(non amovibles). Pour une adaptation \u00e0 la plupart des personnes, il vous sera possible de\u00a0<strong>r\u00e9gler la plage de distance interpupillaire<\/strong>\u00a0(de 56 \u00e0 72mm), de plus,<strong>\u00a011 lentilles correctrices<\/strong>\u00a0sont fournies r\u00e9pondant ainsi \u00e0 la dioptrie de chacun (-8.0D \u00e0 +2.0D). La navigation dans le menu se r\u00e9alisera via le bouton 5 directions sur le dessus droit du casque. Afin d&#8217;adapter parfaitement le casque \u00e0 votre t\u00eate, une\u00a0<strong>molette<\/strong>\u00a0se trouve au niveau du compartiment batterie permettant ainsi de serrer ou desserrer le bandeau \u00e0 votre guise.<\/p>\n<p>Comptez une autonomie d&#8217;environ\u00a0<strong>2 heures<\/strong>\u00a0avec sa batterie Li-Ion 2S de 2450mAh int\u00e9gr\u00e9e dans le bandeau. Vous l&#8217;aurez compris,<strong>\u00a0aucun c\u00e2ble<\/strong>\u00a0ne sera visible et ne vous d\u00e9rangera, vous n&#8217;aurez qu&#8217;\u00e0 vous concentrer pleinement sur votre vol.<\/p>\n<p><em>Note : Compatible avec le drone DJI Avata, DJI FPV, DJI Mini 3 Pro, Gamme DJI Mavic 3, DJI Air 3, le DJI Air Unit, le Caddx Vista et le DJI O3 Air Unit.<\/em><\/p>\n<\/div>","protected":false},"featured_media":3667,"comment_status":"open","ping_status":"closed","template":"","meta":{"_eb_attr":"","ocean_post_layout":"","ocean_both_sidebars_style":"","ocean_both_sidebars_content_width":0,"ocean_both_sidebars_sidebars_width":0,"ocean_sidebar":"","ocean_second_sidebar":"","ocean_disable_margins":"enable","ocean_add_body_class":"","ocean_shortcode_before_top_bar":"","ocean_shortcode_after_top_bar":"","ocean_shortcode_before_header":"","ocean_shortcode_after_header":"","ocean_has_shortcode":"","ocean_shortcode_after_title":"","ocean_shortcode_before_footer_widgets":"","ocean_shortcode_after_footer_widgets":"","ocean_shortcode_before_footer_bottom":"","ocean_shortcode_after_footer_bottom":"","ocean_display_top_bar":"default","ocean_display_header":"default","ocean_header_style":"","ocean_center_header_left_menu":"","ocean_custom_header_template":"","ocean_custom_logo":0,"ocean_custom_retina_logo":0,"ocean_custom_logo_max_width":0,"ocean_custom_logo_tablet_max_width":0,"ocean_custom_logo_mobile_max_width":0,"ocean_custom_logo_max_height":0,"ocean_custom_logo_tablet_max_height":0,"ocean_custom_logo_mobile_max_height":0,"ocean_header_custom_menu":"","ocean_menu_typo_font_family":"","ocean_menu_typo_font_subset":"","ocean_menu_typo_font_size":0,"ocean_menu_typo_font_size_tablet":0,"ocean_menu_typo_font_size_mobile":0,"ocean_menu_typo_font_size_unit":"px","ocean_menu_typo_font_weight":"","ocean_menu_typo_font_weight_tablet":"","ocean_menu_typo_font_weight_mobile":"","ocean_menu_typo_transform":"","ocean_menu_typo_transform_tablet":"","ocean_menu_typo_transform_mobile":"","ocean_menu_typo_line_height":0,"ocean_menu_typo_line_height_tablet":0,"ocean_menu_typo_line_height_mobile":0,"ocean_menu_typo_line_height_unit":"","ocean_menu_typo_spacing":0,"ocean_menu_typo_spacing_tablet":0,"ocean_menu_typo_spacing_mobile":0,"ocean_menu_typo_spacing_unit":"","ocean_menu_link_color":"","ocean_menu_link_color_hover":"","ocean_menu_link_color_active":"","ocean_menu_link_background":"","ocean_menu_link_hover_background":"","ocean_menu_link_active_background":"","ocean_menu_social_links_bg":"","ocean_menu_social_hover_links_bg":"","ocean_menu_social_links_color":"","ocean_menu_social_hover_links_color":"","ocean_disable_title":"default","ocean_disable_heading":"default","ocean_post_title":"","ocean_post_subheading":"","ocean_post_title_style":"","ocean_post_title_background_color":"","ocean_post_title_background":0,"ocean_post_title_bg_image_position":"","ocean_post_title_bg_image_attachment":"","ocean_post_title_bg_image_repeat":"","ocean_post_title_bg_image_size":"","ocean_post_title_height":0,"ocean_post_title_bg_overlay":0.5,"ocean_post_title_bg_overlay_color":"","ocean_disable_breadcrumbs":"default","ocean_breadcrumbs_color":"","ocean_breadcrumbs_separator_color":"","ocean_breadcrumbs_links_color":"","ocean_breadcrumbs_links_hover_color":"","ocean_display_footer_widgets":"default","ocean_display_footer_bottom":"default","ocean_custom_footer_template":""},"product_brand":[],"product_cat":[20],"product_tag":[],"class_list":{"0":"post-3665","1":"product","2":"type-product","3":"status-publish","4":"has-post-thumbnail","6":"product_cat-uncategorized","8":"entry","9":"has-media","11":"first","12":"instock","13":"shipping-taxable","14":"purchasable","15":"product-type-simple","16":"has-product-nav","17":"col","18":"span_1_of_3","19":"owp-content-center","20":"owp-thumbs-layout-horizontal","21":"owp-btn-normal","22":"owp-tabs-layout-horizontal","24":"circle-sale"},"yoast_head":"<!-- This site is optimized with the Yoast SEO plugin v27.2 - https:\/\/yoast.com\/product\/yoast-seo-wordpress\/ -->\n<title>DJI Goggles Integra - Sparte Robotics<\/title>\n<meta name=\"description\" content=\"D\u00e9couvrez notre startup au Cameroun. Achetez les derniers mod\u00e8les de drones DJI Matrice 30Tavec livraison rapide et service client de qualit\u00e9.\" \/>\n<meta name=\"robots\" content=\"index, follow, max-snippet:-1, max-image-preview:large, max-video-preview:-1\" \/>\n<link rel=\"canonical\" href=\"https:\/\/sparterobotics.com\/fr\/produit\/dji-goggles-integra\/\" \/>\n<meta property=\"og:locale\" content=\"fr_FR\" \/>\n<meta property=\"og:type\" content=\"article\" \/>\n<meta property=\"og:title\" content=\"DJI Goggles Integra - Sparte Robotics\" \/>\n<meta property=\"og:description\" content=\"D\u00e9couvrez notre startup au Cameroun. Achetez les derniers mod\u00e8les de drones DJI Matrice 30Tavec livraison rapide et service client de qualit\u00e9.\" \/>\n<meta property=\"og:url\" content=\"https:\/\/sparterobotics.com\/fr\/produit\/dji-goggles-integra\/\" \/>\n<meta property=\"og:site_name\" content=\"Sparte Robotics\" \/>\n<meta property=\"article:publisher\" content=\"https:\/\/www.facebook.com\/SparteRobotics\/\" \/>\n<meta property=\"article:modified_time\" content=\"2023-10-16T09:11:33+00:00\" \/>\n<meta property=\"og:image\" content=\"https:\/\/sparterobotics.com\/wp-content\/uploads\/2023\/10\/ZZZZ-removebg-preview.png\" \/>\n\t<meta property=\"og:image:width\" content=\"500\" \/>\n\t<meta property=\"og:image:height\" content=\"500\" \/>\n\t<meta property=\"og:image:type\" content=\"image\/png\" \/>\n<meta name=\"twitter:card\" content=\"summary_large_image\" \/>\n<meta name=\"twitter:site\" content=\"@RoboticsSparte\" \/>\n<meta name=\"twitter:label1\" content=\"Dur\u00e9e de lecture estim\u00e9e\" \/>\n\t<meta name=\"twitter:data1\" content=\"1 minute\" \/>\n<script type=\"application\/ld+json\" class=\"yoast-schema-graph\">{\"@context\":\"https:\/\/schema.org\",\"@graph\":[{\"@type\":\"WebPage\",\"@id\":\"https:\/\/sparterobotics.com\/product\/dji-goggles-integra\/\",\"url\":\"https:\/\/sparterobotics.com\/product\/dji-goggles-integra\/\",\"name\":\"DJI Goggles Integra - Sparte Robotics\",\"isPartOf\":{\"@id\":\"https:\/\/sparterobotics.com\/fr\/#website\"},\"primaryImageOfPage\":{\"@id\":\"https:\/\/sparterobotics.com\/product\/dji-goggles-integra\/#primaryimage\"},\"image\":{\"@id\":\"https:\/\/sparterobotics.com\/product\/dji-goggles-integra\/#primaryimage\"},\"thumbnailUrl\":\"https:\/\/sparterobotics.com\/wp-content\/uploads\/2023\/10\/ZZZZ-removebg-preview.png\",\"datePublished\":\"2023-10-16T05:32:46+00:00\",\"dateModified\":\"2023-10-16T09:11:33+00:00\",\"description\":\"D\u00e9couvrez notre startup au Cameroun. Achetez les derniers mod\u00e8les de drones DJI Matrice 30Tavec livraison rapide et service client de qualit\u00e9.\",\"breadcrumb\":{\"@id\":\"https:\/\/sparterobotics.com\/product\/dji-goggles-integra\/#breadcrumb\"},\"inLanguage\":\"fr-FR\",\"potentialAction\":[{\"@type\":\"ReadAction\",\"target\":[\"https:\/\/sparterobotics.com\/product\/dji-goggles-integra\/\"]}]},{\"@type\":\"ImageObject\",\"inLanguage\":\"fr-FR\",\"@id\":\"https:\/\/sparterobotics.com\/product\/dji-goggles-integra\/#primaryimage\",\"url\":\"https:\/\/sparterobotics.com\/wp-content\/uploads\/2023\/10\/ZZZZ-removebg-preview.png\",\"contentUrl\":\"https:\/\/sparterobotics.com\/wp-content\/uploads\/2023\/10\/ZZZZ-removebg-preview.png\",\"width\":500,\"height\":500,\"caption\":\"DJI Goggles Integra Sparte robotics\"},{\"@type\":\"BreadcrumbList\",\"@id\":\"https:\/\/sparterobotics.com\/product\/dji-goggles-integra\/#breadcrumb\",\"itemListElement\":[{\"@type\":\"ListItem\",\"position\":1,\"name\":\"Home\",\"item\":\"https:\/\/sparterobotics.com\/\"},{\"@type\":\"ListItem\",\"position\":2,\"name\":\"Shop\",\"item\":\"https:\/\/sparterobotics.com\/shop-drone-mavic-phantom-dji-cameroun\/\"},{\"@type\":\"ListItem\",\"position\":3,\"name\":\"DJI Goggles Integra\"}]},{\"@type\":\"WebSite\",\"@id\":\"https:\/\/sparterobotics.com\/fr\/#website\",\"url\":\"https:\/\/sparterobotics.com\/fr\/\",\"name\":\"Sparte Robotics\",\"description\":\"robotique cameroun\",\"publisher\":{\"@id\":\"https:\/\/sparterobotics.com\/fr\/#organization\"},\"alternateName\":\"Sparte Robotics\",\"potentialAction\":[{\"@type\":\"SearchAction\",\"target\":{\"@type\":\"EntryPoint\",\"urlTemplate\":\"https:\/\/sparterobotics.com\/fr\/?s={search_term_string}\"},\"query-input\":{\"@type\":\"PropertyValueSpecification\",\"valueRequired\":true,\"valueName\":\"search_term_string\"}}],\"inLanguage\":\"fr-FR\"},{\"@type\":\"Organization\",\"@id\":\"https:\/\/sparterobotics.com\/fr\/#organization\",\"name\":\"Sparte Robotics\",\"url\":\"https:\/\/sparterobotics.com\/fr\/\",\"logo\":{\"@type\":\"ImageObject\",\"inLanguage\":\"fr-FR\",\"@id\":\"https:\/\/sparterobotics.com\/fr\/#\/schema\/logo\/image\/\",\"url\":\"https:\/\/sparterobotics.com\/wp-content\/uploads\/2023\/09\/cropped-OIP.jpeg\",\"contentUrl\":\"https:\/\/sparterobotics.com\/wp-content\/uploads\/2023\/09\/cropped-OIP.jpeg\",\"width\":474,\"height\":190,\"caption\":\"Sparte Robotics\"},\"image\":{\"@id\":\"https:\/\/sparterobotics.com\/fr\/#\/schema\/logo\/image\/\"},\"sameAs\":[\"https:\/\/www.facebook.com\/SparteRobotics\/\",\"https:\/\/x.com\/RoboticsSparte\",\"https:\/\/www.linkedin.com\/company\/sparte-robotics\"]}]}<\/script>\n<!-- \/ Yoast SEO plugin. -->","yoast_head_json":{"title":"DJI Goggles Integra - Sparte Robotics","description":"D\u00e9couvrez notre startup au Cameroun. Achetez les derniers mod\u00e8les de drones DJI Matrice 30Tavec livraison rapide et service client de qualit\u00e9.","robots":{"index":"index","follow":"follow","max-snippet":"max-snippet:-1","max-image-preview":"max-image-preview:large","max-video-preview":"max-video-preview:-1"},"canonical":"https:\/\/sparterobotics.com\/fr\/produit\/dji-goggles-integra\/","og_locale":"fr_FR","og_type":"article","og_title":"DJI Goggles Integra - Sparte Robotics","og_description":"D\u00e9couvrez notre startup au Cameroun. Achetez les derniers mod\u00e8les de drones DJI Matrice 30Tavec livraison rapide et service client de qualit\u00e9.","og_url":"https:\/\/sparterobotics.com\/fr\/produit\/dji-goggles-integra\/","og_site_name":"Sparte Robotics","article_publisher":"https:\/\/www.facebook.com\/SparteRobotics\/","article_modified_time":"2023-10-16T09:11:33+00:00","og_image":[{"width":500,"height":500,"url":"https:\/\/sparterobotics.com\/wp-content\/uploads\/2023\/10\/ZZZZ-removebg-preview.png","type":"image\/png"}],"twitter_card":"summary_large_image","twitter_site":"@RoboticsSparte","twitter_misc":{"Dur\u00e9e de lecture estim\u00e9e":"1 minute"},"schema":{"@context":"https:\/\/schema.org","@graph":[{"@type":"WebPage","@id":"https:\/\/sparterobotics.com\/product\/dji-goggles-integra\/","url":"https:\/\/sparterobotics.com\/product\/dji-goggles-integra\/","name":"DJI Goggles Integra - Sparte Robotics","isPartOf":{"@id":"https:\/\/sparterobotics.com\/fr\/#website"},"primaryImageOfPage":{"@id":"https:\/\/sparterobotics.com\/product\/dji-goggles-integra\/#primaryimage"},"image":{"@id":"https:\/\/sparterobotics.com\/product\/dji-goggles-integra\/#primaryimage"},"thumbnailUrl":"https:\/\/sparterobotics.com\/wp-content\/uploads\/2023\/10\/ZZZZ-removebg-preview.png","datePublished":"2023-10-16T05:32:46+00:00","dateModified":"2023-10-16T09:11:33+00:00","description":"D\u00e9couvrez notre startup au Cameroun. Achetez les derniers mod\u00e8les de drones DJI Matrice 30Tavec livraison rapide et service client de qualit\u00e9.","breadcrumb":{"@id":"https:\/\/sparterobotics.com\/product\/dji-goggles-integra\/#breadcrumb"},"inLanguage":"fr-FR","potentialAction":[{"@type":"ReadAction","target":["https:\/\/sparterobotics.com\/product\/dji-goggles-integra\/"]}]},{"@type":"ImageObject","inLanguage":"fr-FR","@id":"https:\/\/sparterobotics.com\/product\/dji-goggles-integra\/#primaryimage","url":"https:\/\/sparterobotics.com\/wp-content\/uploads\/2023\/10\/ZZZZ-removebg-preview.png","contentUrl":"https:\/\/sparterobotics.com\/wp-content\/uploads\/2023\/10\/ZZZZ-removebg-preview.png","width":500,"height":500,"caption":"DJI Goggles Integra Sparte robotics"},{"@type":"BreadcrumbList","@id":"https:\/\/sparterobotics.com\/product\/dji-goggles-integra\/#breadcrumb","itemListElement":[{"@type":"ListItem","position":1,"name":"Home","item":"https:\/\/sparterobotics.com\/"},{"@type":"ListItem","position":2,"name":"Shop","item":"https:\/\/sparterobotics.com\/shop-drone-mavic-phantom-dji-cameroun\/"},{"@type":"ListItem","position":3,"name":"DJI Goggles Integra"}]},{"@type":"WebSite","@id":"https:\/\/sparterobotics.com\/fr\/#website","url":"https:\/\/sparterobotics.com\/fr\/","name":"Sparte Robotics","description":"robotique cameroun","publisher":{"@id":"https:\/\/sparterobotics.com\/fr\/#organization"},"alternateName":"Sparte Robotics","potentialAction":[{"@type":"SearchAction","target":{"@type":"EntryPoint","urlTemplate":"https:\/\/sparterobotics.com\/fr\/?s={search_term_string}"},"query-input":{"@type":"PropertyValueSpecification","valueRequired":true,"valueName":"search_term_string"}}],"inLanguage":"fr-FR"},{"@type":"Organization","@id":"https:\/\/sparterobotics.com\/fr\/#organization","name":"Sparte Robotics","url":"https:\/\/sparterobotics.com\/fr\/","logo":{"@type":"ImageObject","inLanguage":"fr-FR","@id":"https:\/\/sparterobotics.com\/fr\/#\/schema\/logo\/image\/","url":"https:\/\/sparterobotics.com\/wp-content\/uploads\/2023\/09\/cropped-OIP.jpeg","contentUrl":"https:\/\/sparterobotics.com\/wp-content\/uploads\/2023\/09\/cropped-OIP.jpeg","width":474,"height":190,"caption":"Sparte Robotics"},"image":{"@id":"https:\/\/sparterobotics.com\/fr\/#\/schema\/logo\/image\/"},"sameAs":["https:\/\/www.facebook.com\/SparteRobotics\/","https:\/\/x.com\/RoboticsSparte","https:\/\/www.linkedin.com\/company\/sparte-robotics"]}]}},"_links":{"self":[{"href":"https:\/\/sparterobotics.com\/fr\/wp-json\/wp\/v2\/product\/3665","targetHints":{"allow":["GET"]}}],"collection":[{"href":"https:\/\/sparterobotics.com\/fr\/wp-json\/wp\/v2\/product"}],"about":[{"href":"https:\/\/sparterobotics.com\/fr\/wp-json\/wp\/v2\/types\/product"}],"replies":[{"embeddable":true,"href":"https:\/\/sparterobotics.com\/fr\/wp-json\/wp\/v2\/comments?post=3665"}],"wp:featuredmedia":[{"embeddable":true,"href":"https:\/\/sparterobotics.com\/fr\/wp-json\/wp\/v2\/media\/3667"}],"wp:attachment":[{"href":"https:\/\/sparterobotics.com\/fr\/wp-json\/wp\/v2\/media?parent=3665"}],"wp:term":[{"taxonomy":"product_brand","embeddable":true,"href":"https:\/\/sparterobotics.com\/fr\/wp-json\/wp\/v2\/product_brand?post=3665"},{"taxonomy":"product_cat","embeddable":true,"href":"https:\/\/sparterobotics.com\/fr\/wp-json\/wp\/v2\/product_cat?post=3665"},{"taxonomy":"product_tag","embeddable":true,"href":"https:\/\/sparterobotics.com\/fr\/wp-json\/wp\/v2\/product_tag?post=3665"}],"curies":[{"name":"wp","href":"https:\/\/api.w.org\/{rel}","templated":true}]}}