{"id":3586,"date":"2023-10-13T13:11:41","date_gmt":"2023-10-13T12:11:41","guid":{"rendered":"https:\/\/sparterobotics.com\/?post_type=product&#038;p=3586"},"modified":"2023-10-13T14:08:15","modified_gmt":"2023-10-13T13:08:15","slug":"support-tablette-baldur-2-combo-pour-radios-dji-rc-n1-lifthor","status":"publish","type":"product","link":"https:\/\/sparterobotics.com\/fr\/produit\/support-tablette-baldur-2-combo-pour-radios-dji-rc-n1-lifthor\/","title":{"rendered":"Support tablette Baldur 2 Combo pour radios DJI RC-N1 &#8211; LifThor"},"content":{"rendered":"<h2 class=\"cont-onglet-titre\">Caract\u00e9ristiques<\/h2>\n<div class=\"hide_info_annexe row small-collapse medium-uncollapse\">\n<div class=\"column\">\n<ul id=\"tableau_carac\">\n<li class=\"row\"><span class=\"column small-12 label_groupe shade2-c\">Caract\u00e9ristiques techniques<\/span><\/li>\n<li class=\"row\"><span class=\"column small-12 medium-5 large-4 label_carac highlight-c\">Nom<\/span><span class=\"column expand label_valeur\">LifThor Baldur 2 COMBO<\/span><\/li>\n<li class=\"row\"><span class=\"column small-12 medium-5 large-4 label_carac highlight-c\">Marque<\/span><span class=\"column expand label_valeur\">Thor&#8217;s Drone World<\/span><\/li>\n<li class=\"row\"><span class=\"column small-12 medium-5 large-4 label_carac highlight-c\">Compatibilit\u00e9<\/span><span class=\"column expand label_valeur\">Smartphones et tablettes jusqu&#8217;\u00e0 12,9&#8243; (iPad Pro)<\/span><\/li>\n<li class=\"row\"><span class=\"column small-12 medium-5 large-4 label_carac highlight-c\">Mat\u00e9riau(x)<\/span><span class=\"column expand label_valeur\">Aluminum<\/span><\/li>\n<li class=\"row\"><span class=\"column small-12 medium-5 large-4 label_carac highlight-c\">Fixation(s)<\/span><span class=\"column expand label_valeur\">DJI RC-N1 (DJI Air 2 \/ Air 2s \/ Mini 2, Mini 3 Pro &amp; Mavic 3)<\/span><\/li>\n<\/ul>\n<\/div>\n<\/div>","protected":false},"excerpt":{"rendered":"<div class=\"description_longue_2\">\n<p><span class=\"titre_description_longue_2\"><strong>POINTS FORTS :<\/strong><\/span><\/p>\n<div class=\"row small-collapse medium-uncollapse\">\n<div class=\"column\">\n<ul>\n<li>Installation rapide<\/li>\n<li>Kit complet<\/li>\n<li>Am\u00e9lioration de l&#8217;\u00e9quilibrage<\/li>\n<li>Compatible avec les iPad (12.9&#8243; max) et smartphone<\/li>\n<\/ul>\n<\/div>\n<\/div>\n<\/div>\n<div class=\"description_courte\">\n<p><strong>LifThor<\/strong>\u00a0vous propose un\u00a0<strong>kit complet<\/strong>\u00a0pour pouvoir monter un\u00a0<strong>moniteur<\/strong>\u00a0ou un\u00a0<strong>smartphone<\/strong>\u00a0sur votre radiocommande.<\/p>\n<p>Compatible avec la radiocommande DJI RC-N1 du<strong>\u00a0DJI Air 2<\/strong>,<strong>\u00a0DJI Air 2S<\/strong>,<strong>\u00a0DJI Mini 2, DJI Mini 3 Pro<\/strong>\u00a0et\u00a0<strong>DJI Mavic 3<\/strong>\u00a0!<\/p>\n<p>Facile \u00e0 monter, vous pourrez<strong>\u00a0\u00e9quiper votre radiocommande<\/strong>\u00a0sur le terrain en quelques instants.<\/p>\n<p>Que ce soit pour\u00a0<strong>monter un iPad<\/strong>\u00a0(jusqu&#8217;au\u00a0<strong>12.9&#8243;<\/strong>) ou votre\u00a0<strong>smartphone<\/strong>, ce\u00a0<strong>COMBO LifThor Baldur 2<\/strong>\u00a0sera id\u00e9al !<\/p>\n<p>Enfin un\u00a0<strong>pas de vis 1\/4&#8243;<\/strong>\u00a0vous permet de fixer la radio, le support ainsi que la tablette sur un tr\u00e9pied.<\/p>\n<\/div>","protected":false},"featured_media":3587,"comment_status":"open","ping_status":"closed","template":"","meta":{"_eb_attr":"","ocean_post_layout":"","ocean_both_sidebars_style":"","ocean_both_sidebars_content_width":0,"ocean_both_sidebars_sidebars_width":0,"ocean_sidebar":"","ocean_second_sidebar":"","ocean_disable_margins":"enable","ocean_add_body_class":"","ocean_shortcode_before_top_bar":"","ocean_shortcode_after_top_bar":"","ocean_shortcode_before_header":"","ocean_shortcode_after_header":"","ocean_has_shortcode":"","ocean_shortcode_after_title":"","ocean_shortcode_before_footer_widgets":"","ocean_shortcode_after_footer_widgets":"","ocean_shortcode_before_footer_bottom":"","ocean_shortcode_after_footer_bottom":"","ocean_display_top_bar":"default","ocean_display_header":"default","ocean_header_style":"","ocean_center_header_left_menu":"","ocean_custom_header_template":"","ocean_custom_logo":0,"ocean_custom_retina_logo":0,"ocean_custom_logo_max_width":0,"ocean_custom_logo_tablet_max_width":0,"ocean_custom_logo_mobile_max_width":0,"ocean_custom_logo_max_height":0,"ocean_custom_logo_tablet_max_height":0,"ocean_custom_logo_mobile_max_height":0,"ocean_header_custom_menu":"","ocean_menu_typo_font_family":"","ocean_menu_typo_font_subset":"","ocean_menu_typo_font_size":0,"ocean_menu_typo_font_size_tablet":0,"ocean_menu_typo_font_size_mobile":0,"ocean_menu_typo_font_size_unit":"px","ocean_menu_typo_font_weight":"","ocean_menu_typo_font_weight_tablet":"","ocean_menu_typo_font_weight_mobile":"","ocean_menu_typo_transform":"","ocean_menu_typo_transform_tablet":"","ocean_menu_typo_transform_mobile":"","ocean_menu_typo_line_height":0,"ocean_menu_typo_line_height_tablet":0,"ocean_menu_typo_line_height_mobile":0,"ocean_menu_typo_line_height_unit":"","ocean_menu_typo_spacing":0,"ocean_menu_typo_spacing_tablet":0,"ocean_menu_typo_spacing_mobile":0,"ocean_menu_typo_spacing_unit":"","ocean_menu_link_color":"","ocean_menu_link_color_hover":"","ocean_menu_link_color_active":"","ocean_menu_link_background":"","ocean_menu_link_hover_background":"","ocean_menu_link_active_background":"","ocean_menu_social_links_bg":"","ocean_menu_social_hover_links_bg":"","ocean_menu_social_links_color":"","ocean_menu_social_hover_links_color":"","ocean_disable_title":"default","ocean_disable_heading":"default","ocean_post_title":"","ocean_post_subheading":"","ocean_post_title_style":"","ocean_post_title_background_color":"","ocean_post_title_background":0,"ocean_post_title_bg_image_position":"","ocean_post_title_bg_image_attachment":"","ocean_post_title_bg_image_repeat":"","ocean_post_title_bg_image_size":"","ocean_post_title_height":0,"ocean_post_title_bg_overlay":0.5,"ocean_post_title_bg_overlay_color":"","ocean_disable_breadcrumbs":"default","ocean_breadcrumbs_color":"","ocean_breadcrumbs_separator_color":"","ocean_breadcrumbs_links_color":"","ocean_breadcrumbs_links_hover_color":"","ocean_display_footer_widgets":"default","ocean_display_footer_bottom":"default","ocean_custom_footer_template":""},"product_brand":[],"product_cat":[20],"product_tag":[],"class_list":{"0":"post-3586","1":"product","2":"type-product","3":"status-publish","4":"has-post-thumbnail","6":"product_cat-uncategorized","8":"entry","9":"has-media","11":"first","12":"instock","13":"shipping-taxable","14":"purchasable","15":"product-type-simple","16":"has-product-nav","17":"col","18":"span_1_of_3","19":"owp-content-center","20":"owp-thumbs-layout-horizontal","21":"owp-btn-normal","22":"owp-tabs-layout-horizontal","24":"circle-sale"},"yoast_head":"<!-- This site is optimized with the Yoast SEO plugin v27.2 - https:\/\/yoast.com\/product\/yoast-seo-wordpress\/ -->\n<title>Support tablette Baldur 2 Combo pour radios DJI RC-N1 - LifThor - Sparte Robotics<\/title>\n<meta name=\"description\" content=\"D\u00e9couvrez notre startup au Cameroun. Achetez les derniers mod\u00e8les de drones DJI Matrice 30Tavec livraison rapide et service client de qualit\u00e9.\" \/>\n<meta name=\"robots\" content=\"index, follow, max-snippet:-1, max-image-preview:large, max-video-preview:-1\" \/>\n<link rel=\"canonical\" href=\"https:\/\/sparterobotics.com\/fr\/produit\/support-tablette-baldur-2-combo-pour-radios-dji-rc-n1-lifthor\/\" \/>\n<meta property=\"og:locale\" content=\"fr_FR\" \/>\n<meta property=\"og:type\" content=\"article\" \/>\n<meta property=\"og:title\" content=\"Support tablette Baldur 2 Combo pour radios DJI RC-N1 - LifThor - Sparte Robotics\" \/>\n<meta property=\"og:description\" content=\"D\u00e9couvrez notre startup au Cameroun. Achetez les derniers mod\u00e8les de drones DJI Matrice 30Tavec livraison rapide et service client de qualit\u00e9.\" \/>\n<meta property=\"og:url\" content=\"https:\/\/sparterobotics.com\/fr\/produit\/support-tablette-baldur-2-combo-pour-radios-dji-rc-n1-lifthor\/\" \/>\n<meta property=\"og:site_name\" content=\"Sparte Robotics\" \/>\n<meta property=\"article:publisher\" content=\"https:\/\/www.facebook.com\/SparteRobotics\/\" \/>\n<meta property=\"article:modified_time\" content=\"2023-10-13T13:08:15+00:00\" \/>\n<meta property=\"og:image\" content=\"https:\/\/sparterobotics.com\/wp-content\/uploads\/2023\/10\/hcc-removebg-preview.png\" \/>\n\t<meta property=\"og:image:width\" content=\"577\" \/>\n\t<meta property=\"og:image:height\" content=\"433\" \/>\n\t<meta property=\"og:image:type\" content=\"image\/png\" \/>\n<meta name=\"twitter:card\" content=\"summary_large_image\" \/>\n<meta name=\"twitter:site\" content=\"@RoboticsSparte\" \/>\n<meta name=\"twitter:label1\" content=\"Dur\u00e9e de lecture estim\u00e9e\" \/>\n\t<meta name=\"twitter:data1\" content=\"1 minute\" \/>\n<script type=\"application\/ld+json\" class=\"yoast-schema-graph\">{\"@context\":\"https:\/\/schema.org\",\"@graph\":[{\"@type\":\"WebPage\",\"@id\":\"https:\/\/sparterobotics.com\/product\/support-tablette-baldur-2-combo-pour-radios-dji-rc-n1-lifthor\/\",\"url\":\"https:\/\/sparterobotics.com\/product\/support-tablette-baldur-2-combo-pour-radios-dji-rc-n1-lifthor\/\",\"name\":\"Support tablette Baldur 2 Combo pour radios DJI RC-N1 - LifThor - Sparte Robotics\",\"isPartOf\":{\"@id\":\"https:\/\/sparterobotics.com\/fr\/#website\"},\"primaryImageOfPage\":{\"@id\":\"https:\/\/sparterobotics.com\/product\/support-tablette-baldur-2-combo-pour-radios-dji-rc-n1-lifthor\/#primaryimage\"},\"image\":{\"@id\":\"https:\/\/sparterobotics.com\/product\/support-tablette-baldur-2-combo-pour-radios-dji-rc-n1-lifthor\/#primaryimage\"},\"thumbnailUrl\":\"https:\/\/sparterobotics.com\/wp-content\/uploads\/2023\/10\/hcc-removebg-preview.png\",\"datePublished\":\"2023-10-13T12:11:41+00:00\",\"dateModified\":\"2023-10-13T13:08:15+00:00\",\"description\":\"D\u00e9couvrez notre startup au Cameroun. Achetez les derniers mod\u00e8les de drones DJI Matrice 30Tavec livraison rapide et service client de qualit\u00e9.\",\"breadcrumb\":{\"@id\":\"https:\/\/sparterobotics.com\/product\/support-tablette-baldur-2-combo-pour-radios-dji-rc-n1-lifthor\/#breadcrumb\"},\"inLanguage\":\"fr-FR\",\"potentialAction\":[{\"@type\":\"ReadAction\",\"target\":[\"https:\/\/sparterobotics.com\/product\/support-tablette-baldur-2-combo-pour-radios-dji-rc-n1-lifthor\/\"]}]},{\"@type\":\"ImageObject\",\"inLanguage\":\"fr-FR\",\"@id\":\"https:\/\/sparterobotics.com\/product\/support-tablette-baldur-2-combo-pour-radios-dji-rc-n1-lifthor\/#primaryimage\",\"url\":\"https:\/\/sparterobotics.com\/wp-content\/uploads\/2023\/10\/hcc-removebg-preview.png\",\"contentUrl\":\"https:\/\/sparterobotics.com\/wp-content\/uploads\/2023\/10\/hcc-removebg-preview.png\",\"width\":577,\"height\":433,\"caption\":\"Support tablette Baldur 2 Combo pour radios DJI RC-N1 - LifThor Sparte robotics\"},{\"@type\":\"BreadcrumbList\",\"@id\":\"https:\/\/sparterobotics.com\/product\/support-tablette-baldur-2-combo-pour-radios-dji-rc-n1-lifthor\/#breadcrumb\",\"itemListElement\":[{\"@type\":\"ListItem\",\"position\":1,\"name\":\"Home\",\"item\":\"https:\/\/sparterobotics.com\/\"},{\"@type\":\"ListItem\",\"position\":2,\"name\":\"Shop\",\"item\":\"https:\/\/sparterobotics.com\/shop-drone-mavic-phantom-dji-cameroun\/\"},{\"@type\":\"ListItem\",\"position\":3,\"name\":\"Support tablette Baldur 2 Combo pour radios DJI RC-N1 &#8211; LifThor\"}]},{\"@type\":\"WebSite\",\"@id\":\"https:\/\/sparterobotics.com\/fr\/#website\",\"url\":\"https:\/\/sparterobotics.com\/fr\/\",\"name\":\"Sparte Robotics\",\"description\":\"robotique cameroun\",\"publisher\":{\"@id\":\"https:\/\/sparterobotics.com\/fr\/#organization\"},\"alternateName\":\"Sparte Robotics\",\"potentialAction\":[{\"@type\":\"SearchAction\",\"target\":{\"@type\":\"EntryPoint\",\"urlTemplate\":\"https:\/\/sparterobotics.com\/fr\/?s={search_term_string}\"},\"query-input\":{\"@type\":\"PropertyValueSpecification\",\"valueRequired\":true,\"valueName\":\"search_term_string\"}}],\"inLanguage\":\"fr-FR\"},{\"@type\":\"Organization\",\"@id\":\"https:\/\/sparterobotics.com\/fr\/#organization\",\"name\":\"Sparte Robotics\",\"url\":\"https:\/\/sparterobotics.com\/fr\/\",\"logo\":{\"@type\":\"ImageObject\",\"inLanguage\":\"fr-FR\",\"@id\":\"https:\/\/sparterobotics.com\/fr\/#\/schema\/logo\/image\/\",\"url\":\"https:\/\/sparterobotics.com\/wp-content\/uploads\/2023\/09\/cropped-OIP.jpeg\",\"contentUrl\":\"https:\/\/sparterobotics.com\/wp-content\/uploads\/2023\/09\/cropped-OIP.jpeg\",\"width\":474,\"height\":190,\"caption\":\"Sparte Robotics\"},\"image\":{\"@id\":\"https:\/\/sparterobotics.com\/fr\/#\/schema\/logo\/image\/\"},\"sameAs\":[\"https:\/\/www.facebook.com\/SparteRobotics\/\",\"https:\/\/x.com\/RoboticsSparte\",\"https:\/\/www.linkedin.com\/company\/sparte-robotics\"]}]}<\/script>\n<!-- \/ Yoast SEO plugin. -->","yoast_head_json":{"title":"Support tablette Baldur 2 Combo pour radios DJI RC-N1 - LifThor - Sparte Robotics","description":"D\u00e9couvrez notre startup au Cameroun. Achetez les derniers mod\u00e8les de drones DJI Matrice 30Tavec livraison rapide et service client de qualit\u00e9.","robots":{"index":"index","follow":"follow","max-snippet":"max-snippet:-1","max-image-preview":"max-image-preview:large","max-video-preview":"max-video-preview:-1"},"canonical":"https:\/\/sparterobotics.com\/fr\/produit\/support-tablette-baldur-2-combo-pour-radios-dji-rc-n1-lifthor\/","og_locale":"fr_FR","og_type":"article","og_title":"Support tablette Baldur 2 Combo pour radios DJI RC-N1 - LifThor - Sparte Robotics","og_description":"D\u00e9couvrez notre startup au Cameroun. Achetez les derniers mod\u00e8les de drones DJI Matrice 30Tavec livraison rapide et service client de qualit\u00e9.","og_url":"https:\/\/sparterobotics.com\/fr\/produit\/support-tablette-baldur-2-combo-pour-radios-dji-rc-n1-lifthor\/","og_site_name":"Sparte Robotics","article_publisher":"https:\/\/www.facebook.com\/SparteRobotics\/","article_modified_time":"2023-10-13T13:08:15+00:00","og_image":[{"width":577,"height":433,"url":"https:\/\/sparterobotics.com\/wp-content\/uploads\/2023\/10\/hcc-removebg-preview.png","type":"image\/png"}],"twitter_card":"summary_large_image","twitter_site":"@RoboticsSparte","twitter_misc":{"Dur\u00e9e de lecture estim\u00e9e":"1 minute"},"schema":{"@context":"https:\/\/schema.org","@graph":[{"@type":"WebPage","@id":"https:\/\/sparterobotics.com\/product\/support-tablette-baldur-2-combo-pour-radios-dji-rc-n1-lifthor\/","url":"https:\/\/sparterobotics.com\/product\/support-tablette-baldur-2-combo-pour-radios-dji-rc-n1-lifthor\/","name":"Support tablette Baldur 2 Combo pour radios DJI RC-N1 - LifThor - Sparte Robotics","isPartOf":{"@id":"https:\/\/sparterobotics.com\/fr\/#website"},"primaryImageOfPage":{"@id":"https:\/\/sparterobotics.com\/product\/support-tablette-baldur-2-combo-pour-radios-dji-rc-n1-lifthor\/#primaryimage"},"image":{"@id":"https:\/\/sparterobotics.com\/product\/support-tablette-baldur-2-combo-pour-radios-dji-rc-n1-lifthor\/#primaryimage"},"thumbnailUrl":"https:\/\/sparterobotics.com\/wp-content\/uploads\/2023\/10\/hcc-removebg-preview.png","datePublished":"2023-10-13T12:11:41+00:00","dateModified":"2023-10-13T13:08:15+00:00","description":"D\u00e9couvrez notre startup au Cameroun. Achetez les derniers mod\u00e8les de drones DJI Matrice 30Tavec livraison rapide et service client de qualit\u00e9.","breadcrumb":{"@id":"https:\/\/sparterobotics.com\/product\/support-tablette-baldur-2-combo-pour-radios-dji-rc-n1-lifthor\/#breadcrumb"},"inLanguage":"fr-FR","potentialAction":[{"@type":"ReadAction","target":["https:\/\/sparterobotics.com\/product\/support-tablette-baldur-2-combo-pour-radios-dji-rc-n1-lifthor\/"]}]},{"@type":"ImageObject","inLanguage":"fr-FR","@id":"https:\/\/sparterobotics.com\/product\/support-tablette-baldur-2-combo-pour-radios-dji-rc-n1-lifthor\/#primaryimage","url":"https:\/\/sparterobotics.com\/wp-content\/uploads\/2023\/10\/hcc-removebg-preview.png","contentUrl":"https:\/\/sparterobotics.com\/wp-content\/uploads\/2023\/10\/hcc-removebg-preview.png","width":577,"height":433,"caption":"Support tablette Baldur 2 Combo pour radios DJI RC-N1 - LifThor Sparte robotics"},{"@type":"BreadcrumbList","@id":"https:\/\/sparterobotics.com\/product\/support-tablette-baldur-2-combo-pour-radios-dji-rc-n1-lifthor\/#breadcrumb","itemListElement":[{"@type":"ListItem","position":1,"name":"Home","item":"https:\/\/sparterobotics.com\/"},{"@type":"ListItem","position":2,"name":"Shop","item":"https:\/\/sparterobotics.com\/shop-drone-mavic-phantom-dji-cameroun\/"},{"@type":"ListItem","position":3,"name":"Support tablette Baldur 2 Combo pour radios DJI RC-N1 &#8211; LifThor"}]},{"@type":"WebSite","@id":"https:\/\/sparterobotics.com\/fr\/#website","url":"https:\/\/sparterobotics.com\/fr\/","name":"Sparte Robotics","description":"robotique cameroun","publisher":{"@id":"https:\/\/sparterobotics.com\/fr\/#organization"},"alternateName":"Sparte Robotics","potentialAction":[{"@type":"SearchAction","target":{"@type":"EntryPoint","urlTemplate":"https:\/\/sparterobotics.com\/fr\/?s={search_term_string}"},"query-input":{"@type":"PropertyValueSpecification","valueRequired":true,"valueName":"search_term_string"}}],"inLanguage":"fr-FR"},{"@type":"Organization","@id":"https:\/\/sparterobotics.com\/fr\/#organization","name":"Sparte Robotics","url":"https:\/\/sparterobotics.com\/fr\/","logo":{"@type":"ImageObject","inLanguage":"fr-FR","@id":"https:\/\/sparterobotics.com\/fr\/#\/schema\/logo\/image\/","url":"https:\/\/sparterobotics.com\/wp-content\/uploads\/2023\/09\/cropped-OIP.jpeg","contentUrl":"https:\/\/sparterobotics.com\/wp-content\/uploads\/2023\/09\/cropped-OIP.jpeg","width":474,"height":190,"caption":"Sparte Robotics"},"image":{"@id":"https:\/\/sparterobotics.com\/fr\/#\/schema\/logo\/image\/"},"sameAs":["https:\/\/www.facebook.com\/SparteRobotics\/","https:\/\/x.com\/RoboticsSparte","https:\/\/www.linkedin.com\/company\/sparte-robotics"]}]}},"_links":{"self":[{"href":"https:\/\/sparterobotics.com\/fr\/wp-json\/wp\/v2\/product\/3586","targetHints":{"allow":["GET"]}}],"collection":[{"href":"https:\/\/sparterobotics.com\/fr\/wp-json\/wp\/v2\/product"}],"about":[{"href":"https:\/\/sparterobotics.com\/fr\/wp-json\/wp\/v2\/types\/product"}],"replies":[{"embeddable":true,"href":"https:\/\/sparterobotics.com\/fr\/wp-json\/wp\/v2\/comments?post=3586"}],"wp:featuredmedia":[{"embeddable":true,"href":"https:\/\/sparterobotics.com\/fr\/wp-json\/wp\/v2\/media\/3587"}],"wp:attachment":[{"href":"https:\/\/sparterobotics.com\/fr\/wp-json\/wp\/v2\/media?parent=3586"}],"wp:term":[{"taxonomy":"product_brand","embeddable":true,"href":"https:\/\/sparterobotics.com\/fr\/wp-json\/wp\/v2\/product_brand?post=3586"},{"taxonomy":"product_cat","embeddable":true,"href":"https:\/\/sparterobotics.com\/fr\/wp-json\/wp\/v2\/product_cat?post=3586"},{"taxonomy":"product_tag","embeddable":true,"href":"https:\/\/sparterobotics.com\/fr\/wp-json\/wp\/v2\/product_tag?post=3586"}],"curies":[{"name":"wp","href":"https:\/\/api.w.org\/{rel}","templated":true}]}}