{"id":3544,"date":"2023-10-13T10:20:15","date_gmt":"2023-10-13T09:20:15","guid":{"rendered":"https:\/\/sparterobotics.com\/?post_type=product&#038;p=3544"},"modified":"2023-10-13T10:41:09","modified_gmt":"2023-10-13T09:41:09","slug":"radiocommande-dji-rc-pro","status":"publish","type":"product","link":"https:\/\/sparterobotics.com\/fr\/produit\/radiocommande-dji-rc-pro\/","title":{"rendered":"Radiocommande DJI RC Pro"},"content":{"rendered":"<ul id=\"tableau_carac\">\n<li>\n<h2 class=\"cont-onglet-titre\">Caract\u00e9ristiques<\/h2>\n<\/li>\n<li class=\"row\"><span class=\"column small-12 medium-5 large-4 label_carac highlight-c\">Nom<\/span><span class=\"column expand label_valeur\">DJI RC Pro<\/span><\/li>\n<li class=\"row\"><span class=\"column small-12 medium-5 large-4 label_carac highlight-c\">R\u00e9f\u00e9rence<\/span><span class=\"column expand label_valeur\">RM510<\/span><\/li>\n<li class=\"row\"><span class=\"column small-12 medium-5 large-4 label_carac highlight-c\">Compatibilit\u00e9<\/span><span class=\"column expand label_valeur\">La gamme DJI Mavic 3 \/ DJI Air 2S \/ DJI Mini 3 Pro<\/span><\/li>\n<li class=\"row\"><span class=\"column small-12 medium-5 large-4 label_carac highlight-c\">Fr\u00e9quence(s)<\/span><span class=\"column expand label_valeur\">2.400-2.4835 GHz, 5.725-5.850 GHz<\/span><\/li>\n<li class=\"row\"><span class=\"column small-12 medium-5 large-4 label_carac highlight-c\">Dimensions<\/span><span class=\"column expand label_valeur\">183.27 x 137.41 x 47.6 mm<\/span><\/li>\n<li class=\"row\"><span class=\"column small-12 medium-5 large-4 label_carac highlight-c\">Poids<\/span><span class=\"column expand label_valeur\">680 grammes<\/span><\/li>\n<li class=\"row\"><span class=\"column small-12 medium-5 large-4 label_carac highlight-c\">Port\u00e9e radio<\/span><span class=\"column expand label_valeur\">Jusqu&#8217;\u00e0 8km (norme CE)<\/span><\/li>\n<li class=\"row\"><span class=\"column small-12 medium-5 large-4 label_carac highlight-c\">Transmission vid\u00e9o<\/span><span class=\"column expand label_valeur\">O3+ (OcuSync 3+)<\/span><\/li>\n<li class=\"row\"><span class=\"column small-12 medium-5 large-4 label_carac highlight-c\">Ecran int\u00e9gr\u00e9<\/span><span class=\"column expand label_valeur\">5,5 pouces<\/span><\/li>\n<li class=\"row\"><span class=\"column small-12 medium-5 large-4 label_carac highlight-c\">Temp\u00e9rature de fonctionnement<\/span><span class=\"column expand label_valeur\">De -10 \u00e0 +40\u00b0C<\/span><\/li>\n<li class=\"row\"><span class=\"column small-12 medium-5 large-4 label_carac highlight-c\">Batterie<\/span><span class=\"column expand label_valeur\">Li-Ion de 5000mAh int\u00e9gr\u00e9e (7.2V)<\/span><\/li>\n<li class=\"row\"><span class=\"column small-12 medium-5 large-4 label_carac highlight-c\">Temp\u00e9rature id\u00e9ale de rangement<\/span><span class=\"column expand label_valeur\">Stockage de moins d&#8217;un mois : -30 \u00e0 +60\u00b0C \/ jusqu&#8217;\u00e0 3 mois : -30 \u00e0 +45\u00b0C \/ 3 \u00e0 6 mois : -30 \u00e0 35\u00b0C \/ plus de 6 mois : -30 \u00e0 +25\u00b0C<\/span><\/li>\n<li class=\"row\"><span class=\"column small-12 medium-5 large-4 label_carac highlight-c\">Autonomie<\/span><span class=\"column expand label_valeur\">3 heures<\/span><\/li>\n<li class=\"row\"><span class=\"column small-12 medium-5 large-4 label_carac highlight-c\">Luminosit\u00e9 \u00e9cran<\/span><span class=\"column expand label_valeur\">1000 nits<\/span><\/li>\n<li class=\"row\"><span class=\"column small-12 medium-5 large-4 label_carac highlight-c\">R\u00e9solution \u00e9cran<\/span><span class=\"column expand label_valeur\">1920 x 1080 pixels \u00e0 60p<\/span><\/li>\n<li class=\"row\"><span class=\"column small-12 medium-5 large-4 label_carac highlight-c\">GPS<\/span><span class=\"column expand label_valeur\">GPS + Galileo + GLONASS<\/span><\/li>\n<li class=\"row\"><span class=\"column small-12 medium-5 large-4 label_carac highlight-c\">Temps de charge<\/span><span class=\"column expand label_valeur\">2 heures (avec un chargeur 12W), 1,5 heure (avec un chargeur 15V)<\/span><\/li>\n<li class=\"row\"><span class=\"column small-12 medium-5 large-4 label_carac highlight-c\">Puissance de l&#8217;\u00e9metteur (EIRP)<\/span><span class=\"column expand label_valeur\">2.4 GHz: =&lt;20 dBm (CE\/SRRC\/MIC) 5.8 GHz: =&lt;14 dBm (CE)<\/span><\/li>\n<li class=\"row\"><span class=\"column small-12 medium-5 large-4 label_carac highlight-c\">Temp\u00e9rature en charge<\/span><span class=\"column expand label_valeur\">De 5 \u00e0 40\u00b0C<\/span><\/li>\n<li class=\"row\"><span class=\"column small-12 medium-5 large-4 label_carac highlight-c\">Stockage<\/span><span class=\"column expand label_valeur\">32Go en interne + possibilit\u00e9 d&#8217;\u00e9tendre ce stockage en ins\u00e9rant une carte microSD<\/span><\/li>\n<li class=\"row\"><span class=\"column small-12 medium-5 large-4 label_carac highlight-c\">Antennes<\/span><span class=\"column expand label_valeur\">4 antennes 2T4R<\/span><\/li>\n<li class=\"row\"><span class=\"column small-12 medium-5 large-4 label_carac highlight-c\">Protocole WiFi<\/span><span class=\"column expand label_valeur\">802.11a\/b\/g\/n\/ac\/ax, Support 2\u00d72 MIMO Wi-Fi<\/span><\/li>\n<li class=\"row\"><span class=\"column small-12 medium-5 large-4 label_carac highlight-c\">Fr\u00e9quences WiFi<\/span><span class=\"column expand label_valeur\">2.400GHz-2.4835 GHz; 5.725-5.850 GHz<\/span><\/li>\n<li class=\"row\"><span class=\"column small-12 medium-5 large-4 label_carac highlight-c\">Puissance de l&#8217;\u00e9metteur WiFi (EIRP)<\/span><span class=\"column expand label_valeur\">2.4 GHz: =&lt; 20 dBm (CE\/SRRC\/MIC)5.8 GHz: =&lt;14 dBm (CE)<\/span><\/li>\n<li class=\"row\"><span class=\"column small-12 medium-5 large-4 label_carac highlight-c\">Protocole Bluetooth<\/span><span class=\"column expand label_valeur\">Bluetooth 5.1<\/span><\/li>\n<li class=\"row\"><span class=\"column small-12 medium-5 large-4 label_carac highlight-c\">Fr\u00e9quences Bluetooth<\/span><span class=\"column expand label_valeur\">2.400-2.4835 GHz<\/span><\/li>\n<li class=\"row\"><span class=\"column small-12 medium-5 large-4 label_carac highlight-c\">Puissance de l&#8217;\u00e9metteur Bluetooth (EIRP)<\/span><span class=\"column expand label_valeur\">=&lt;8 dbm<\/span><\/li>\n<li class=\"row\"><span class=\"column small-12 medium-5 large-4 label_carac highlight-c\">Connectiques<\/span><span class=\"column expand label_valeur\">mini HDMI, USB Type-C et port microSD<\/span><br \/>\n<h2><\/h2>\n<\/li>\n<\/ul>","protected":false},"excerpt":{"rendered":"<div class=\"description_longue_2\">\n<p><span class=\"titre_description_longue_2\"><strong>POINTS FORTS :<\/strong><\/span><\/p>\n<div class=\"row small-collapse medium-uncollapse\">\n<div class=\"column\">\n<ul>\n<li>Radiocommande professionnelle<\/li>\n<li>Compatible avec la gamme DJI Mavic 3, mais aussi le DJI Air 2S et le DJI Mini 3 Pro<\/li>\n<li>Grand \u00e9cran tactile de 5,5 pouces<\/li>\n<li>Haute luminosit\u00e9 : 1000 nits<\/li>\n<li>Transmission O3+ 8km<\/li>\n<li>Latence r\u00e9duite<\/li>\n<\/ul>\n<\/div>\n<\/div>\n<\/div>\n<div class=\"description_courte\">\n<p>La\u00a0<strong>radiocommande DJI RC Pro<\/strong>\u00a0est l&#8217;outil parfait pour optimiser le pilotage et la prise de vue avec les drones de s\u00e9rie DJI Mini 3 Pro et DJI Air 2S et la gamme DJI Mavic 3.<\/p>\n<p>DJI RC Pro se base sur la\u00a0<strong>transmission vid\u00e9o O3+<\/strong>\u00a0(pour OcuSync 3+) et permet une connexion fluide et stable avec le drone. Il en r\u00e9sulte un\u00a0<strong>retour vid\u00e9o 1080p jusqu&#8217;\u00e0 60 images par seconde<\/strong>, et ce, jusqu&#8217;\u00e0 8km de distance (norme CE). La latence est r\u00e9duite \u00e0\u00a0<strong>120 millisecondes<\/strong>\u00a0vous permettant d&#8217;avoir le contr\u00f4le quasi-instantan\u00e9 sur le pilotage du drone.<\/p>\n<p>La radiocommande DJI RC Pro est \u00e9quip\u00e9e d&#8217;un\u00a0<strong>\u00e9cran tactile de 5,5 pouces<\/strong>\u00a0ultra-lumineux qui totalise\u00a0<strong>1000 nits<\/strong>. Elle offre une\u00a0<strong>autonomie de 3 heures<\/strong>\u00a0et affiche des performances am\u00e9lior\u00e9es par rapport \u00e0 sa pr\u00e9d\u00e9cesseure la radiocommande DJI Smart Controller. Elle est\u00a0<strong>compatible avec la gamme DJI Mavic 3,<\/strong>\u00a0le\u00a0<strong>DJI Mini 3 Pro<\/strong>\u00a0et\u00a0<strong>DJI Air 2S<\/strong>.<\/p>\n<\/div>","protected":false},"featured_media":3545,"comment_status":"open","ping_status":"closed","template":"","meta":{"_eb_attr":"","ocean_post_layout":"","ocean_both_sidebars_style":"","ocean_both_sidebars_content_width":0,"ocean_both_sidebars_sidebars_width":0,"ocean_sidebar":"","ocean_second_sidebar":"","ocean_disable_margins":"enable","ocean_add_body_class":"","ocean_shortcode_before_top_bar":"","ocean_shortcode_after_top_bar":"","ocean_shortcode_before_header":"","ocean_shortcode_after_header":"","ocean_has_shortcode":"","ocean_shortcode_after_title":"","ocean_shortcode_before_footer_widgets":"","ocean_shortcode_after_footer_widgets":"","ocean_shortcode_before_footer_bottom":"","ocean_shortcode_after_footer_bottom":"","ocean_display_top_bar":"default","ocean_display_header":"default","ocean_header_style":"","ocean_center_header_left_menu":"","ocean_custom_header_template":"","ocean_custom_logo":0,"ocean_custom_retina_logo":0,"ocean_custom_logo_max_width":0,"ocean_custom_logo_tablet_max_width":0,"ocean_custom_logo_mobile_max_width":0,"ocean_custom_logo_max_height":0,"ocean_custom_logo_tablet_max_height":0,"ocean_custom_logo_mobile_max_height":0,"ocean_header_custom_menu":"","ocean_menu_typo_font_family":"","ocean_menu_typo_font_subset":"","ocean_menu_typo_font_size":0,"ocean_menu_typo_font_size_tablet":0,"ocean_menu_typo_font_size_mobile":0,"ocean_menu_typo_font_size_unit":"px","ocean_menu_typo_font_weight":"","ocean_menu_typo_font_weight_tablet":"","ocean_menu_typo_font_weight_mobile":"","ocean_menu_typo_transform":"","ocean_menu_typo_transform_tablet":"","ocean_menu_typo_transform_mobile":"","ocean_menu_typo_line_height":0,"ocean_menu_typo_line_height_tablet":0,"ocean_menu_typo_line_height_mobile":0,"ocean_menu_typo_line_height_unit":"","ocean_menu_typo_spacing":0,"ocean_menu_typo_spacing_tablet":0,"ocean_menu_typo_spacing_mobile":0,"ocean_menu_typo_spacing_unit":"","ocean_menu_link_color":"","ocean_menu_link_color_hover":"","ocean_menu_link_color_active":"","ocean_menu_link_background":"","ocean_menu_link_hover_background":"","ocean_menu_link_active_background":"","ocean_menu_social_links_bg":"","ocean_menu_social_hover_links_bg":"","ocean_menu_social_links_color":"","ocean_menu_social_hover_links_color":"","ocean_disable_title":"default","ocean_disable_heading":"default","ocean_post_title":"","ocean_post_subheading":"","ocean_post_title_style":"","ocean_post_title_background_color":"","ocean_post_title_background":0,"ocean_post_title_bg_image_position":"","ocean_post_title_bg_image_attachment":"","ocean_post_title_bg_image_repeat":"","ocean_post_title_bg_image_size":"","ocean_post_title_height":0,"ocean_post_title_bg_overlay":0.5,"ocean_post_title_bg_overlay_color":"","ocean_disable_breadcrumbs":"default","ocean_breadcrumbs_color":"","ocean_breadcrumbs_separator_color":"","ocean_breadcrumbs_links_color":"","ocean_breadcrumbs_links_hover_color":"","ocean_display_footer_widgets":"default","ocean_display_footer_bottom":"default","ocean_custom_footer_template":""},"product_brand":[],"product_cat":[20],"product_tag":[],"class_list":{"0":"post-3544","1":"product","2":"type-product","3":"status-publish","4":"has-post-thumbnail","6":"product_cat-uncategorized","8":"entry","9":"has-media","11":"first","12":"instock","13":"shipping-taxable","14":"purchasable","15":"product-type-simple","16":"has-product-nav","17":"col","18":"span_1_of_3","19":"owp-content-center","20":"owp-thumbs-layout-horizontal","21":"owp-btn-normal","22":"owp-tabs-layout-horizontal","24":"circle-sale"},"yoast_head":"<!-- This site is optimized with the Yoast SEO plugin v27.2 - https:\/\/yoast.com\/product\/yoast-seo-wordpress\/ -->\n<title>Radiocommande DJI RC Pro - Sparte Robotics<\/title>\n<meta name=\"description\" content=\"D\u00e9couvrez notre startup au Cameroun. Achetez les derniers mod\u00e8les de drones DJI Matrice 30Tavec livraison rapide et service client de qualit\u00e9.\" \/>\n<meta name=\"robots\" content=\"index, follow, max-snippet:-1, max-image-preview:large, max-video-preview:-1\" \/>\n<link rel=\"canonical\" href=\"https:\/\/sparterobotics.com\/fr\/produit\/radiocommande-dji-rc-pro\/\" \/>\n<meta property=\"og:locale\" content=\"fr_FR\" \/>\n<meta property=\"og:type\" content=\"article\" \/>\n<meta property=\"og:title\" content=\"Radiocommande DJI RC Pro - Sparte Robotics\" \/>\n<meta property=\"og:description\" content=\"D\u00e9couvrez notre startup au Cameroun. Achetez les derniers mod\u00e8les de drones DJI Matrice 30Tavec livraison rapide et service client de qualit\u00e9.\" \/>\n<meta property=\"og:url\" content=\"https:\/\/sparterobotics.com\/fr\/produit\/radiocommande-dji-rc-pro\/\" \/>\n<meta property=\"og:site_name\" content=\"Sparte Robotics\" \/>\n<meta property=\"article:publisher\" content=\"https:\/\/www.facebook.com\/SparteRobotics\/\" \/>\n<meta property=\"article:modified_time\" content=\"2023-10-13T09:41:09+00:00\" \/>\n<meta property=\"og:image\" content=\"https:\/\/sparterobotics.com\/wp-content\/uploads\/2023\/10\/acc-removebg-preview.png\" \/>\n\t<meta property=\"og:image:width\" content=\"500\" \/>\n\t<meta property=\"og:image:height\" content=\"500\" \/>\n\t<meta property=\"og:image:type\" content=\"image\/png\" \/>\n<meta name=\"twitter:card\" content=\"summary_large_image\" \/>\n<meta name=\"twitter:site\" content=\"@RoboticsSparte\" \/>\n<meta name=\"twitter:label1\" content=\"Dur\u00e9e de lecture estim\u00e9e\" \/>\n\t<meta name=\"twitter:data1\" content=\"1 minute\" \/>\n<script type=\"application\/ld+json\" class=\"yoast-schema-graph\">{\"@context\":\"https:\/\/schema.org\",\"@graph\":[{\"@type\":\"WebPage\",\"@id\":\"https:\/\/sparterobotics.com\/product\/radiocommande-dji-rc-pro\/\",\"url\":\"https:\/\/sparterobotics.com\/product\/radiocommande-dji-rc-pro\/\",\"name\":\"Radiocommande DJI RC Pro - Sparte Robotics\",\"isPartOf\":{\"@id\":\"https:\/\/sparterobotics.com\/fr\/#website\"},\"primaryImageOfPage\":{\"@id\":\"https:\/\/sparterobotics.com\/product\/radiocommande-dji-rc-pro\/#primaryimage\"},\"image\":{\"@id\":\"https:\/\/sparterobotics.com\/product\/radiocommande-dji-rc-pro\/#primaryimage\"},\"thumbnailUrl\":\"https:\/\/sparterobotics.com\/wp-content\/uploads\/2023\/10\/acc-removebg-preview.png\",\"datePublished\":\"2023-10-13T09:20:15+00:00\",\"dateModified\":\"2023-10-13T09:41:09+00:00\",\"description\":\"D\u00e9couvrez notre startup au Cameroun. Achetez les derniers mod\u00e8les de drones DJI Matrice 30Tavec livraison rapide et service client de qualit\u00e9.\",\"breadcrumb\":{\"@id\":\"https:\/\/sparterobotics.com\/product\/radiocommande-dji-rc-pro\/#breadcrumb\"},\"inLanguage\":\"fr-FR\",\"potentialAction\":[{\"@type\":\"ReadAction\",\"target\":[\"https:\/\/sparterobotics.com\/product\/radiocommande-dji-rc-pro\/\"]}]},{\"@type\":\"ImageObject\",\"inLanguage\":\"fr-FR\",\"@id\":\"https:\/\/sparterobotics.com\/product\/radiocommande-dji-rc-pro\/#primaryimage\",\"url\":\"https:\/\/sparterobotics.com\/wp-content\/uploads\/2023\/10\/acc-removebg-preview.png\",\"contentUrl\":\"https:\/\/sparterobotics.com\/wp-content\/uploads\/2023\/10\/acc-removebg-preview.png\",\"width\":500,\"height\":500,\"caption\":\"Radiocommande DJI RC Pro Sparte-robotice\"},{\"@type\":\"BreadcrumbList\",\"@id\":\"https:\/\/sparterobotics.com\/product\/radiocommande-dji-rc-pro\/#breadcrumb\",\"itemListElement\":[{\"@type\":\"ListItem\",\"position\":1,\"name\":\"Home\",\"item\":\"https:\/\/sparterobotics.com\/\"},{\"@type\":\"ListItem\",\"position\":2,\"name\":\"Shop\",\"item\":\"https:\/\/sparterobotics.com\/shop-drone-mavic-phantom-dji-cameroun\/\"},{\"@type\":\"ListItem\",\"position\":3,\"name\":\"Radiocommande DJI RC Pro\"}]},{\"@type\":\"WebSite\",\"@id\":\"https:\/\/sparterobotics.com\/fr\/#website\",\"url\":\"https:\/\/sparterobotics.com\/fr\/\",\"name\":\"Sparte Robotics\",\"description\":\"robotique cameroun\",\"publisher\":{\"@id\":\"https:\/\/sparterobotics.com\/fr\/#organization\"},\"alternateName\":\"Sparte Robotics\",\"potentialAction\":[{\"@type\":\"SearchAction\",\"target\":{\"@type\":\"EntryPoint\",\"urlTemplate\":\"https:\/\/sparterobotics.com\/fr\/?s={search_term_string}\"},\"query-input\":{\"@type\":\"PropertyValueSpecification\",\"valueRequired\":true,\"valueName\":\"search_term_string\"}}],\"inLanguage\":\"fr-FR\"},{\"@type\":\"Organization\",\"@id\":\"https:\/\/sparterobotics.com\/fr\/#organization\",\"name\":\"Sparte Robotics\",\"url\":\"https:\/\/sparterobotics.com\/fr\/\",\"logo\":{\"@type\":\"ImageObject\",\"inLanguage\":\"fr-FR\",\"@id\":\"https:\/\/sparterobotics.com\/fr\/#\/schema\/logo\/image\/\",\"url\":\"https:\/\/sparterobotics.com\/wp-content\/uploads\/2023\/09\/cropped-OIP.jpeg\",\"contentUrl\":\"https:\/\/sparterobotics.com\/wp-content\/uploads\/2023\/09\/cropped-OIP.jpeg\",\"width\":474,\"height\":190,\"caption\":\"Sparte Robotics\"},\"image\":{\"@id\":\"https:\/\/sparterobotics.com\/fr\/#\/schema\/logo\/image\/\"},\"sameAs\":[\"https:\/\/www.facebook.com\/SparteRobotics\/\",\"https:\/\/x.com\/RoboticsSparte\",\"https:\/\/www.linkedin.com\/company\/sparte-robotics\"]}]}<\/script>\n<!-- \/ Yoast SEO plugin. -->","yoast_head_json":{"title":"Radiocommande DJI RC Pro - Sparte Robotics","description":"D\u00e9couvrez notre startup au Cameroun. Achetez les derniers mod\u00e8les de drones DJI Matrice 30Tavec livraison rapide et service client de qualit\u00e9.","robots":{"index":"index","follow":"follow","max-snippet":"max-snippet:-1","max-image-preview":"max-image-preview:large","max-video-preview":"max-video-preview:-1"},"canonical":"https:\/\/sparterobotics.com\/fr\/produit\/radiocommande-dji-rc-pro\/","og_locale":"fr_FR","og_type":"article","og_title":"Radiocommande DJI RC Pro - Sparte Robotics","og_description":"D\u00e9couvrez notre startup au Cameroun. Achetez les derniers mod\u00e8les de drones DJI Matrice 30Tavec livraison rapide et service client de qualit\u00e9.","og_url":"https:\/\/sparterobotics.com\/fr\/produit\/radiocommande-dji-rc-pro\/","og_site_name":"Sparte Robotics","article_publisher":"https:\/\/www.facebook.com\/SparteRobotics\/","article_modified_time":"2023-10-13T09:41:09+00:00","og_image":[{"width":500,"height":500,"url":"https:\/\/sparterobotics.com\/wp-content\/uploads\/2023\/10\/acc-removebg-preview.png","type":"image\/png"}],"twitter_card":"summary_large_image","twitter_site":"@RoboticsSparte","twitter_misc":{"Dur\u00e9e de lecture estim\u00e9e":"1 minute"},"schema":{"@context":"https:\/\/schema.org","@graph":[{"@type":"WebPage","@id":"https:\/\/sparterobotics.com\/product\/radiocommande-dji-rc-pro\/","url":"https:\/\/sparterobotics.com\/product\/radiocommande-dji-rc-pro\/","name":"Radiocommande DJI RC Pro - Sparte Robotics","isPartOf":{"@id":"https:\/\/sparterobotics.com\/fr\/#website"},"primaryImageOfPage":{"@id":"https:\/\/sparterobotics.com\/product\/radiocommande-dji-rc-pro\/#primaryimage"},"image":{"@id":"https:\/\/sparterobotics.com\/product\/radiocommande-dji-rc-pro\/#primaryimage"},"thumbnailUrl":"https:\/\/sparterobotics.com\/wp-content\/uploads\/2023\/10\/acc-removebg-preview.png","datePublished":"2023-10-13T09:20:15+00:00","dateModified":"2023-10-13T09:41:09+00:00","description":"D\u00e9couvrez notre startup au Cameroun. Achetez les derniers mod\u00e8les de drones DJI Matrice 30Tavec livraison rapide et service client de qualit\u00e9.","breadcrumb":{"@id":"https:\/\/sparterobotics.com\/product\/radiocommande-dji-rc-pro\/#breadcrumb"},"inLanguage":"fr-FR","potentialAction":[{"@type":"ReadAction","target":["https:\/\/sparterobotics.com\/product\/radiocommande-dji-rc-pro\/"]}]},{"@type":"ImageObject","inLanguage":"fr-FR","@id":"https:\/\/sparterobotics.com\/product\/radiocommande-dji-rc-pro\/#primaryimage","url":"https:\/\/sparterobotics.com\/wp-content\/uploads\/2023\/10\/acc-removebg-preview.png","contentUrl":"https:\/\/sparterobotics.com\/wp-content\/uploads\/2023\/10\/acc-removebg-preview.png","width":500,"height":500,"caption":"Radiocommande DJI RC Pro Sparte-robotice"},{"@type":"BreadcrumbList","@id":"https:\/\/sparterobotics.com\/product\/radiocommande-dji-rc-pro\/#breadcrumb","itemListElement":[{"@type":"ListItem","position":1,"name":"Home","item":"https:\/\/sparterobotics.com\/"},{"@type":"ListItem","position":2,"name":"Shop","item":"https:\/\/sparterobotics.com\/shop-drone-mavic-phantom-dji-cameroun\/"},{"@type":"ListItem","position":3,"name":"Radiocommande DJI RC Pro"}]},{"@type":"WebSite","@id":"https:\/\/sparterobotics.com\/fr\/#website","url":"https:\/\/sparterobotics.com\/fr\/","name":"Sparte Robotics","description":"robotique cameroun","publisher":{"@id":"https:\/\/sparterobotics.com\/fr\/#organization"},"alternateName":"Sparte Robotics","potentialAction":[{"@type":"SearchAction","target":{"@type":"EntryPoint","urlTemplate":"https:\/\/sparterobotics.com\/fr\/?s={search_term_string}"},"query-input":{"@type":"PropertyValueSpecification","valueRequired":true,"valueName":"search_term_string"}}],"inLanguage":"fr-FR"},{"@type":"Organization","@id":"https:\/\/sparterobotics.com\/fr\/#organization","name":"Sparte Robotics","url":"https:\/\/sparterobotics.com\/fr\/","logo":{"@type":"ImageObject","inLanguage":"fr-FR","@id":"https:\/\/sparterobotics.com\/fr\/#\/schema\/logo\/image\/","url":"https:\/\/sparterobotics.com\/wp-content\/uploads\/2023\/09\/cropped-OIP.jpeg","contentUrl":"https:\/\/sparterobotics.com\/wp-content\/uploads\/2023\/09\/cropped-OIP.jpeg","width":474,"height":190,"caption":"Sparte Robotics"},"image":{"@id":"https:\/\/sparterobotics.com\/fr\/#\/schema\/logo\/image\/"},"sameAs":["https:\/\/www.facebook.com\/SparteRobotics\/","https:\/\/x.com\/RoboticsSparte","https:\/\/www.linkedin.com\/company\/sparte-robotics"]}]}},"_links":{"self":[{"href":"https:\/\/sparterobotics.com\/fr\/wp-json\/wp\/v2\/product\/3544","targetHints":{"allow":["GET"]}}],"collection":[{"href":"https:\/\/sparterobotics.com\/fr\/wp-json\/wp\/v2\/product"}],"about":[{"href":"https:\/\/sparterobotics.com\/fr\/wp-json\/wp\/v2\/types\/product"}],"replies":[{"embeddable":true,"href":"https:\/\/sparterobotics.com\/fr\/wp-json\/wp\/v2\/comments?post=3544"}],"wp:featuredmedia":[{"embeddable":true,"href":"https:\/\/sparterobotics.com\/fr\/wp-json\/wp\/v2\/media\/3545"}],"wp:attachment":[{"href":"https:\/\/sparterobotics.com\/fr\/wp-json\/wp\/v2\/media?parent=3544"}],"wp:term":[{"taxonomy":"product_brand","embeddable":true,"href":"https:\/\/sparterobotics.com\/fr\/wp-json\/wp\/v2\/product_brand?post=3544"},{"taxonomy":"product_cat","embeddable":true,"href":"https:\/\/sparterobotics.com\/fr\/wp-json\/wp\/v2\/product_cat?post=3544"},{"taxonomy":"product_tag","embeddable":true,"href":"https:\/\/sparterobotics.com\/fr\/wp-json\/wp\/v2\/product_tag?post=3544"}],"curies":[{"name":"wp","href":"https:\/\/api.w.org\/{rel}","templated":true}]}}