{"id":3503,"date":"2023-10-09T15:54:37","date_gmt":"2023-10-09T14:54:37","guid":{"rendered":"https:\/\/sparterobotics.com\/?post_type=product&#038;p=3503"},"modified":"2023-10-09T16:17:17","modified_gmt":"2023-10-09T15:17:17","slug":"batterie-dji-mavic-mini-compatible-dji-mini-2","status":"publish","type":"product","link":"https:\/\/sparterobotics.com\/fr\/produit\/batterie-dji-mavic-mini-compatible-dji-mini-2\/","title":{"rendered":"Batterie DJI Mavic Mini (compatible DJI Mini 2)"},"content":{"rendered":"<p><span class=\"titre_description_longue_2\"><strong>POINTS FORTS :<\/strong><\/span><\/p>\n<div class=\"row small-collapse medium-uncollapse\">\n<div class=\"column\">\n<ul>\n<li>Compatible DJI Mavic Mini<\/li>\n<li>30 minutes de vol<\/li>\n<li>Batterie intelligente<\/li>\n<li>Compatible DJI Mini 2<\/li>\n<\/ul>\n<\/div>\n<\/div>\n<p>Remplacez la batterie ou \u00e9quipez vous simplement de batteries suppl\u00e9mentaires pour votre\u00a0<strong>DJI Mavic Mini<\/strong>.<\/p>\n<p>Cette batterie dispose d&#8217;une\u00a0<strong>capacit\u00e9 de 2400 mAh<\/strong>\u00a0permettant ainsi une autonomie de\u00a0<strong>30 minutes en vol<\/strong>. Multipliez les batteries et volez plus longtemps !<\/p>\n<p>Cette\u00a0<strong>batterie intelligente<\/strong>\u00a0est s\u00e9curis\u00e9e pour une tension optimale et une s\u00e9curit\u00e9 en tout temps. Elle communique en permanence avec le drone lorsqu&#8217;elle est ins\u00e9r\u00e9e pour obtenir les d\u00e9tails pr\u00e9cis la concernant.<\/p>\n<p>Cette batterie est<strong>\u00a0con\u00e7ue pour le DJI Mavic Mini<\/strong>\u00a0mais est\u00a0<strong>compatible avec le DJI Mini 2<\/strong>\u00a0(voir ci-dessous).<\/p>","protected":false},"excerpt":{"rendered":"<h3>caracteristique<\/h3>\n<ul id=\"tableau_carac\">\n<li class=\"row\"><span class=\"column small-12 medium-5 large-4 label_carac highlight-c\">Type:<\/span><span class=\"column expand label_valeur\">Batterie intelligente LiPo<\/span><\/li>\n<li class=\"row\"><span class=\"column small-12 medium-5 large-4 label_carac highlight-c\">Marque:<\/span><span class=\"column expand label_valeur\">DJI<\/span><\/li>\n<li class=\"row\"><span class=\"column small-12 medium-5 large-4 label_carac highlight-c\">Tension:<\/span><span class=\"column expand label_valeur\">7.2 V<\/span><\/li>\n<li class=\"row\"><span class=\"column small-12 medium-5 large-4 label_carac highlight-c\">Capacit\u00e9:<\/span><span class=\"column expand label_valeur\">2400 mAh<\/span><\/li>\n<li class=\"row\"><span class=\"column small-12 medium-5 large-4 label_carac highlight-c\">\u00c9nergie:<\/span><span class=\"column expand label_valeur\">17.28 Wh<\/span><\/li>\n<li class=\"row\"><span class=\"column small-12 medium-5 large-4 label_carac highlight-c\">Poids:<\/span><span class=\"column expand label_valeur\">100 g<\/span><\/li>\n<li class=\"row\"><span class=\"column small-12 medium-5 large-4 label_carac highlight-c\">Compatibilit\u00e9:<\/span><span class=\"column expand label_valeur\">DJI Mavic Mini et DJI Mini 2<\/span><\/li>\n<li class=\"row\"><span class=\"column small-12 medium-5 large-4 label_carac highlight-c\">Temp\u00e9rature de fonctionnement:<\/span><span class=\"column expand label_valeur\">5 \u00e0 40\u00b0C<\/span><\/li>\n<\/ul>\n<p><strong>contenue du produits<\/strong><\/p>\n<p>1 x Batterie intelligente pour DJI Mavic Mini<\/p>\n<p>Garantie : 12 mois<\/p>\n<h3>description<\/h3>\n<h3 class=\"titre-h2\">Con\u00e7ue pour le DJI Mavic Mini et compatible DJI Mini 2 ?<\/h3>\n<p>En effet, la batterie intelligente du DJI Mavic Mini est compatible avec le drone DJI Mini 2. Toutefois, cela entra\u00eenera une diminution du temps de vol de votre DJI Mini 2, la capacit\u00e9 \u00e9tant moindre. De plus, la batterie du DJI Mavic Mini \u00e9tant plus lourde que celle du DJI Mini 2, vous passerez au-dessus des 250 grammes avec votre DJI Mini 2, veuillez donc consulter les r\u00e8gles en vigueur dans l&#8217;endroit o\u00f9 vous volez.<\/p>","protected":false},"featured_media":3504,"comment_status":"open","ping_status":"closed","template":"","meta":{"_eb_attr":"","ocean_post_layout":"","ocean_both_sidebars_style":"","ocean_both_sidebars_content_width":0,"ocean_both_sidebars_sidebars_width":0,"ocean_sidebar":"","ocean_second_sidebar":"","ocean_disable_margins":"enable","ocean_add_body_class":"","ocean_shortcode_before_top_bar":"","ocean_shortcode_after_top_bar":"","ocean_shortcode_before_header":"","ocean_shortcode_after_header":"","ocean_has_shortcode":"","ocean_shortcode_after_title":"","ocean_shortcode_before_footer_widgets":"","ocean_shortcode_after_footer_widgets":"","ocean_shortcode_before_footer_bottom":"","ocean_shortcode_after_footer_bottom":"","ocean_display_top_bar":"default","ocean_display_header":"default","ocean_header_style":"","ocean_center_header_left_menu":"","ocean_custom_header_template":"","ocean_custom_logo":0,"ocean_custom_retina_logo":0,"ocean_custom_logo_max_width":0,"ocean_custom_logo_tablet_max_width":0,"ocean_custom_logo_mobile_max_width":0,"ocean_custom_logo_max_height":0,"ocean_custom_logo_tablet_max_height":0,"ocean_custom_logo_mobile_max_height":0,"ocean_header_custom_menu":"","ocean_menu_typo_font_family":"","ocean_menu_typo_font_subset":"","ocean_menu_typo_font_size":0,"ocean_menu_typo_font_size_tablet":0,"ocean_menu_typo_font_size_mobile":0,"ocean_menu_typo_font_size_unit":"px","ocean_menu_typo_font_weight":"","ocean_menu_typo_font_weight_tablet":"","ocean_menu_typo_font_weight_mobile":"","ocean_menu_typo_transform":"","ocean_menu_typo_transform_tablet":"","ocean_menu_typo_transform_mobile":"","ocean_menu_typo_line_height":0,"ocean_menu_typo_line_height_tablet":0,"ocean_menu_typo_line_height_mobile":0,"ocean_menu_typo_line_height_unit":"","ocean_menu_typo_spacing":0,"ocean_menu_typo_spacing_tablet":0,"ocean_menu_typo_spacing_mobile":0,"ocean_menu_typo_spacing_unit":"","ocean_menu_link_color":"","ocean_menu_link_color_hover":"","ocean_menu_link_color_active":"","ocean_menu_link_background":"","ocean_menu_link_hover_background":"","ocean_menu_link_active_background":"","ocean_menu_social_links_bg":"","ocean_menu_social_hover_links_bg":"","ocean_menu_social_links_color":"","ocean_menu_social_hover_links_color":"","ocean_disable_title":"default","ocean_disable_heading":"default","ocean_post_title":"","ocean_post_subheading":"","ocean_post_title_style":"","ocean_post_title_background_color":"","ocean_post_title_background":0,"ocean_post_title_bg_image_position":"","ocean_post_title_bg_image_attachment":"","ocean_post_title_bg_image_repeat":"","ocean_post_title_bg_image_size":"","ocean_post_title_height":0,"ocean_post_title_bg_overlay":0.5,"ocean_post_title_bg_overlay_color":"","ocean_disable_breadcrumbs":"default","ocean_breadcrumbs_color":"","ocean_breadcrumbs_separator_color":"","ocean_breadcrumbs_links_color":"","ocean_breadcrumbs_links_hover_color":"","ocean_display_footer_widgets":"default","ocean_display_footer_bottom":"default","ocean_custom_footer_template":""},"product_brand":[],"product_cat":[20],"product_tag":[],"class_list":{"0":"post-3503","1":"product","2":"type-product","3":"status-publish","4":"has-post-thumbnail","6":"product_cat-uncategorized","8":"entry","9":"has-media","11":"first","12":"instock","13":"shipping-taxable","14":"purchasable","15":"product-type-simple","16":"has-product-nav","17":"col","18":"span_1_of_3","19":"owp-content-center","20":"owp-thumbs-layout-horizontal","21":"owp-btn-normal","22":"owp-tabs-layout-horizontal","24":"circle-sale"},"yoast_head":"<!-- This site is optimized with the Yoast SEO plugin v27.2 - https:\/\/yoast.com\/product\/yoast-seo-wordpress\/ -->\n<title>Batterie DJI Mavic Mini (compatible DJI Mini 2) - Sparte Robotics<\/title>\n<meta name=\"description\" content=\"Achetez les meilleurs batteries neuves ou d&#039;occasions pour drones DJI mavic au Cameroun. Livraison rapide, service client de qualit\u00e9 et expertise en drones\" \/>\n<meta name=\"robots\" content=\"index, follow, max-snippet:-1, max-image-preview:large, max-video-preview:-1\" \/>\n<link rel=\"canonical\" href=\"https:\/\/sparterobotics.com\/fr\/produit\/batterie-dji-mavic-mini-compatible-dji-mini-2\/\" \/>\n<meta property=\"og:locale\" content=\"fr_FR\" \/>\n<meta property=\"og:type\" content=\"article\" \/>\n<meta property=\"og:title\" content=\"Batterie DJI Mavic Mini (compatible DJI Mini 2) - Sparte Robotics\" \/>\n<meta property=\"og:description\" content=\"Achetez les meilleurs batteries neuves ou d&#039;occasions pour drones DJI mavic au Cameroun. Livraison rapide, service client de qualit\u00e9 et expertise en drones\" \/>\n<meta property=\"og:url\" content=\"https:\/\/sparterobotics.com\/fr\/produit\/batterie-dji-mavic-mini-compatible-dji-mini-2\/\" \/>\n<meta property=\"og:site_name\" content=\"Sparte Robotics\" \/>\n<meta property=\"article:publisher\" content=\"https:\/\/www.facebook.com\/SparteRobotics\/\" \/>\n<meta property=\"article:modified_time\" content=\"2023-10-09T15:17:17+00:00\" \/>\n<meta property=\"og:image\" content=\"https:\/\/sparterobotics.com\/wp-content\/uploads\/2023\/10\/batterie-intelligente-pour-dji-mavic-mini-p-image-214164-grande-removebg-preview.png\" \/>\n\t<meta property=\"og:image:width\" content=\"607\" \/>\n\t<meta property=\"og:image:height\" content=\"411\" \/>\n\t<meta property=\"og:image:type\" content=\"image\/png\" \/>\n<meta name=\"twitter:card\" content=\"summary_large_image\" \/>\n<meta name=\"twitter:site\" content=\"@RoboticsSparte\" \/>\n<meta name=\"twitter:label1\" content=\"Dur\u00e9e de lecture estim\u00e9e\" \/>\n\t<meta name=\"twitter:data1\" content=\"1 minute\" \/>\n<script type=\"application\/ld+json\" class=\"yoast-schema-graph\">{\"@context\":\"https:\/\/schema.org\",\"@graph\":[{\"@type\":\"WebPage\",\"@id\":\"https:\/\/sparterobotics.com\/product\/batterie-dji-mavic-mini-compatible-dji-mini-2\/\",\"url\":\"https:\/\/sparterobotics.com\/product\/batterie-dji-mavic-mini-compatible-dji-mini-2\/\",\"name\":\"Batterie DJI Mavic Mini (compatible DJI Mini 2) - Sparte Robotics\",\"isPartOf\":{\"@id\":\"https:\/\/sparterobotics.com\/fr\/#website\"},\"primaryImageOfPage\":{\"@id\":\"https:\/\/sparterobotics.com\/product\/batterie-dji-mavic-mini-compatible-dji-mini-2\/#primaryimage\"},\"image\":{\"@id\":\"https:\/\/sparterobotics.com\/product\/batterie-dji-mavic-mini-compatible-dji-mini-2\/#primaryimage\"},\"thumbnailUrl\":\"https:\/\/sparterobotics.com\/wp-content\/uploads\/2023\/10\/batterie-intelligente-pour-dji-mavic-mini-p-image-214164-grande-removebg-preview.png\",\"datePublished\":\"2023-10-09T14:54:37+00:00\",\"dateModified\":\"2023-10-09T15:17:17+00:00\",\"description\":\"Achetez les meilleurs batteries neuves ou d'occasions pour drones DJI mavic au Cameroun. Livraison rapide, service client de qualit\u00e9 et expertise en drones\",\"breadcrumb\":{\"@id\":\"https:\/\/sparterobotics.com\/product\/batterie-dji-mavic-mini-compatible-dji-mini-2\/#breadcrumb\"},\"inLanguage\":\"fr-FR\",\"potentialAction\":[{\"@type\":\"ReadAction\",\"target\":[\"https:\/\/sparterobotics.com\/product\/batterie-dji-mavic-mini-compatible-dji-mini-2\/\"]}]},{\"@type\":\"ImageObject\",\"inLanguage\":\"fr-FR\",\"@id\":\"https:\/\/sparterobotics.com\/product\/batterie-dji-mavic-mini-compatible-dji-mini-2\/#primaryimage\",\"url\":\"https:\/\/sparterobotics.com\/wp-content\/uploads\/2023\/10\/batterie-intelligente-pour-dji-mavic-mini-p-image-214164-grande-removebg-preview.png\",\"contentUrl\":\"https:\/\/sparterobotics.com\/wp-content\/uploads\/2023\/10\/batterie-intelligente-pour-dji-mavic-mini-p-image-214164-grande-removebg-preview.png\",\"width\":607,\"height\":411},{\"@type\":\"BreadcrumbList\",\"@id\":\"https:\/\/sparterobotics.com\/product\/batterie-dji-mavic-mini-compatible-dji-mini-2\/#breadcrumb\",\"itemListElement\":[{\"@type\":\"ListItem\",\"position\":1,\"name\":\"Home\",\"item\":\"https:\/\/sparterobotics.com\/\"},{\"@type\":\"ListItem\",\"position\":2,\"name\":\"Shop\",\"item\":\"https:\/\/sparterobotics.com\/shop-drone-mavic-phantom-dji-cameroun\/\"},{\"@type\":\"ListItem\",\"position\":3,\"name\":\"Batterie DJI Mavic Mini (compatible DJI Mini 2)\"}]},{\"@type\":\"WebSite\",\"@id\":\"https:\/\/sparterobotics.com\/fr\/#website\",\"url\":\"https:\/\/sparterobotics.com\/fr\/\",\"name\":\"Sparte Robotics\",\"description\":\"robotique cameroun\",\"publisher\":{\"@id\":\"https:\/\/sparterobotics.com\/fr\/#organization\"},\"alternateName\":\"Sparte Robotics\",\"potentialAction\":[{\"@type\":\"SearchAction\",\"target\":{\"@type\":\"EntryPoint\",\"urlTemplate\":\"https:\/\/sparterobotics.com\/fr\/?s={search_term_string}\"},\"query-input\":{\"@type\":\"PropertyValueSpecification\",\"valueRequired\":true,\"valueName\":\"search_term_string\"}}],\"inLanguage\":\"fr-FR\"},{\"@type\":\"Organization\",\"@id\":\"https:\/\/sparterobotics.com\/fr\/#organization\",\"name\":\"Sparte Robotics\",\"url\":\"https:\/\/sparterobotics.com\/fr\/\",\"logo\":{\"@type\":\"ImageObject\",\"inLanguage\":\"fr-FR\",\"@id\":\"https:\/\/sparterobotics.com\/fr\/#\/schema\/logo\/image\/\",\"url\":\"https:\/\/sparterobotics.com\/wp-content\/uploads\/2023\/09\/cropped-OIP.jpeg\",\"contentUrl\":\"https:\/\/sparterobotics.com\/wp-content\/uploads\/2023\/09\/cropped-OIP.jpeg\",\"width\":474,\"height\":190,\"caption\":\"Sparte Robotics\"},\"image\":{\"@id\":\"https:\/\/sparterobotics.com\/fr\/#\/schema\/logo\/image\/\"},\"sameAs\":[\"https:\/\/www.facebook.com\/SparteRobotics\/\",\"https:\/\/x.com\/RoboticsSparte\",\"https:\/\/www.linkedin.com\/company\/sparte-robotics\"]}]}<\/script>\n<!-- \/ Yoast SEO plugin. -->","yoast_head_json":{"title":"Batterie DJI Mavic Mini (compatible DJI Mini 2) - Sparte Robotics","description":"Achetez les meilleurs batteries neuves ou d'occasions pour drones DJI mavic au Cameroun. Livraison rapide, service client de qualit\u00e9 et expertise en drones","robots":{"index":"index","follow":"follow","max-snippet":"max-snippet:-1","max-image-preview":"max-image-preview:large","max-video-preview":"max-video-preview:-1"},"canonical":"https:\/\/sparterobotics.com\/fr\/produit\/batterie-dji-mavic-mini-compatible-dji-mini-2\/","og_locale":"fr_FR","og_type":"article","og_title":"Batterie DJI Mavic Mini (compatible DJI Mini 2) - Sparte Robotics","og_description":"Achetez les meilleurs batteries neuves ou d'occasions pour drones DJI mavic au Cameroun. Livraison rapide, service client de qualit\u00e9 et expertise en drones","og_url":"https:\/\/sparterobotics.com\/fr\/produit\/batterie-dji-mavic-mini-compatible-dji-mini-2\/","og_site_name":"Sparte Robotics","article_publisher":"https:\/\/www.facebook.com\/SparteRobotics\/","article_modified_time":"2023-10-09T15:17:17+00:00","og_image":[{"width":607,"height":411,"url":"https:\/\/sparterobotics.com\/wp-content\/uploads\/2023\/10\/batterie-intelligente-pour-dji-mavic-mini-p-image-214164-grande-removebg-preview.png","type":"image\/png"}],"twitter_card":"summary_large_image","twitter_site":"@RoboticsSparte","twitter_misc":{"Dur\u00e9e de lecture estim\u00e9e":"1 minute"},"schema":{"@context":"https:\/\/schema.org","@graph":[{"@type":"WebPage","@id":"https:\/\/sparterobotics.com\/product\/batterie-dji-mavic-mini-compatible-dji-mini-2\/","url":"https:\/\/sparterobotics.com\/product\/batterie-dji-mavic-mini-compatible-dji-mini-2\/","name":"Batterie DJI Mavic Mini (compatible DJI Mini 2) - Sparte Robotics","isPartOf":{"@id":"https:\/\/sparterobotics.com\/fr\/#website"},"primaryImageOfPage":{"@id":"https:\/\/sparterobotics.com\/product\/batterie-dji-mavic-mini-compatible-dji-mini-2\/#primaryimage"},"image":{"@id":"https:\/\/sparterobotics.com\/product\/batterie-dji-mavic-mini-compatible-dji-mini-2\/#primaryimage"},"thumbnailUrl":"https:\/\/sparterobotics.com\/wp-content\/uploads\/2023\/10\/batterie-intelligente-pour-dji-mavic-mini-p-image-214164-grande-removebg-preview.png","datePublished":"2023-10-09T14:54:37+00:00","dateModified":"2023-10-09T15:17:17+00:00","description":"Achetez les meilleurs batteries neuves ou d'occasions pour drones DJI mavic au Cameroun. Livraison rapide, service client de qualit\u00e9 et expertise en drones","breadcrumb":{"@id":"https:\/\/sparterobotics.com\/product\/batterie-dji-mavic-mini-compatible-dji-mini-2\/#breadcrumb"},"inLanguage":"fr-FR","potentialAction":[{"@type":"ReadAction","target":["https:\/\/sparterobotics.com\/product\/batterie-dji-mavic-mini-compatible-dji-mini-2\/"]}]},{"@type":"ImageObject","inLanguage":"fr-FR","@id":"https:\/\/sparterobotics.com\/product\/batterie-dji-mavic-mini-compatible-dji-mini-2\/#primaryimage","url":"https:\/\/sparterobotics.com\/wp-content\/uploads\/2023\/10\/batterie-intelligente-pour-dji-mavic-mini-p-image-214164-grande-removebg-preview.png","contentUrl":"https:\/\/sparterobotics.com\/wp-content\/uploads\/2023\/10\/batterie-intelligente-pour-dji-mavic-mini-p-image-214164-grande-removebg-preview.png","width":607,"height":411},{"@type":"BreadcrumbList","@id":"https:\/\/sparterobotics.com\/product\/batterie-dji-mavic-mini-compatible-dji-mini-2\/#breadcrumb","itemListElement":[{"@type":"ListItem","position":1,"name":"Home","item":"https:\/\/sparterobotics.com\/"},{"@type":"ListItem","position":2,"name":"Shop","item":"https:\/\/sparterobotics.com\/shop-drone-mavic-phantom-dji-cameroun\/"},{"@type":"ListItem","position":3,"name":"Batterie DJI Mavic Mini (compatible DJI Mini 2)"}]},{"@type":"WebSite","@id":"https:\/\/sparterobotics.com\/fr\/#website","url":"https:\/\/sparterobotics.com\/fr\/","name":"Sparte Robotics","description":"robotique cameroun","publisher":{"@id":"https:\/\/sparterobotics.com\/fr\/#organization"},"alternateName":"Sparte Robotics","potentialAction":[{"@type":"SearchAction","target":{"@type":"EntryPoint","urlTemplate":"https:\/\/sparterobotics.com\/fr\/?s={search_term_string}"},"query-input":{"@type":"PropertyValueSpecification","valueRequired":true,"valueName":"search_term_string"}}],"inLanguage":"fr-FR"},{"@type":"Organization","@id":"https:\/\/sparterobotics.com\/fr\/#organization","name":"Sparte Robotics","url":"https:\/\/sparterobotics.com\/fr\/","logo":{"@type":"ImageObject","inLanguage":"fr-FR","@id":"https:\/\/sparterobotics.com\/fr\/#\/schema\/logo\/image\/","url":"https:\/\/sparterobotics.com\/wp-content\/uploads\/2023\/09\/cropped-OIP.jpeg","contentUrl":"https:\/\/sparterobotics.com\/wp-content\/uploads\/2023\/09\/cropped-OIP.jpeg","width":474,"height":190,"caption":"Sparte Robotics"},"image":{"@id":"https:\/\/sparterobotics.com\/fr\/#\/schema\/logo\/image\/"},"sameAs":["https:\/\/www.facebook.com\/SparteRobotics\/","https:\/\/x.com\/RoboticsSparte","https:\/\/www.linkedin.com\/company\/sparte-robotics"]}]}},"_links":{"self":[{"href":"https:\/\/sparterobotics.com\/fr\/wp-json\/wp\/v2\/product\/3503","targetHints":{"allow":["GET"]}}],"collection":[{"href":"https:\/\/sparterobotics.com\/fr\/wp-json\/wp\/v2\/product"}],"about":[{"href":"https:\/\/sparterobotics.com\/fr\/wp-json\/wp\/v2\/types\/product"}],"replies":[{"embeddable":true,"href":"https:\/\/sparterobotics.com\/fr\/wp-json\/wp\/v2\/comments?post=3503"}],"wp:featuredmedia":[{"embeddable":true,"href":"https:\/\/sparterobotics.com\/fr\/wp-json\/wp\/v2\/media\/3504"}],"wp:attachment":[{"href":"https:\/\/sparterobotics.com\/fr\/wp-json\/wp\/v2\/media?parent=3503"}],"wp:term":[{"taxonomy":"product_brand","embeddable":true,"href":"https:\/\/sparterobotics.com\/fr\/wp-json\/wp\/v2\/product_brand?post=3503"},{"taxonomy":"product_cat","embeddable":true,"href":"https:\/\/sparterobotics.com\/fr\/wp-json\/wp\/v2\/product_cat?post=3503"},{"taxonomy":"product_tag","embeddable":true,"href":"https:\/\/sparterobotics.com\/fr\/wp-json\/wp\/v2\/product_tag?post=3503"}],"curies":[{"name":"wp","href":"https:\/\/api.w.org\/{rel}","templated":true}]}}