{"id":3387,"date":"2023-10-05T14:50:45","date_gmt":"2023-10-05T13:50:45","guid":{"rendered":"https:\/\/sparterobotics.com\/?post_type=product&#038;p=3387"},"modified":"2023-10-06T18:20:27","modified_gmt":"2023-10-06T17:20:27","slug":"dji-dock-drone-de-securite","status":"publish","type":"product","link":"https:\/\/sparterobotics.com\/fr\/produit\/dji-dock-drone-de-securite\/","title":{"rendered":"DJI Dock drone de s\u00e9curit\u00e9"},"content":{"rendered":"<div class=\"elementor-element elementor-element-71be6e5c elementor-widget elementor-widget-heading\" data-id=\"71be6e5c\" data-element_type=\"widget\" data-widget_type=\"heading.default\">\n<div class=\"elementor-widget-container\">\n<h2 class=\"elementor-heading-title elementor-size-default\">Un \u00e9cosyst\u00e8me intuitif pens\u00e9 par DJI<\/h2>\n<\/div>\n<\/div>\n<div class=\"elementor-element elementor-element-706826f6 elementor-widget elementor-widget-text-editor\" data-id=\"706826f6\" data-element_type=\"widget\" data-widget_type=\"text-editor.default\">\n<div class=\"elementor-widget-container\">\n<div class=\"elementor-text-editor elementor-clearfix\">\n<p>Pour son drone-in-a-box, DJI a voulut faire les choses bien et int\u00e8gre de nombreuses fonctionnalit\u00e9s phares :<\/p>\n<ul>\n<li>Diffusion en direct et en haute d\u00e9finition \u00e0 tout moment pour v\u00e9rifier votre DJI Dock ou votre drone M30\/M30T.<\/li>\n<li>Planification des itin\u00e9raires de vol complexes \u00e0 distance gr\u00e2ce \u00e0 FlightHub 2.<\/li>\n<li>Modification, gestion et envoi des itin\u00e9raires de vol \u00e0 vos stations DJI et suivi la progression et les r\u00e9sultats des vols \u00e0 distance.<\/li>\n<li>Passage en revue les photos, vid\u00e9os, cartes et panoramas g\u00e9olocalis\u00e9s collect\u00e9s par vos drones. Les donn\u00e9es recueillies par vos drones peuvent \u00eatre automatiquement t\u00e9l\u00e9charg\u00e9es et stock\u00e9es pour une utilisation ult\u00e9rieure.<\/li>\n<li>Gestion de la sant\u00e9 et l\u2019\u00e9tat de vos docks et drones M30\/M30T, \u00e0 distance depuis le cloud.\n<div class=\"elementor-element elementor-element-4121c4e1 elementor-widget elementor-widget-heading\" data-id=\"4121c4e1\" data-element_type=\"widget\" data-widget_type=\"heading.default\">\n<div class=\"elementor-widget-container\">\n<h2 class=\"elementor-heading-title elementor-size-default\">DJI Dock pour des op\u00e9rations en continu<\/h2>\n<\/div>\n<\/div>\n<div class=\"elementor-element elementor-element-5bb8efde elementor-widget elementor-widget-text-editor\" data-id=\"5bb8efde\" data-element_type=\"widget\" data-widget_type=\"text-editor.default\">\n<div class=\"elementor-widget-container\">\n<div class=\"elementor-text-editor elementor-clearfix\">La version Dock de la s\u00e9rie M30 pr\u00e9sente des performances de niveau phare avec une r\u00e9sistance maximale au vent de 15 m\/s 6, une protection contre les intrusions IP55, et fonctionne \u00e0 des temp\u00e9ratures allant de -30\u2103 \u00e0 50\u2103 gr\u00e2ce \u00e0 sa climatisation TEC.<\/p>\n<div class=\"elementor-element elementor-element-1cead8f elementor-widget elementor-widget-heading\" data-id=\"1cead8f\" data-element_type=\"widget\" data-widget_type=\"heading.default\">\n<div class=\"elementor-widget-container\">\n<h2 class=\"elementor-heading-title elementor-size-default\">Des d\u00e9tails de la cible au bout des doigts<\/h2>\n<\/div>\n<\/div>\n<div class=\"elementor-element elementor-element-8d366d7 elementor-widget elementor-widget-text-editor\" data-id=\"8d366d7\" data-element_type=\"widget\" data-widget_type=\"text-editor.default\">\n<div class=\"elementor-widget-container\">\n<div class=\"elementor-text-editor elementor-clearfix\">La version Dock de la s\u00e9rie M30 int\u00e8gre des cam\u00e9ras grand angle, zoom et thermique (M30T uniquement) ainsi qu\u2019un t\u00e9l\u00e9m\u00e8tre laser, qui ensemble, permettent de capturer les donn\u00e9es a\u00e9riennes dont vous avez besoin, quand vous en avez besoin.<\/div>\n<\/div>\n<\/div>\n<\/div>\n<\/div>\n<\/div>\n<\/li>\n<\/ul>\n<\/div>\n<\/div>\n<\/div>","protected":false},"excerpt":{"rendered":"<p>Un \u00e9cosyst\u00e8me intuitif pens\u00e9 par DJI Pour son drone-in-a-box, DJI a voulut faire les choses bien et int\u00e8gre de nombreuses fonctionnalit\u00e9s phares : Diffusion en direct et en haute d\u00e9finition \u00e0 tout moment pour v\u00e9rifier votre DJI Dock ou votre drone M30\/M30T. Planification des itin\u00e9raires de vol complexes \u00e0 distance gr\u00e2ce \u00e0 FlightHub 2. Modification, [&hellip;]<\/p>\n","protected":false},"featured_media":3388,"comment_status":"open","ping_status":"closed","template":"","meta":{"_eb_attr":"","ocean_post_layout":"","ocean_both_sidebars_style":"","ocean_both_sidebars_content_width":0,"ocean_both_sidebars_sidebars_width":0,"ocean_sidebar":"","ocean_second_sidebar":"","ocean_disable_margins":"enable","ocean_add_body_class":"","ocean_shortcode_before_top_bar":"","ocean_shortcode_after_top_bar":"","ocean_shortcode_before_header":"","ocean_shortcode_after_header":"","ocean_has_shortcode":"","ocean_shortcode_after_title":"","ocean_shortcode_before_footer_widgets":"","ocean_shortcode_after_footer_widgets":"","ocean_shortcode_before_footer_bottom":"","ocean_shortcode_after_footer_bottom":"","ocean_display_top_bar":"default","ocean_display_header":"default","ocean_header_style":"","ocean_center_header_left_menu":"","ocean_custom_header_template":"","ocean_custom_logo":0,"ocean_custom_retina_logo":0,"ocean_custom_logo_max_width":0,"ocean_custom_logo_tablet_max_width":0,"ocean_custom_logo_mobile_max_width":0,"ocean_custom_logo_max_height":0,"ocean_custom_logo_tablet_max_height":0,"ocean_custom_logo_mobile_max_height":0,"ocean_header_custom_menu":"","ocean_menu_typo_font_family":"","ocean_menu_typo_font_subset":"","ocean_menu_typo_font_size":0,"ocean_menu_typo_font_size_tablet":0,"ocean_menu_typo_font_size_mobile":0,"ocean_menu_typo_font_size_unit":"px","ocean_menu_typo_font_weight":"","ocean_menu_typo_font_weight_tablet":"","ocean_menu_typo_font_weight_mobile":"","ocean_menu_typo_transform":"","ocean_menu_typo_transform_tablet":"","ocean_menu_typo_transform_mobile":"","ocean_menu_typo_line_height":0,"ocean_menu_typo_line_height_tablet":0,"ocean_menu_typo_line_height_mobile":0,"ocean_menu_typo_line_height_unit":"","ocean_menu_typo_spacing":0,"ocean_menu_typo_spacing_tablet":0,"ocean_menu_typo_spacing_mobile":0,"ocean_menu_typo_spacing_unit":"","ocean_menu_link_color":"","ocean_menu_link_color_hover":"","ocean_menu_link_color_active":"","ocean_menu_link_background":"","ocean_menu_link_hover_background":"","ocean_menu_link_active_background":"","ocean_menu_social_links_bg":"","ocean_menu_social_hover_links_bg":"","ocean_menu_social_links_color":"","ocean_menu_social_hover_links_color":"","ocean_disable_title":"default","ocean_disable_heading":"default","ocean_post_title":"","ocean_post_subheading":"","ocean_post_title_style":"","ocean_post_title_background_color":"","ocean_post_title_background":0,"ocean_post_title_bg_image_position":"","ocean_post_title_bg_image_attachment":"","ocean_post_title_bg_image_repeat":"","ocean_post_title_bg_image_size":"","ocean_post_title_height":0,"ocean_post_title_bg_overlay":0.5,"ocean_post_title_bg_overlay_color":"","ocean_disable_breadcrumbs":"default","ocean_breadcrumbs_color":"","ocean_breadcrumbs_separator_color":"","ocean_breadcrumbs_links_color":"","ocean_breadcrumbs_links_hover_color":"","ocean_display_footer_widgets":"default","ocean_display_footer_bottom":"default","ocean_custom_footer_template":""},"product_brand":[],"product_cat":[35],"product_tag":[],"class_list":{"0":"post-3387","1":"product","2":"type-product","3":"status-publish","4":"has-post-thumbnail","6":"product_cat-secours-securite","8":"entry","9":"has-media","11":"first","12":"instock","13":"shipping-taxable","14":"purchasable","15":"product-type-simple","16":"has-product-nav","17":"col","18":"span_1_of_3","19":"owp-content-center","20":"owp-thumbs-layout-horizontal","21":"owp-btn-normal","22":"owp-tabs-layout-horizontal","23":"has-no-thumbnails","25":"circle-sale"},"yoast_head":"<!-- This site is optimized with the Yoast SEO plugin v27.3 - https:\/\/yoast.com\/product\/yoast-seo-wordpress\/ -->\n<title>DJI Dock drone de s\u00e9curit\u00e9 - Sparte Robotics<\/title>\n<meta name=\"robots\" content=\"index, follow, max-snippet:-1, max-image-preview:large, max-video-preview:-1\" \/>\n<link rel=\"canonical\" href=\"https:\/\/sparterobotics.com\/fr\/produit\/dji-dock-drone-de-securite\/\" \/>\n<meta property=\"og:locale\" content=\"fr_FR\" \/>\n<meta property=\"og:type\" content=\"article\" \/>\n<meta property=\"og:title\" content=\"DJI Dock drone de s\u00e9curit\u00e9 - Sparte Robotics\" \/>\n<meta property=\"og:description\" content=\"Un \u00e9cosyst\u00e8me intuitif pens\u00e9 par DJI Pour son drone-in-a-box, DJI a voulut faire les choses bien et int\u00e8gre de nombreuses fonctionnalit\u00e9s phares : Diffusion en direct et en haute d\u00e9finition \u00e0 tout moment pour v\u00e9rifier votre DJI Dock ou votre drone M30\/M30T. Planification des itin\u00e9raires de vol complexes \u00e0 distance gr\u00e2ce \u00e0 FlightHub 2. Modification, [&hellip;]\" \/>\n<meta property=\"og:url\" content=\"https:\/\/sparterobotics.com\/fr\/produit\/dji-dock-drone-de-securite\/\" \/>\n<meta property=\"og:site_name\" content=\"Sparte Robotics\" \/>\n<meta property=\"article:publisher\" content=\"https:\/\/www.facebook.com\/SparteRobotics\/\" \/>\n<meta property=\"article:modified_time\" content=\"2023-10-06T17:20:27+00:00\" \/>\n<meta property=\"og:image\" content=\"https:\/\/sparterobotics.com\/wp-content\/uploads\/2023\/10\/Drone-de-securite-autonome-DJI-DOCK-removebg-preview.png\" \/>\n\t<meta property=\"og:image:width\" content=\"300\" \/>\n\t<meta property=\"og:image:height\" content=\"300\" \/>\n\t<meta property=\"og:image:type\" content=\"image\/png\" \/>\n<meta name=\"twitter:card\" content=\"summary_large_image\" \/>\n<meta name=\"twitter:site\" content=\"@RoboticsSparte\" \/>\n<meta name=\"twitter:label1\" content=\"Dur\u00e9e de lecture estim\u00e9e\" \/>\n\t<meta name=\"twitter:data1\" content=\"1 minute\" \/>\n<script type=\"application\/ld+json\" class=\"yoast-schema-graph\">{\"@context\":\"https:\\\/\\\/schema.org\",\"@graph\":[{\"@type\":\"WebPage\",\"@id\":\"https:\\\/\\\/sparterobotics.com\\\/product\\\/dji-dock-drone-de-securite\\\/\",\"url\":\"https:\\\/\\\/sparterobotics.com\\\/product\\\/dji-dock-drone-de-securite\\\/\",\"name\":\"DJI Dock drone de s\u00e9curit\u00e9 - Sparte Robotics\",\"isPartOf\":{\"@id\":\"https:\\\/\\\/sparterobotics.com\\\/fr\\\/#website\"},\"primaryImageOfPage\":{\"@id\":\"https:\\\/\\\/sparterobotics.com\\\/product\\\/dji-dock-drone-de-securite\\\/#primaryimage\"},\"image\":{\"@id\":\"https:\\\/\\\/sparterobotics.com\\\/product\\\/dji-dock-drone-de-securite\\\/#primaryimage\"},\"thumbnailUrl\":\"https:\\\/\\\/sparterobotics.com\\\/wp-content\\\/uploads\\\/2023\\\/10\\\/Drone-de-securite-autonome-DJI-DOCK-removebg-preview.png\",\"datePublished\":\"2023-10-05T13:50:45+00:00\",\"dateModified\":\"2023-10-06T17:20:27+00:00\",\"breadcrumb\":{\"@id\":\"https:\\\/\\\/sparterobotics.com\\\/product\\\/dji-dock-drone-de-securite\\\/#breadcrumb\"},\"inLanguage\":\"fr-FR\",\"potentialAction\":[{\"@type\":\"ReadAction\",\"target\":[\"https:\\\/\\\/sparterobotics.com\\\/product\\\/dji-dock-drone-de-securite\\\/\"]}]},{\"@type\":\"ImageObject\",\"inLanguage\":\"fr-FR\",\"@id\":\"https:\\\/\\\/sparterobotics.com\\\/product\\\/dji-dock-drone-de-securite\\\/#primaryimage\",\"url\":\"https:\\\/\\\/sparterobotics.com\\\/wp-content\\\/uploads\\\/2023\\\/10\\\/Drone-de-securite-autonome-DJI-DOCK-removebg-preview.png\",\"contentUrl\":\"https:\\\/\\\/sparterobotics.com\\\/wp-content\\\/uploads\\\/2023\\\/10\\\/Drone-de-securite-autonome-DJI-DOCK-removebg-preview.png\",\"width\":300,\"height\":300},{\"@type\":\"BreadcrumbList\",\"@id\":\"https:\\\/\\\/sparterobotics.com\\\/product\\\/dji-dock-drone-de-securite\\\/#breadcrumb\",\"itemListElement\":[{\"@type\":\"ListItem\",\"position\":1,\"name\":\"Home\",\"item\":\"https:\\\/\\\/sparterobotics.com\\\/\"},{\"@type\":\"ListItem\",\"position\":2,\"name\":\"Shop\",\"item\":\"https:\\\/\\\/sparterobotics.com\\\/shop-drone-mavic-phantom-dji-cameroun\\\/\"},{\"@type\":\"ListItem\",\"position\":3,\"name\":\"DJI Dock drone de s\u00e9curit\u00e9\"}]},{\"@type\":\"WebSite\",\"@id\":\"https:\\\/\\\/sparterobotics.com\\\/fr\\\/#website\",\"url\":\"https:\\\/\\\/sparterobotics.com\\\/fr\\\/\",\"name\":\"Sparte Robotics\",\"description\":\"robotique cameroun\",\"publisher\":{\"@id\":\"https:\\\/\\\/sparterobotics.com\\\/fr\\\/#organization\"},\"alternateName\":\"Sparte Robotics\",\"potentialAction\":[{\"@type\":\"SearchAction\",\"target\":{\"@type\":\"EntryPoint\",\"urlTemplate\":\"https:\\\/\\\/sparterobotics.com\\\/fr\\\/?s={search_term_string}\"},\"query-input\":{\"@type\":\"PropertyValueSpecification\",\"valueRequired\":true,\"valueName\":\"search_term_string\"}}],\"inLanguage\":\"fr-FR\"},{\"@type\":\"Organization\",\"@id\":\"https:\\\/\\\/sparterobotics.com\\\/fr\\\/#organization\",\"name\":\"Sparte Robotics\",\"url\":\"https:\\\/\\\/sparterobotics.com\\\/fr\\\/\",\"logo\":{\"@type\":\"ImageObject\",\"inLanguage\":\"fr-FR\",\"@id\":\"https:\\\/\\\/sparterobotics.com\\\/fr\\\/#\\\/schema\\\/logo\\\/image\\\/\",\"url\":\"https:\\\/\\\/sparterobotics.com\\\/wp-content\\\/uploads\\\/2023\\\/09\\\/cropped-OIP.jpeg\",\"contentUrl\":\"https:\\\/\\\/sparterobotics.com\\\/wp-content\\\/uploads\\\/2023\\\/09\\\/cropped-OIP.jpeg\",\"width\":474,\"height\":190,\"caption\":\"Sparte Robotics\"},\"image\":{\"@id\":\"https:\\\/\\\/sparterobotics.com\\\/fr\\\/#\\\/schema\\\/logo\\\/image\\\/\"},\"sameAs\":[\"https:\\\/\\\/www.facebook.com\\\/SparteRobotics\\\/\",\"https:\\\/\\\/x.com\\\/RoboticsSparte\",\"https:\\\/\\\/www.linkedin.com\\\/company\\\/sparte-robotics\"]}]}<\/script>\n<!-- \/ Yoast SEO plugin. -->","yoast_head_json":{"title":"DJI Dock drone de s\u00e9curit\u00e9 - Sparte Robotics","robots":{"index":"index","follow":"follow","max-snippet":"max-snippet:-1","max-image-preview":"max-image-preview:large","max-video-preview":"max-video-preview:-1"},"canonical":"https:\/\/sparterobotics.com\/fr\/produit\/dji-dock-drone-de-securite\/","og_locale":"fr_FR","og_type":"article","og_title":"DJI Dock drone de s\u00e9curit\u00e9 - Sparte Robotics","og_description":"Un \u00e9cosyst\u00e8me intuitif pens\u00e9 par DJI Pour son drone-in-a-box, DJI a voulut faire les choses bien et int\u00e8gre de nombreuses fonctionnalit\u00e9s phares : Diffusion en direct et en haute d\u00e9finition \u00e0 tout moment pour v\u00e9rifier votre DJI Dock ou votre drone M30\/M30T. Planification des itin\u00e9raires de vol complexes \u00e0 distance gr\u00e2ce \u00e0 FlightHub 2. Modification, [&hellip;]","og_url":"https:\/\/sparterobotics.com\/fr\/produit\/dji-dock-drone-de-securite\/","og_site_name":"Sparte Robotics","article_publisher":"https:\/\/www.facebook.com\/SparteRobotics\/","article_modified_time":"2023-10-06T17:20:27+00:00","og_image":[{"width":300,"height":300,"url":"https:\/\/sparterobotics.com\/wp-content\/uploads\/2023\/10\/Drone-de-securite-autonome-DJI-DOCK-removebg-preview.png","type":"image\/png"}],"twitter_card":"summary_large_image","twitter_site":"@RoboticsSparte","twitter_misc":{"Dur\u00e9e de lecture estim\u00e9e":"1 minute"},"schema":{"@context":"https:\/\/schema.org","@graph":[{"@type":"WebPage","@id":"https:\/\/sparterobotics.com\/product\/dji-dock-drone-de-securite\/","url":"https:\/\/sparterobotics.com\/product\/dji-dock-drone-de-securite\/","name":"DJI Dock drone de s\u00e9curit\u00e9 - Sparte Robotics","isPartOf":{"@id":"https:\/\/sparterobotics.com\/fr\/#website"},"primaryImageOfPage":{"@id":"https:\/\/sparterobotics.com\/product\/dji-dock-drone-de-securite\/#primaryimage"},"image":{"@id":"https:\/\/sparterobotics.com\/product\/dji-dock-drone-de-securite\/#primaryimage"},"thumbnailUrl":"https:\/\/sparterobotics.com\/wp-content\/uploads\/2023\/10\/Drone-de-securite-autonome-DJI-DOCK-removebg-preview.png","datePublished":"2023-10-05T13:50:45+00:00","dateModified":"2023-10-06T17:20:27+00:00","breadcrumb":{"@id":"https:\/\/sparterobotics.com\/product\/dji-dock-drone-de-securite\/#breadcrumb"},"inLanguage":"fr-FR","potentialAction":[{"@type":"ReadAction","target":["https:\/\/sparterobotics.com\/product\/dji-dock-drone-de-securite\/"]}]},{"@type":"ImageObject","inLanguage":"fr-FR","@id":"https:\/\/sparterobotics.com\/product\/dji-dock-drone-de-securite\/#primaryimage","url":"https:\/\/sparterobotics.com\/wp-content\/uploads\/2023\/10\/Drone-de-securite-autonome-DJI-DOCK-removebg-preview.png","contentUrl":"https:\/\/sparterobotics.com\/wp-content\/uploads\/2023\/10\/Drone-de-securite-autonome-DJI-DOCK-removebg-preview.png","width":300,"height":300},{"@type":"BreadcrumbList","@id":"https:\/\/sparterobotics.com\/product\/dji-dock-drone-de-securite\/#breadcrumb","itemListElement":[{"@type":"ListItem","position":1,"name":"Home","item":"https:\/\/sparterobotics.com\/"},{"@type":"ListItem","position":2,"name":"Shop","item":"https:\/\/sparterobotics.com\/shop-drone-mavic-phantom-dji-cameroun\/"},{"@type":"ListItem","position":3,"name":"DJI Dock drone de s\u00e9curit\u00e9"}]},{"@type":"WebSite","@id":"https:\/\/sparterobotics.com\/fr\/#website","url":"https:\/\/sparterobotics.com\/fr\/","name":"Sparte Robotics","description":"robotique cameroun","publisher":{"@id":"https:\/\/sparterobotics.com\/fr\/#organization"},"alternateName":"Sparte Robotics","potentialAction":[{"@type":"SearchAction","target":{"@type":"EntryPoint","urlTemplate":"https:\/\/sparterobotics.com\/fr\/?s={search_term_string}"},"query-input":{"@type":"PropertyValueSpecification","valueRequired":true,"valueName":"search_term_string"}}],"inLanguage":"fr-FR"},{"@type":"Organization","@id":"https:\/\/sparterobotics.com\/fr\/#organization","name":"Sparte Robotics","url":"https:\/\/sparterobotics.com\/fr\/","logo":{"@type":"ImageObject","inLanguage":"fr-FR","@id":"https:\/\/sparterobotics.com\/fr\/#\/schema\/logo\/image\/","url":"https:\/\/sparterobotics.com\/wp-content\/uploads\/2023\/09\/cropped-OIP.jpeg","contentUrl":"https:\/\/sparterobotics.com\/wp-content\/uploads\/2023\/09\/cropped-OIP.jpeg","width":474,"height":190,"caption":"Sparte Robotics"},"image":{"@id":"https:\/\/sparterobotics.com\/fr\/#\/schema\/logo\/image\/"},"sameAs":["https:\/\/www.facebook.com\/SparteRobotics\/","https:\/\/x.com\/RoboticsSparte","https:\/\/www.linkedin.com\/company\/sparte-robotics"]}]}},"_links":{"self":[{"href":"https:\/\/sparterobotics.com\/fr\/wp-json\/wp\/v2\/product\/3387","targetHints":{"allow":["GET"]}}],"collection":[{"href":"https:\/\/sparterobotics.com\/fr\/wp-json\/wp\/v2\/product"}],"about":[{"href":"https:\/\/sparterobotics.com\/fr\/wp-json\/wp\/v2\/types\/product"}],"replies":[{"embeddable":true,"href":"https:\/\/sparterobotics.com\/fr\/wp-json\/wp\/v2\/comments?post=3387"}],"wp:featuredmedia":[{"embeddable":true,"href":"https:\/\/sparterobotics.com\/fr\/wp-json\/wp\/v2\/media\/3388"}],"wp:attachment":[{"href":"https:\/\/sparterobotics.com\/fr\/wp-json\/wp\/v2\/media?parent=3387"}],"wp:term":[{"taxonomy":"product_brand","embeddable":true,"href":"https:\/\/sparterobotics.com\/fr\/wp-json\/wp\/v2\/product_brand?post=3387"},{"taxonomy":"product_cat","embeddable":true,"href":"https:\/\/sparterobotics.com\/fr\/wp-json\/wp\/v2\/product_cat?post=3387"},{"taxonomy":"product_tag","embeddable":true,"href":"https:\/\/sparterobotics.com\/fr\/wp-json\/wp\/v2\/product_tag?post=3387"}],"curies":[{"name":"wp","href":"https:\/\/api.w.org\/{rel}","templated":true}]}}