{"id":3381,"date":"2023-10-05T12:55:55","date_gmt":"2023-10-05T11:55:55","guid":{"rendered":"https:\/\/sparterobotics.com\/?post_type=product&#038;p=3381"},"modified":"2023-10-06T18:21:03","modified_gmt":"2023-10-06T17:21:03","slug":"dji-inspire-3-cameroun-senegal-congo","status":"publish","type":"product","link":"https:\/\/sparterobotics.com\/fr\/produit\/dji-inspire-3-cameroun-senegal-congo\/","title":{"rendered":"DJI Inspire 3"},"content":{"rendered":"<div class=\"elementor-element elementor-element-11d1677e elementor-widget elementor-widget-heading\" data-id=\"11d1677e\" data-element_type=\"widget\" data-widget_type=\"heading.default\">\n<div class=\"elementor-widget-container\">\n<h1 class=\"elementor-heading-title elementor-size-default\">L\u2019excellence du drone professionnel pour la photo et la vid\u00e9o<\/h1>\n<\/div>\n<\/div>\n<div class=\"elementor-element elementor-element-56fdc1c2 elementor-widget elementor-widget-text-editor\" data-id=\"56fdc1c2\" data-element_type=\"widget\" data-widget_type=\"text-editor.default\">\n<div class=\"elementor-widget-container\">\n<div class=\"elementor-text-editor elementor-clearfix\">L\u2019Inspire 3 est un drone de cin\u00e9ma professionnel qui adopte un nouveau design fluide qui tient pleinement compte de l\u2019a\u00e9rodynamisme afin de r\u00e9duire la r\u00e9sistance \u00e0 l\u2019air. La vitesse de plong\u00e9e maximale est pass\u00e9e de 9 m\/s sur l\u2019Inspire 2 \u00e0 10 m\/s, tandis que la vitesse de mont\u00e9e\/descente verticale est pass\u00e9e de 6 m\/s et 4 m\/s \u00e0 8 m\/s. La maniabilit\u00e9 puissante offre un contr\u00f4le r\u00e9actif et pr\u00e9cis et une dur\u00e9e de vol prolong\u00e9e pouvant atteindre 28 minutes.<\/p>\n<div class=\"elementor-element elementor-element-205bde4 elementor-widget elementor-widget-heading\" data-id=\"205bde4\" data-element_type=\"widget\" data-widget_type=\"heading.default\">\n<div class=\"elementor-widget-container\">\n<h2 class=\"elementor-heading-title elementor-size-default\">Un design \u00e9volutif pour plus de capacit\u00e9s<\/h2>\n<\/div>\n<\/div>\n<div class=\"elementor-element elementor-element-4c93e547 elementor-widget elementor-widget-text-editor\" data-id=\"4c93e547\" data-element_type=\"widget\" data-widget_type=\"text-editor.default\">\n<div class=\"elementor-widget-container\">\n<div class=\"elementor-text-editor elementor-clearfix\">\n<p>H\u00e9ritant de la configuration transformable classique de la s\u00e9rie Inspire, l\u2019Inspire 3 utilise un tout nouveau design qui prend en charge les structures d\u2019inclinaison et pano 360\u00b0. Lorsque le train d\u2019atterrissage est abaiss\u00e9, la nacelle prend en charge les prises de vue \u00e0 80\u00b0 vers le haut, sans obstruction [3], ce qui permet aux directeurs de la photographie de r\u00e9aliser des prises de vue innovantes et saisissantes.<\/p>\n<div class=\"elementor-element elementor-element-76f458b8 elementor-widget elementor-widget-heading\" data-id=\"76f458b8\" data-element_type=\"widget\" data-widget_type=\"heading.default\">\n<div class=\"elementor-widget-container\">\n<h3 class=\"elementor-heading-title elementor-size-default\">Un positionnement centim\u00e9trique RTK pour plus de stabilit\u00e9<\/h3>\n<\/div>\n<\/div>\n<div class=\"elementor-element elementor-element-473894ca elementor-widget elementor-widget-text-editor\" data-id=\"473894ca\" data-element_type=\"widget\" data-widget_type=\"text-editor.default\">\n<div class=\"elementor-widget-container\">\n<div class=\"elementor-text-editor elementor-clearfix\">L\u2019Inspire 3 int\u00e8gre la technologie de positionnement RTK de haute pr\u00e9cision utilis\u00e9e dans des secteurs tels que l\u2019architecture et l\u2019arpentage pour offrir une pr\u00e9cision de l\u2019ordre du centim\u00e8tre. Par rapport au positionnement traditionnel, la technologie RTK rend non seulement les vols plus stables, mais aussi la planification des itin\u00e9raires de vol plus pr\u00e9cise, ce qui am\u00e9liore consid\u00e9rablement l\u2019efficacit\u00e9 de la cr\u00e9ation. Les antennes RTK ont \u00e9t\u00e9 int\u00e9gr\u00e9es au fuselage gr\u00e2ce \u00e0 une nouvelle conception en c\u00e9ramique empil\u00e9e, qui permet trois types de GNSS (GPS, BeiDou et Galileo) et fournit un positionnement bi-fr\u00e9quence jusqu\u2019au niveau du centim\u00e8tre. En activant un r\u00e9seau RTK ou en installant une station mobile D-RTK 2, les utilisateurs peuvent obtenir un positionnement extr\u00eamement pr\u00e9cis sans avoir \u00e0 monter de modules suppl\u00e9mentaires.<\/div>\n<\/div>\n<\/div>\n<\/div>\n<\/div>\n<\/div>\n<\/div>\n<\/div>\n<\/div>\n","protected":false},"excerpt":{"rendered":"<div class=\"elementor-element elementor-element-11d1677e elementor-widget elementor-widget-heading\" data-id=\"11d1677e\" data-element_type=\"widget\" data-widget_type=\"heading.default\">\n<div class=\"elementor-widget-container\">\n<h1 class=\"elementor-heading-title elementor-size-default\">L\u2019excellence du drone professionnel pour la photo et la vid\u00e9o<\/h1>\n<\/div>\n<\/div>\n<div class=\"elementor-element elementor-element-56fdc1c2 elementor-widget elementor-widget-text-editor\" data-id=\"56fdc1c2\" data-element_type=\"widget\" data-widget_type=\"text-editor.default\">\n<div class=\"elementor-widget-container\">\n<div class=\"elementor-text-editor elementor-clearfix\">L\u2019Inspire 3 est un drone de cin\u00e9ma professionnel qui adopte un nouveau design fluide qui tient pleinement compte de l\u2019a\u00e9rodynamisme afin de r\u00e9duire la r\u00e9sistance \u00e0 l\u2019air. La vitesse de plong\u00e9e maximale est pass\u00e9e de 9 m\/s sur l\u2019Inspire 2 \u00e0 10 m\/s, tandis que la vitesse de mont\u00e9e\/descente verticale est pass\u00e9e de 6 m\/s et 4 m\/s \u00e0 8 m\/s. La maniabilit\u00e9 puissante offre un contr\u00f4le r\u00e9actif et pr\u00e9cis et une dur\u00e9e de vol prolong\u00e9e pouvant atteindre 28 minutes.<\/div>\n<\/div>\n<\/div>","protected":false},"featured_media":3382,"comment_status":"open","ping_status":"closed","template":"","meta":{"_eb_attr":"","ocean_post_layout":"","ocean_both_sidebars_style":"","ocean_both_sidebars_content_width":0,"ocean_both_sidebars_sidebars_width":0,"ocean_sidebar":"","ocean_second_sidebar":"","ocean_disable_margins":"enable","ocean_add_body_class":"","ocean_shortcode_before_top_bar":"","ocean_shortcode_after_top_bar":"","ocean_shortcode_before_header":"","ocean_shortcode_after_header":"","ocean_has_shortcode":"","ocean_shortcode_after_title":"","ocean_shortcode_before_footer_widgets":"","ocean_shortcode_after_footer_widgets":"","ocean_shortcode_before_footer_bottom":"","ocean_shortcode_after_footer_bottom":"","ocean_display_top_bar":"default","ocean_display_header":"default","ocean_header_style":"","ocean_center_header_left_menu":"","ocean_custom_header_template":"","ocean_custom_logo":0,"ocean_custom_retina_logo":0,"ocean_custom_logo_max_width":0,"ocean_custom_logo_tablet_max_width":0,"ocean_custom_logo_mobile_max_width":0,"ocean_custom_logo_max_height":0,"ocean_custom_logo_tablet_max_height":0,"ocean_custom_logo_mobile_max_height":0,"ocean_header_custom_menu":"","ocean_menu_typo_font_family":"","ocean_menu_typo_font_subset":"","ocean_menu_typo_font_size":0,"ocean_menu_typo_font_size_tablet":0,"ocean_menu_typo_font_size_mobile":0,"ocean_menu_typo_font_size_unit":"px","ocean_menu_typo_font_weight":"","ocean_menu_typo_font_weight_tablet":"","ocean_menu_typo_font_weight_mobile":"","ocean_menu_typo_transform":"","ocean_menu_typo_transform_tablet":"","ocean_menu_typo_transform_mobile":"","ocean_menu_typo_line_height":0,"ocean_menu_typo_line_height_tablet":0,"ocean_menu_typo_line_height_mobile":0,"ocean_menu_typo_line_height_unit":"","ocean_menu_typo_spacing":0,"ocean_menu_typo_spacing_tablet":0,"ocean_menu_typo_spacing_mobile":0,"ocean_menu_typo_spacing_unit":"","ocean_menu_link_color":"","ocean_menu_link_color_hover":"","ocean_menu_link_color_active":"","ocean_menu_link_background":"","ocean_menu_link_hover_background":"","ocean_menu_link_active_background":"","ocean_menu_social_links_bg":"","ocean_menu_social_hover_links_bg":"","ocean_menu_social_links_color":"","ocean_menu_social_hover_links_color":"","ocean_disable_title":"default","ocean_disable_heading":"default","ocean_post_title":"","ocean_post_subheading":"","ocean_post_title_style":"","ocean_post_title_background_color":"","ocean_post_title_background":0,"ocean_post_title_bg_image_position":"","ocean_post_title_bg_image_attachment":"","ocean_post_title_bg_image_repeat":"","ocean_post_title_bg_image_size":"","ocean_post_title_height":0,"ocean_post_title_bg_overlay":0.5,"ocean_post_title_bg_overlay_color":"","ocean_disable_breadcrumbs":"default","ocean_breadcrumbs_color":"","ocean_breadcrumbs_separator_color":"","ocean_breadcrumbs_links_color":"","ocean_breadcrumbs_links_hover_color":"","ocean_display_footer_widgets":"default","ocean_display_footer_bottom":"default","ocean_custom_footer_template":""},"product_brand":[],"product_cat":[31],"product_tag":[],"class_list":{"0":"post-3381","1":"product","2":"type-product","3":"status-publish","4":"has-post-thumbnail","6":"product_cat-cartographie-drone","8":"entry","9":"has-media","11":"first","12":"onbackorder","13":"shipping-taxable","14":"purchasable","15":"product-type-simple","16":"has-product-nav","17":"col","18":"span_1_of_3","19":"owp-content-center","20":"owp-thumbs-layout-horizontal","21":"owp-btn-normal","22":"owp-tabs-layout-horizontal","24":"circle-sale"},"yoast_head":"<!-- This site is optimized with the Yoast SEO plugin v27.2 - https:\/\/yoast.com\/product\/yoast-seo-wordpress\/ -->\n<title>Prix DJI Inspire 3 - Sparte Robotics<\/title>\n<meta name=\"description\" content=\"Achetez aux meilleurs prix, les drones DJI Inspire 3 aux Cameroun,Congo,Senegal,Nigeria. Livraison rapide, service client de qualit\u00e9 et expertise en drones.\" \/>\n<meta name=\"robots\" content=\"index, follow, max-snippet:-1, max-image-preview:large, max-video-preview:-1\" \/>\n<link rel=\"canonical\" href=\"https:\/\/sparterobotics.com\/fr\/produit\/dji-inspire-3-cameroun-senegal-congo\/\" \/>\n<meta property=\"og:locale\" content=\"fr_FR\" \/>\n<meta property=\"og:type\" content=\"article\" \/>\n<meta property=\"og:title\" content=\"Prix DJI Inspire 3 - Sparte Robotics\" \/>\n<meta property=\"og:description\" content=\"Achetez aux meilleurs prix, les drones DJI Inspire 3 aux Cameroun,Congo,Senegal,Nigeria. Livraison rapide, service client de qualit\u00e9 et expertise en drones.\" \/>\n<meta property=\"og:url\" content=\"https:\/\/sparterobotics.com\/fr\/produit\/dji-inspire-3-cameroun-senegal-congo\/\" \/>\n<meta property=\"og:site_name\" content=\"Sparte Robotics\" \/>\n<meta property=\"article:publisher\" content=\"https:\/\/www.facebook.com\/SparteRobotics\/\" \/>\n<meta property=\"article:modified_time\" content=\"2023-10-06T17:21:03+00:00\" \/>\n<meta property=\"og:image\" content=\"https:\/\/sparterobotics.com\/wp-content\/uploads\/2023\/10\/DJI-inspire-3-drone-professionnel-de-cinema-300x300-removebg-preview-1.png\" \/>\n\t<meta property=\"og:image:width\" content=\"300\" \/>\n\t<meta property=\"og:image:height\" content=\"300\" \/>\n\t<meta property=\"og:image:type\" content=\"image\/png\" \/>\n<meta name=\"twitter:card\" content=\"summary_large_image\" \/>\n<meta name=\"twitter:site\" content=\"@RoboticsSparte\" \/>\n<meta name=\"twitter:label1\" content=\"Dur\u00e9e de lecture estim\u00e9e\" \/>\n\t<meta name=\"twitter:data1\" content=\"2 minutes\" \/>\n<script type=\"application\/ld+json\" class=\"yoast-schema-graph\">{\"@context\":\"https:\/\/schema.org\",\"@graph\":[{\"@type\":\"WebPage\",\"@id\":\"https:\/\/sparterobotics.com\/product\/dji-inspire-3-cameroun-senegal-congo\/\",\"url\":\"https:\/\/sparterobotics.com\/product\/dji-inspire-3-cameroun-senegal-congo\/\",\"name\":\"Prix DJI Inspire 3 - Sparte Robotics\",\"isPartOf\":{\"@id\":\"https:\/\/sparterobotics.com\/fr\/#website\"},\"primaryImageOfPage\":{\"@id\":\"https:\/\/sparterobotics.com\/product\/dji-inspire-3-cameroun-senegal-congo\/#primaryimage\"},\"image\":{\"@id\":\"https:\/\/sparterobotics.com\/product\/dji-inspire-3-cameroun-senegal-congo\/#primaryimage\"},\"thumbnailUrl\":\"https:\/\/sparterobotics.com\/wp-content\/uploads\/2023\/10\/DJI-inspire-3-drone-professionnel-de-cinema-300x300-removebg-preview-1.png\",\"datePublished\":\"2023-10-05T11:55:55+00:00\",\"dateModified\":\"2023-10-06T17:21:03+00:00\",\"description\":\"Achetez aux meilleurs prix, les drones DJI Inspire 3 aux Cameroun,Congo,Senegal,Nigeria. Livraison rapide, service client de qualit\u00e9 et expertise en drones.\",\"breadcrumb\":{\"@id\":\"https:\/\/sparterobotics.com\/product\/dji-inspire-3-cameroun-senegal-congo\/#breadcrumb\"},\"inLanguage\":\"fr-FR\",\"potentialAction\":[{\"@type\":\"ReadAction\",\"target\":[\"https:\/\/sparterobotics.com\/product\/dji-inspire-3-cameroun-senegal-congo\/\"]}]},{\"@type\":\"ImageObject\",\"inLanguage\":\"fr-FR\",\"@id\":\"https:\/\/sparterobotics.com\/product\/dji-inspire-3-cameroun-senegal-congo\/#primaryimage\",\"url\":\"https:\/\/sparterobotics.com\/wp-content\/uploads\/2023\/10\/DJI-inspire-3-drone-professionnel-de-cinema-300x300-removebg-preview-1.png\",\"contentUrl\":\"https:\/\/sparterobotics.com\/wp-content\/uploads\/2023\/10\/DJI-inspire-3-drone-professionnel-de-cinema-300x300-removebg-preview-1.png\",\"width\":300,\"height\":300},{\"@type\":\"BreadcrumbList\",\"@id\":\"https:\/\/sparterobotics.com\/product\/dji-inspire-3-cameroun-senegal-congo\/#breadcrumb\",\"itemListElement\":[{\"@type\":\"ListItem\",\"position\":1,\"name\":\"Home\",\"item\":\"https:\/\/sparterobotics.com\/\"},{\"@type\":\"ListItem\",\"position\":2,\"name\":\"Shop\",\"item\":\"https:\/\/sparterobotics.com\/shop-drone-mavic-phantom-dji-cameroun\/\"},{\"@type\":\"ListItem\",\"position\":3,\"name\":\"DJI Inspire 3\"}]},{\"@type\":\"WebSite\",\"@id\":\"https:\/\/sparterobotics.com\/fr\/#website\",\"url\":\"https:\/\/sparterobotics.com\/fr\/\",\"name\":\"Sparte Robotics\",\"description\":\"robotique cameroun\",\"publisher\":{\"@id\":\"https:\/\/sparterobotics.com\/fr\/#organization\"},\"alternateName\":\"Sparte Robotics\",\"potentialAction\":[{\"@type\":\"SearchAction\",\"target\":{\"@type\":\"EntryPoint\",\"urlTemplate\":\"https:\/\/sparterobotics.com\/fr\/?s={search_term_string}\"},\"query-input\":{\"@type\":\"PropertyValueSpecification\",\"valueRequired\":true,\"valueName\":\"search_term_string\"}}],\"inLanguage\":\"fr-FR\"},{\"@type\":\"Organization\",\"@id\":\"https:\/\/sparterobotics.com\/fr\/#organization\",\"name\":\"Sparte Robotics\",\"url\":\"https:\/\/sparterobotics.com\/fr\/\",\"logo\":{\"@type\":\"ImageObject\",\"inLanguage\":\"fr-FR\",\"@id\":\"https:\/\/sparterobotics.com\/fr\/#\/schema\/logo\/image\/\",\"url\":\"https:\/\/sparterobotics.com\/wp-content\/uploads\/2023\/09\/cropped-OIP.jpeg\",\"contentUrl\":\"https:\/\/sparterobotics.com\/wp-content\/uploads\/2023\/09\/cropped-OIP.jpeg\",\"width\":474,\"height\":190,\"caption\":\"Sparte Robotics\"},\"image\":{\"@id\":\"https:\/\/sparterobotics.com\/fr\/#\/schema\/logo\/image\/\"},\"sameAs\":[\"https:\/\/www.facebook.com\/SparteRobotics\/\",\"https:\/\/x.com\/RoboticsSparte\",\"https:\/\/www.linkedin.com\/company\/sparte-robotics\"]}]}<\/script>\n<!-- \/ Yoast SEO plugin. -->","yoast_head_json":{"title":"Prix DJI Inspire 3 - Sparte Robotics","description":"Achetez aux meilleurs prix, les drones DJI Inspire 3 aux Cameroun,Congo,Senegal,Nigeria. Livraison rapide, service client de qualit\u00e9 et expertise en drones.","robots":{"index":"index","follow":"follow","max-snippet":"max-snippet:-1","max-image-preview":"max-image-preview:large","max-video-preview":"max-video-preview:-1"},"canonical":"https:\/\/sparterobotics.com\/fr\/produit\/dji-inspire-3-cameroun-senegal-congo\/","og_locale":"fr_FR","og_type":"article","og_title":"Prix DJI Inspire 3 - Sparte Robotics","og_description":"Achetez aux meilleurs prix, les drones DJI Inspire 3 aux Cameroun,Congo,Senegal,Nigeria. Livraison rapide, service client de qualit\u00e9 et expertise en drones.","og_url":"https:\/\/sparterobotics.com\/fr\/produit\/dji-inspire-3-cameroun-senegal-congo\/","og_site_name":"Sparte Robotics","article_publisher":"https:\/\/www.facebook.com\/SparteRobotics\/","article_modified_time":"2023-10-06T17:21:03+00:00","og_image":[{"width":300,"height":300,"url":"https:\/\/sparterobotics.com\/wp-content\/uploads\/2023\/10\/DJI-inspire-3-drone-professionnel-de-cinema-300x300-removebg-preview-1.png","type":"image\/png"}],"twitter_card":"summary_large_image","twitter_site":"@RoboticsSparte","twitter_misc":{"Dur\u00e9e de lecture estim\u00e9e":"2 minutes"},"schema":{"@context":"https:\/\/schema.org","@graph":[{"@type":"WebPage","@id":"https:\/\/sparterobotics.com\/product\/dji-inspire-3-cameroun-senegal-congo\/","url":"https:\/\/sparterobotics.com\/product\/dji-inspire-3-cameroun-senegal-congo\/","name":"Prix DJI Inspire 3 - Sparte Robotics","isPartOf":{"@id":"https:\/\/sparterobotics.com\/fr\/#website"},"primaryImageOfPage":{"@id":"https:\/\/sparterobotics.com\/product\/dji-inspire-3-cameroun-senegal-congo\/#primaryimage"},"image":{"@id":"https:\/\/sparterobotics.com\/product\/dji-inspire-3-cameroun-senegal-congo\/#primaryimage"},"thumbnailUrl":"https:\/\/sparterobotics.com\/wp-content\/uploads\/2023\/10\/DJI-inspire-3-drone-professionnel-de-cinema-300x300-removebg-preview-1.png","datePublished":"2023-10-05T11:55:55+00:00","dateModified":"2023-10-06T17:21:03+00:00","description":"Achetez aux meilleurs prix, les drones DJI Inspire 3 aux Cameroun,Congo,Senegal,Nigeria. Livraison rapide, service client de qualit\u00e9 et expertise en drones.","breadcrumb":{"@id":"https:\/\/sparterobotics.com\/product\/dji-inspire-3-cameroun-senegal-congo\/#breadcrumb"},"inLanguage":"fr-FR","potentialAction":[{"@type":"ReadAction","target":["https:\/\/sparterobotics.com\/product\/dji-inspire-3-cameroun-senegal-congo\/"]}]},{"@type":"ImageObject","inLanguage":"fr-FR","@id":"https:\/\/sparterobotics.com\/product\/dji-inspire-3-cameroun-senegal-congo\/#primaryimage","url":"https:\/\/sparterobotics.com\/wp-content\/uploads\/2023\/10\/DJI-inspire-3-drone-professionnel-de-cinema-300x300-removebg-preview-1.png","contentUrl":"https:\/\/sparterobotics.com\/wp-content\/uploads\/2023\/10\/DJI-inspire-3-drone-professionnel-de-cinema-300x300-removebg-preview-1.png","width":300,"height":300},{"@type":"BreadcrumbList","@id":"https:\/\/sparterobotics.com\/product\/dji-inspire-3-cameroun-senegal-congo\/#breadcrumb","itemListElement":[{"@type":"ListItem","position":1,"name":"Home","item":"https:\/\/sparterobotics.com\/"},{"@type":"ListItem","position":2,"name":"Shop","item":"https:\/\/sparterobotics.com\/shop-drone-mavic-phantom-dji-cameroun\/"},{"@type":"ListItem","position":3,"name":"DJI Inspire 3"}]},{"@type":"WebSite","@id":"https:\/\/sparterobotics.com\/fr\/#website","url":"https:\/\/sparterobotics.com\/fr\/","name":"Sparte Robotics","description":"robotique cameroun","publisher":{"@id":"https:\/\/sparterobotics.com\/fr\/#organization"},"alternateName":"Sparte Robotics","potentialAction":[{"@type":"SearchAction","target":{"@type":"EntryPoint","urlTemplate":"https:\/\/sparterobotics.com\/fr\/?s={search_term_string}"},"query-input":{"@type":"PropertyValueSpecification","valueRequired":true,"valueName":"search_term_string"}}],"inLanguage":"fr-FR"},{"@type":"Organization","@id":"https:\/\/sparterobotics.com\/fr\/#organization","name":"Sparte Robotics","url":"https:\/\/sparterobotics.com\/fr\/","logo":{"@type":"ImageObject","inLanguage":"fr-FR","@id":"https:\/\/sparterobotics.com\/fr\/#\/schema\/logo\/image\/","url":"https:\/\/sparterobotics.com\/wp-content\/uploads\/2023\/09\/cropped-OIP.jpeg","contentUrl":"https:\/\/sparterobotics.com\/wp-content\/uploads\/2023\/09\/cropped-OIP.jpeg","width":474,"height":190,"caption":"Sparte Robotics"},"image":{"@id":"https:\/\/sparterobotics.com\/fr\/#\/schema\/logo\/image\/"},"sameAs":["https:\/\/www.facebook.com\/SparteRobotics\/","https:\/\/x.com\/RoboticsSparte","https:\/\/www.linkedin.com\/company\/sparte-robotics"]}]}},"_links":{"self":[{"href":"https:\/\/sparterobotics.com\/fr\/wp-json\/wp\/v2\/product\/3381","targetHints":{"allow":["GET"]}}],"collection":[{"href":"https:\/\/sparterobotics.com\/fr\/wp-json\/wp\/v2\/product"}],"about":[{"href":"https:\/\/sparterobotics.com\/fr\/wp-json\/wp\/v2\/types\/product"}],"replies":[{"embeddable":true,"href":"https:\/\/sparterobotics.com\/fr\/wp-json\/wp\/v2\/comments?post=3381"}],"wp:featuredmedia":[{"embeddable":true,"href":"https:\/\/sparterobotics.com\/fr\/wp-json\/wp\/v2\/media\/3382"}],"wp:attachment":[{"href":"https:\/\/sparterobotics.com\/fr\/wp-json\/wp\/v2\/media?parent=3381"}],"wp:term":[{"taxonomy":"product_brand","embeddable":true,"href":"https:\/\/sparterobotics.com\/fr\/wp-json\/wp\/v2\/product_brand?post=3381"},{"taxonomy":"product_cat","embeddable":true,"href":"https:\/\/sparterobotics.com\/fr\/wp-json\/wp\/v2\/product_cat?post=3381"},{"taxonomy":"product_tag","embeddable":true,"href":"https:\/\/sparterobotics.com\/fr\/wp-json\/wp\/v2\/product_tag?post=3381"}],"curies":[{"name":"wp","href":"https:\/\/api.w.org\/{rel}","templated":true}]}}