{"id":3372,"date":"2023-10-03T10:51:05","date_gmt":"2023-10-03T09:51:05","guid":{"rendered":"https:\/\/sparterobotics.com\/?post_type=product&#038;p=3372"},"modified":"2023-10-06T18:25:25","modified_gmt":"2023-10-06T17:25:25","slug":"drone-depandage-agras-t30","status":"publish","type":"product","link":"https:\/\/sparterobotics.com\/fr\/produit\/drone-depandage-agras-t30\/","title":{"rendered":"Drone d&#8217;\u00e9pandage AGRAS T30"},"content":{"rendered":"<div class=\"elementor-element elementor-element-4cba8dd1 elementor-widget elementor-widget-heading\" data-id=\"4cba8dd1\" data-element_type=\"widget\" data-widget_type=\"heading.default\">\n<div class=\"elementor-widget-container\">\n<h2 class=\"elementor-heading-title elementor-size-default\">Evolution de la loi fran\u00e7aise pour les drones d\u2019\u00e9pandage<\/h2>\n<\/div>\n<\/div>\n<div class=\"elementor-element elementor-element-4da32db5 elementor-widget elementor-widget-text-editor\" data-id=\"4da32db5\" data-element_type=\"widget\" data-widget_type=\"text-editor.default\">\n<div class=\"elementor-widget-container\">\n<div class=\"elementor-text-editor elementor-clearfix\">\n<p>L\u2019article\u00a0<a href=\"https:\/\/www.legifrance.gouv.fr\/loda\/id\/JORFTEXT000037547946\/\" target=\"_blank\" rel=\"noopener\">82<\/a>\u00a0de la loi pour l\u2019\u00e9quilibre des relations commerciales dans le secteur agricole et alimentaire et une alimentation saine, durable et accessible \u00e0 tous (EGAlim), publi\u00e9 le 8 octobre 2019, autorise l\u2019utilisation de drones a\u00e9riens pour l\u2019\u00e9pandage, pour une \u00e9tude, afin de d\u00e9terminer les b\u00e9n\u00e9fices li\u00e9s \u00e0 leur utilisation pour limiter les risques d\u2019accidents du travail et pour la dispersion de produits phytopharmaceutiques. Cependant, l\u2019utilisation de drones d\u2019\u00e9pandage doit se faire selon certaines r\u00e8gles :<\/p>\n<ul>\n<li>Les drones doivent uniquement \u00e9pandre des produits autoris\u00e9s en agriculture biologique ou dans des exploitations faisant l\u2019objet d\u2019une certification du plus haut niveau d\u2019exigence environnementale (HVE) ;<\/li>\n<li>Etre limit\u00e9e aux surfaces agricoles pr\u00e9sentant une pente sup\u00e9rieure ou \u00e9gale \u00e0 30% de d\u00e9nivel\u00e9.\n<div class=\"elementor-column elementor-col-50 elementor-top-column elementor-element elementor-element-4c75f0a9\" data-id=\"4c75f0a9\" data-element_type=\"column\">\n<div class=\"elementor-column-wrap elementor-element-populated\">\n<div class=\"elementor-widget-wrap\">\n<div class=\"elementor-element elementor-element-3488b563 elementor-widget elementor-widget-heading\" data-id=\"3488b563\" data-element_type=\"widget\" data-widget_type=\"heading.default\">\n<div class=\"elementor-widget-container\">\n<h3 class=\"elementor-heading-title elementor-size-default\">Ciblage des branches pour un \u00e9pandage optimal<\/h3>\n<\/div>\n<\/div>\n<div class=\"elementor-element elementor-element-d19febb elementor-widget elementor-widget-text-editor\" data-id=\"d19febb\" data-element_type=\"widget\" data-widget_type=\"text-editor.default\">\n<div class=\"elementor-widget-container\">\n<div class=\"elementor-text-editor elementor-clearfix\">Gr\u00e2ce \u00e0 la technologie de ciblage des branches et aux bras r\u00e9glables, l\u2019Agras T30 p\u00e9n\u00e8tre dans les canop\u00e9es \u00e9paisses avec une pulv\u00e9risation oblique, assurant une application uniforme des pesticides liquides et doublant le nombre de gouttelettes. Avec l\u2019aide de la plateforme Smart Agriculture Cloud et de la cartographie bas\u00e9e sur le cloud, les utilisateurs peuvent g\u00e9rer un verger num\u00e9rique en 3D, ce qui permet de se lancer facilement dans l\u2019agriculture num\u00e9rique. 16 buses de pulv\u00e9risation assurent une couverture \u00e9tendue avec une distribution uniforme, une forte p\u00e9n\u00e9tration et une pr\u00e9vention exceptionnelle de la d\u00e9rive.<\/div>\n<\/div>\n<\/div>\n<\/div>\n<\/div>\n<\/div>\n<div class=\"elementor-column elementor-col-50 elementor-top-column elementor-element elementor-element-26bad9\" data-id=\"26bad9\" data-element_type=\"column\">\n<div class=\"elementor-column-wrap elementor-element-populated\">\n<div class=\"elementor-widget-wrap\">\n<div class=\"elementor-element elementor-element-33ea1ee elementor-widget elementor-widget-heading\" data-id=\"33ea1ee\" data-element_type=\"widget\" data-widget_type=\"heading.default\">\n<div class=\"elementor-widget-container\">\n<h3 class=\"elementor-heading-title elementor-size-default\">\u00c9quip\u00e9 de 16 buses pour de meilleures performances<\/h3>\n<\/div>\n<\/div>\n<div class=\"elementor-element elementor-element-5d506ca6 elementor-widget elementor-widget-text-editor\" data-id=\"5d506ca6\" data-element_type=\"widget\" data-widget_type=\"text-editor.default\">\n<div class=\"elementor-widget-container\">\n<div class=\"elementor-text-editor elementor-clearfix\">\n<p>Huit jeux d\u2019\u00e9lectrovannes permettent un contr\u00f4le ind\u00e9pendant de la fr\u00e9quence variable et une pulv\u00e9risation \u00e0 tour de r\u00f4le. La conception de la pompe \u00e0 double piston \u00e0 six cylindres horizontalement oppos\u00e9s fournit une forte puissance de pulv\u00e9risation et un d\u00e9bit \u00e9lev\u00e9 pouvant atteindre 8 litres par minute par les\u00a016 buses int\u00e9gr\u00e9s.<\/p>\n<p>\u00c9quip\u00e9 d\u2019une grande cuve de pulv\u00e9risation de 30 kg, l\u2019Agras T30 a une largeur de pulv\u00e9risation de 9 m\u00e8tres et une efficacit\u00e9 de pulv\u00e9risation de 40 acres\/heure, soit 33,3 % de plus que sa g\u00e9n\u00e9ration pr\u00e9c\u00e9dente.<\/p>\n<\/div>\n<\/div>\n<\/div>\n<\/div>\n<\/div>\n<\/div>\n<\/li>\n<\/ul>\n<\/div>\n<\/div>\n<\/div>","protected":false},"excerpt":{"rendered":"<div class=\"elementor-element elementor-element-2fbb8dd6 elementor-widget elementor-widget-heading\" data-id=\"2fbb8dd6\" data-element_type=\"widget\" data-widget_type=\"heading.default\">\n<div class=\"elementor-widget-container\">\n<h3 class=\"elementor-heading-title elementor-size-default\">Drone d&#8217;\u00e9pandage AGRAS T30 pour le traitement des cultures<\/h3>\n<\/div>\n<\/div>\n<div class=\"elementor-element elementor-element-7cdb4314 elementor-widget elementor-widget-text-editor\" data-id=\"7cdb4314\" data-element_type=\"widget\" data-widget_type=\"text-editor.default\">\n<div class=\"elementor-widget-container\">\n<div class=\"elementor-text-editor elementor-clearfix\">Avec un r\u00e9servoir de pulv\u00e9risation de 30 litres, le DJI Agras T30 porte l\u2019efficacit\u00e9 de la pulv\u00e9risation a\u00e9rienne \u00e0 de nouveaux sommets. Un corps transformateur r\u00e9volutionnaire permet une pulv\u00e9risation plus efficace, notamment pour les arbres fruitiers. Gr\u00e2ce aux solutions d\u2019agriculture num\u00e9rique de DJI, le T30 permet de r\u00e9duire l\u2019utilisation d\u2019engrais et d\u2019augmenter le rendement gr\u00e2ce \u00e0 des pratiques optimales efficaces et bas\u00e9es sur les donn\u00e9es.<\/div>\n<\/div>\n<\/div>","protected":false},"featured_media":3373,"comment_status":"open","ping_status":"closed","template":"","meta":{"_eb_attr":"","ocean_post_layout":"","ocean_both_sidebars_style":"","ocean_both_sidebars_content_width":0,"ocean_both_sidebars_sidebars_width":0,"ocean_sidebar":"","ocean_second_sidebar":"","ocean_disable_margins":"enable","ocean_add_body_class":"","ocean_shortcode_before_top_bar":"","ocean_shortcode_after_top_bar":"","ocean_shortcode_before_header":"","ocean_shortcode_after_header":"","ocean_has_shortcode":"","ocean_shortcode_after_title":"","ocean_shortcode_before_footer_widgets":"","ocean_shortcode_after_footer_widgets":"","ocean_shortcode_before_footer_bottom":"","ocean_shortcode_after_footer_bottom":"","ocean_display_top_bar":"default","ocean_display_header":"default","ocean_header_style":"","ocean_center_header_left_menu":"","ocean_custom_header_template":"","ocean_custom_logo":0,"ocean_custom_retina_logo":0,"ocean_custom_logo_max_width":0,"ocean_custom_logo_tablet_max_width":0,"ocean_custom_logo_mobile_max_width":0,"ocean_custom_logo_max_height":0,"ocean_custom_logo_tablet_max_height":0,"ocean_custom_logo_mobile_max_height":0,"ocean_header_custom_menu":"","ocean_menu_typo_font_family":"","ocean_menu_typo_font_subset":"","ocean_menu_typo_font_size":0,"ocean_menu_typo_font_size_tablet":0,"ocean_menu_typo_font_size_mobile":0,"ocean_menu_typo_font_size_unit":"px","ocean_menu_typo_font_weight":"","ocean_menu_typo_font_weight_tablet":"","ocean_menu_typo_font_weight_mobile":"","ocean_menu_typo_transform":"","ocean_menu_typo_transform_tablet":"","ocean_menu_typo_transform_mobile":"","ocean_menu_typo_line_height":0,"ocean_menu_typo_line_height_tablet":0,"ocean_menu_typo_line_height_mobile":0,"ocean_menu_typo_line_height_unit":"","ocean_menu_typo_spacing":0,"ocean_menu_typo_spacing_tablet":0,"ocean_menu_typo_spacing_mobile":0,"ocean_menu_typo_spacing_unit":"","ocean_menu_link_color":"","ocean_menu_link_color_hover":"","ocean_menu_link_color_active":"","ocean_menu_link_background":"","ocean_menu_link_hover_background":"","ocean_menu_link_active_background":"","ocean_menu_social_links_bg":"","ocean_menu_social_hover_links_bg":"","ocean_menu_social_links_color":"","ocean_menu_social_hover_links_color":"","ocean_disable_title":"default","ocean_disable_heading":"default","ocean_post_title":"","ocean_post_subheading":"","ocean_post_title_style":"","ocean_post_title_background_color":"","ocean_post_title_background":0,"ocean_post_title_bg_image_position":"","ocean_post_title_bg_image_attachment":"","ocean_post_title_bg_image_repeat":"","ocean_post_title_bg_image_size":"","ocean_post_title_height":0,"ocean_post_title_bg_overlay":0.5,"ocean_post_title_bg_overlay_color":"","ocean_disable_breadcrumbs":"default","ocean_breadcrumbs_color":"","ocean_breadcrumbs_separator_color":"","ocean_breadcrumbs_links_color":"","ocean_breadcrumbs_links_hover_color":"","ocean_display_footer_widgets":"default","ocean_display_footer_bottom":"default","ocean_custom_footer_template":""},"product_brand":[],"product_cat":[33],"product_tag":[],"class_list":{"0":"post-3372","1":"product","2":"type-product","3":"status-publish","4":"has-post-thumbnail","6":"product_cat-prise-de-vue","8":"entry","9":"has-media","11":"first","12":"instock","13":"shipping-taxable","14":"product-type-simple","15":"has-product-nav","16":"col","17":"span_1_of_3","18":"owp-content-center","19":"owp-thumbs-layout-horizontal","20":"owp-btn-normal","21":"owp-tabs-layout-horizontal","22":"has-no-thumbnails","24":"circle-sale"},"yoast_head":"<!-- This site is optimized with the Yoast SEO plugin v27.2 - https:\/\/yoast.com\/product\/yoast-seo-wordpress\/ -->\n<title>Drone d&#039;\u00e9pandage AGRAS T30 - Sparte Robotics<\/title>\n<meta name=\"description\" content=\"Achetez les meilleurs drones DJI Drone d&#039;\u00e9pandage AGRAS T30 au Cameroun, COTE D&#039;IVOIRE. Livraison rapide, service client de qualit\u00e9 et expertise en drones.\" \/>\n<meta name=\"robots\" content=\"index, follow, max-snippet:-1, max-image-preview:large, max-video-preview:-1\" \/>\n<link rel=\"canonical\" href=\"https:\/\/sparterobotics.com\/fr\/produit\/drone-depandage-agras-t30\/\" \/>\n<meta property=\"og:locale\" content=\"fr_FR\" \/>\n<meta property=\"og:type\" content=\"article\" \/>\n<meta property=\"og:title\" content=\"Drone d&#039;\u00e9pandage AGRAS T30 - Sparte Robotics\" \/>\n<meta property=\"og:description\" content=\"Achetez les meilleurs drones DJI Drone d&#039;\u00e9pandage AGRAS T30 au Cameroun, COTE D&#039;IVOIRE. Livraison rapide, service client de qualit\u00e9 et expertise en drones.\" \/>\n<meta property=\"og:url\" content=\"https:\/\/sparterobotics.com\/fr\/produit\/drone-depandage-agras-t30\/\" \/>\n<meta property=\"og:site_name\" content=\"Sparte Robotics\" \/>\n<meta property=\"article:publisher\" content=\"https:\/\/www.facebook.com\/SparteRobotics\/\" \/>\n<meta property=\"article:modified_time\" content=\"2023-10-06T17:25:25+00:00\" \/>\n<meta property=\"og:image\" content=\"https:\/\/sparterobotics.com\/wp-content\/uploads\/2023\/10\/AGRAS-T30-DJI-removebg-preview.png\" \/>\n\t<meta property=\"og:image:width\" content=\"300\" \/>\n\t<meta property=\"og:image:height\" content=\"300\" \/>\n\t<meta property=\"og:image:type\" content=\"image\/png\" \/>\n<meta name=\"twitter:card\" content=\"summary_large_image\" \/>\n<meta name=\"twitter:site\" content=\"@RoboticsSparte\" \/>\n<meta name=\"twitter:label1\" content=\"Dur\u00e9e de lecture estim\u00e9e\" \/>\n\t<meta name=\"twitter:data1\" content=\"2 minutes\" \/>\n<script type=\"application\/ld+json\" class=\"yoast-schema-graph\">{\"@context\":\"https:\/\/schema.org\",\"@graph\":[{\"@type\":\"WebPage\",\"@id\":\"https:\/\/sparterobotics.com\/product\/drone-depandage-agras-t30\/\",\"url\":\"https:\/\/sparterobotics.com\/product\/drone-depandage-agras-t30\/\",\"name\":\"Drone d'\u00e9pandage AGRAS T30 - Sparte Robotics\",\"isPartOf\":{\"@id\":\"https:\/\/sparterobotics.com\/fr\/#website\"},\"primaryImageOfPage\":{\"@id\":\"https:\/\/sparterobotics.com\/product\/drone-depandage-agras-t30\/#primaryimage\"},\"image\":{\"@id\":\"https:\/\/sparterobotics.com\/product\/drone-depandage-agras-t30\/#primaryimage\"},\"thumbnailUrl\":\"https:\/\/sparterobotics.com\/wp-content\/uploads\/2023\/10\/AGRAS-T30-DJI-removebg-preview.png\",\"datePublished\":\"2023-10-03T09:51:05+00:00\",\"dateModified\":\"2023-10-06T17:25:25+00:00\",\"description\":\"Achetez les meilleurs drones DJI Drone d'\u00e9pandage AGRAS T30 au Cameroun, COTE D'IVOIRE. Livraison rapide, service client de qualit\u00e9 et expertise en drones.\",\"breadcrumb\":{\"@id\":\"https:\/\/sparterobotics.com\/product\/drone-depandage-agras-t30\/#breadcrumb\"},\"inLanguage\":\"fr-FR\",\"potentialAction\":[{\"@type\":\"ReadAction\",\"target\":[\"https:\/\/sparterobotics.com\/product\/drone-depandage-agras-t30\/\"]}]},{\"@type\":\"ImageObject\",\"inLanguage\":\"fr-FR\",\"@id\":\"https:\/\/sparterobotics.com\/product\/drone-depandage-agras-t30\/#primaryimage\",\"url\":\"https:\/\/sparterobotics.com\/wp-content\/uploads\/2023\/10\/AGRAS-T30-DJI-removebg-preview.png\",\"contentUrl\":\"https:\/\/sparterobotics.com\/wp-content\/uploads\/2023\/10\/AGRAS-T30-DJI-removebg-preview.png\",\"width\":300,\"height\":300},{\"@type\":\"BreadcrumbList\",\"@id\":\"https:\/\/sparterobotics.com\/product\/drone-depandage-agras-t30\/#breadcrumb\",\"itemListElement\":[{\"@type\":\"ListItem\",\"position\":1,\"name\":\"Home\",\"item\":\"https:\/\/sparterobotics.com\/\"},{\"@type\":\"ListItem\",\"position\":2,\"name\":\"Shop\",\"item\":\"https:\/\/sparterobotics.com\/shop-drone-mavic-phantom-dji-cameroun\/\"},{\"@type\":\"ListItem\",\"position\":3,\"name\":\"Drone d&#8217;\u00e9pandage AGRAS T30\"}]},{\"@type\":\"WebSite\",\"@id\":\"https:\/\/sparterobotics.com\/fr\/#website\",\"url\":\"https:\/\/sparterobotics.com\/fr\/\",\"name\":\"Sparte Robotics\",\"description\":\"robotique cameroun\",\"publisher\":{\"@id\":\"https:\/\/sparterobotics.com\/fr\/#organization\"},\"alternateName\":\"Sparte Robotics\",\"potentialAction\":[{\"@type\":\"SearchAction\",\"target\":{\"@type\":\"EntryPoint\",\"urlTemplate\":\"https:\/\/sparterobotics.com\/fr\/?s={search_term_string}\"},\"query-input\":{\"@type\":\"PropertyValueSpecification\",\"valueRequired\":true,\"valueName\":\"search_term_string\"}}],\"inLanguage\":\"fr-FR\"},{\"@type\":\"Organization\",\"@id\":\"https:\/\/sparterobotics.com\/fr\/#organization\",\"name\":\"Sparte Robotics\",\"url\":\"https:\/\/sparterobotics.com\/fr\/\",\"logo\":{\"@type\":\"ImageObject\",\"inLanguage\":\"fr-FR\",\"@id\":\"https:\/\/sparterobotics.com\/fr\/#\/schema\/logo\/image\/\",\"url\":\"https:\/\/sparterobotics.com\/wp-content\/uploads\/2023\/09\/cropped-OIP.jpeg\",\"contentUrl\":\"https:\/\/sparterobotics.com\/wp-content\/uploads\/2023\/09\/cropped-OIP.jpeg\",\"width\":474,\"height\":190,\"caption\":\"Sparte Robotics\"},\"image\":{\"@id\":\"https:\/\/sparterobotics.com\/fr\/#\/schema\/logo\/image\/\"},\"sameAs\":[\"https:\/\/www.facebook.com\/SparteRobotics\/\",\"https:\/\/x.com\/RoboticsSparte\",\"https:\/\/www.linkedin.com\/company\/sparte-robotics\"]}]}<\/script>\n<!-- \/ Yoast SEO plugin. -->","yoast_head_json":{"title":"Drone d'\u00e9pandage AGRAS T30 - Sparte Robotics","description":"Achetez les meilleurs drones DJI Drone d'\u00e9pandage AGRAS T30 au Cameroun, COTE D'IVOIRE. Livraison rapide, service client de qualit\u00e9 et expertise en drones.","robots":{"index":"index","follow":"follow","max-snippet":"max-snippet:-1","max-image-preview":"max-image-preview:large","max-video-preview":"max-video-preview:-1"},"canonical":"https:\/\/sparterobotics.com\/fr\/produit\/drone-depandage-agras-t30\/","og_locale":"fr_FR","og_type":"article","og_title":"Drone d'\u00e9pandage AGRAS T30 - Sparte Robotics","og_description":"Achetez les meilleurs drones DJI Drone d'\u00e9pandage AGRAS T30 au Cameroun, COTE D'IVOIRE. Livraison rapide, service client de qualit\u00e9 et expertise en drones.","og_url":"https:\/\/sparterobotics.com\/fr\/produit\/drone-depandage-agras-t30\/","og_site_name":"Sparte Robotics","article_publisher":"https:\/\/www.facebook.com\/SparteRobotics\/","article_modified_time":"2023-10-06T17:25:25+00:00","og_image":[{"width":300,"height":300,"url":"https:\/\/sparterobotics.com\/wp-content\/uploads\/2023\/10\/AGRAS-T30-DJI-removebg-preview.png","type":"image\/png"}],"twitter_card":"summary_large_image","twitter_site":"@RoboticsSparte","twitter_misc":{"Dur\u00e9e de lecture estim\u00e9e":"2 minutes"},"schema":{"@context":"https:\/\/schema.org","@graph":[{"@type":"WebPage","@id":"https:\/\/sparterobotics.com\/product\/drone-depandage-agras-t30\/","url":"https:\/\/sparterobotics.com\/product\/drone-depandage-agras-t30\/","name":"Drone d'\u00e9pandage AGRAS T30 - Sparte Robotics","isPartOf":{"@id":"https:\/\/sparterobotics.com\/fr\/#website"},"primaryImageOfPage":{"@id":"https:\/\/sparterobotics.com\/product\/drone-depandage-agras-t30\/#primaryimage"},"image":{"@id":"https:\/\/sparterobotics.com\/product\/drone-depandage-agras-t30\/#primaryimage"},"thumbnailUrl":"https:\/\/sparterobotics.com\/wp-content\/uploads\/2023\/10\/AGRAS-T30-DJI-removebg-preview.png","datePublished":"2023-10-03T09:51:05+00:00","dateModified":"2023-10-06T17:25:25+00:00","description":"Achetez les meilleurs drones DJI Drone d'\u00e9pandage AGRAS T30 au Cameroun, COTE D'IVOIRE. Livraison rapide, service client de qualit\u00e9 et expertise en drones.","breadcrumb":{"@id":"https:\/\/sparterobotics.com\/product\/drone-depandage-agras-t30\/#breadcrumb"},"inLanguage":"fr-FR","potentialAction":[{"@type":"ReadAction","target":["https:\/\/sparterobotics.com\/product\/drone-depandage-agras-t30\/"]}]},{"@type":"ImageObject","inLanguage":"fr-FR","@id":"https:\/\/sparterobotics.com\/product\/drone-depandage-agras-t30\/#primaryimage","url":"https:\/\/sparterobotics.com\/wp-content\/uploads\/2023\/10\/AGRAS-T30-DJI-removebg-preview.png","contentUrl":"https:\/\/sparterobotics.com\/wp-content\/uploads\/2023\/10\/AGRAS-T30-DJI-removebg-preview.png","width":300,"height":300},{"@type":"BreadcrumbList","@id":"https:\/\/sparterobotics.com\/product\/drone-depandage-agras-t30\/#breadcrumb","itemListElement":[{"@type":"ListItem","position":1,"name":"Home","item":"https:\/\/sparterobotics.com\/"},{"@type":"ListItem","position":2,"name":"Shop","item":"https:\/\/sparterobotics.com\/shop-drone-mavic-phantom-dji-cameroun\/"},{"@type":"ListItem","position":3,"name":"Drone d&#8217;\u00e9pandage AGRAS T30"}]},{"@type":"WebSite","@id":"https:\/\/sparterobotics.com\/fr\/#website","url":"https:\/\/sparterobotics.com\/fr\/","name":"Sparte Robotics","description":"robotique cameroun","publisher":{"@id":"https:\/\/sparterobotics.com\/fr\/#organization"},"alternateName":"Sparte Robotics","potentialAction":[{"@type":"SearchAction","target":{"@type":"EntryPoint","urlTemplate":"https:\/\/sparterobotics.com\/fr\/?s={search_term_string}"},"query-input":{"@type":"PropertyValueSpecification","valueRequired":true,"valueName":"search_term_string"}}],"inLanguage":"fr-FR"},{"@type":"Organization","@id":"https:\/\/sparterobotics.com\/fr\/#organization","name":"Sparte Robotics","url":"https:\/\/sparterobotics.com\/fr\/","logo":{"@type":"ImageObject","inLanguage":"fr-FR","@id":"https:\/\/sparterobotics.com\/fr\/#\/schema\/logo\/image\/","url":"https:\/\/sparterobotics.com\/wp-content\/uploads\/2023\/09\/cropped-OIP.jpeg","contentUrl":"https:\/\/sparterobotics.com\/wp-content\/uploads\/2023\/09\/cropped-OIP.jpeg","width":474,"height":190,"caption":"Sparte Robotics"},"image":{"@id":"https:\/\/sparterobotics.com\/fr\/#\/schema\/logo\/image\/"},"sameAs":["https:\/\/www.facebook.com\/SparteRobotics\/","https:\/\/x.com\/RoboticsSparte","https:\/\/www.linkedin.com\/company\/sparte-robotics"]}]}},"_links":{"self":[{"href":"https:\/\/sparterobotics.com\/fr\/wp-json\/wp\/v2\/product\/3372","targetHints":{"allow":["GET"]}}],"collection":[{"href":"https:\/\/sparterobotics.com\/fr\/wp-json\/wp\/v2\/product"}],"about":[{"href":"https:\/\/sparterobotics.com\/fr\/wp-json\/wp\/v2\/types\/product"}],"replies":[{"embeddable":true,"href":"https:\/\/sparterobotics.com\/fr\/wp-json\/wp\/v2\/comments?post=3372"}],"wp:featuredmedia":[{"embeddable":true,"href":"https:\/\/sparterobotics.com\/fr\/wp-json\/wp\/v2\/media\/3373"}],"wp:attachment":[{"href":"https:\/\/sparterobotics.com\/fr\/wp-json\/wp\/v2\/media?parent=3372"}],"wp:term":[{"taxonomy":"product_brand","embeddable":true,"href":"https:\/\/sparterobotics.com\/fr\/wp-json\/wp\/v2\/product_brand?post=3372"},{"taxonomy":"product_cat","embeddable":true,"href":"https:\/\/sparterobotics.com\/fr\/wp-json\/wp\/v2\/product_cat?post=3372"},{"taxonomy":"product_tag","embeddable":true,"href":"https:\/\/sparterobotics.com\/fr\/wp-json\/wp\/v2\/product_tag?post=3372"}],"curies":[{"name":"wp","href":"https:\/\/api.w.org\/{rel}","templated":true}]}}