{"id":3360,"date":"2023-10-02T11:46:13","date_gmt":"2023-10-02T10:46:13","guid":{"rendered":"https:\/\/sparterobotics.com\/?post_type=product&#038;p=3360"},"modified":"2024-11-17T12:43:34","modified_gmt":"2024-11-17T11:43:34","slug":"dji-mini-3-pro-cameroun-sparte-robotics","status":"publish","type":"product","link":"https:\/\/sparterobotics.com\/fr\/produit\/dji-mini-3-pro-cameroun-sparte-robotics\/","title":{"rendered":"DJI Mini 3 Pro"},"content":{"rendered":"<div class=\"elementor-element elementor-element-eb3eadf elementor-widget elementor-widget-heading\" data-id=\"eb3eadf\" data-element_type=\"widget\" data-widget_type=\"heading.default\">\n<div class=\"elementor-widget-container\">\n<h3 class=\"elementor-heading-title elementor-size-default\">Des performances \u00e0 toute \u00e9preuve<\/h3>\n<\/div>\n<\/div>\n<div class=\"elementor-element elementor-element-b04e434 elementor-widget elementor-widget-text-editor\" data-id=\"b04e434\" data-element_type=\"widget\" data-widget_type=\"text-editor.default\">\n<div class=\"elementor-widget-container\">\n<div class=\"elementor-text-editor elementor-clearfix\">\n<p>Le Mini 3 Pro arbore un tout nouveau look, optimis\u00e9 pour tirer le meilleur parti de chaque vol. Avec des h\u00e9lices plus grandes, une inclinaison a\u00e9rodynamique du corps et un puissant syst\u00e8me de d\u00e9tection des obstacles, le design \u00e9pur\u00e9 permet d\u2019augmenter le temps de vol et la s\u00e9curit\u00e9.<\/p>\n<p>La nacelle r\u00e9imagin\u00e9e offre une plage de rotation plus large pour les prises de vue \u00e0 faible angle et la prise de vue en format portrait, ce qui permet des possibilit\u00e9s cr\u00e9atives infinies. Chaque aspect de ce lifting a \u00e9t\u00e9 soigneusement \u00e9tudi\u00e9 pour amener Mini \u00e0 des sommets jamais atteints auparavant.<\/p>\n<div class=\"elementor-element elementor-element-c7604a7 elementor-widget elementor-widget-heading\" data-id=\"c7604a7\" data-element_type=\"widget\" data-widget_type=\"heading.default\">\n<div class=\"elementor-widget-container\">\n<h3 class=\"elementor-heading-title elementor-size-default\">Un temps de vol maxi<\/h3>\n<\/div>\n<\/div>\n<div class=\"elementor-element elementor-element-69462be elementor-widget elementor-widget-text-editor\" data-id=\"69462be\" data-element_type=\"widget\" data-widget_type=\"text-editor.default\">\n<div class=\"elementor-widget-container\">\n<div class=\"elementor-text-editor elementor-clearfix\">\n<p>Capturez et explorez davantage votre environnement gr\u00e2ce \u00e0 une dur\u00e9e de vol prolong\u00e9e allant de 34 \u00e0 47 minutes. La batterie de vol intelligente native du DJI Mini 3 Pro est ultra-l\u00e9g\u00e8re et offre suffisamment de puissance pour couvrir vos besoins en photographie a\u00e9rienne. Si vous avez besoin d\u2019un temps de vol plus cons\u00e9quent, la batterie Intelligent Flight Battery Plus vous offrira 47 minutes de vol.<\/p>\n<\/div>\n<\/div>\n<\/div>\n<\/div>\n<\/div>\n<\/div>","protected":false},"excerpt":{"rendered":"<div class=\"elementor-element elementor-element-17d98c1 elementor-widget elementor-widget-heading\" data-id=\"17d98c1\" data-element_type=\"widget\" data-widget_type=\"heading.default\">\n<div class=\"elementor-widget-container\">\n<h3 class=\"elementor-heading-title elementor-size-default\">Le Mini 3 pro, un drone professionnel compact polyvalent<\/h3>\n<\/div>\n<\/div>\n<div class=\"elementor-element elementor-element-74981dd elementor-widget elementor-widget-text-editor\" data-id=\"74981dd\" data-element_type=\"widget\" data-widget_type=\"text-editor.default\">\n<div class=\"elementor-widget-container\">\n<div class=\"elementor-text-editor elementor-clearfix\">\n<p>Le DJI Mini 3 Pro est un drone aussi puissant que compact. Pesant moins de 249 g et \u00e9tant dot\u00e9 de fonctions de s\u00e9curit\u00e9 am\u00e9lior\u00e9es, il est non seulement conforme \u00e0 la r\u00e9glementation, mais aussi le plus s\u00fbr de sa s\u00e9rie. Avec son capteur de 1\/1,3 pouce capable de filmer en 4K et des fonctionnalit\u00e9s de haut niveau, il red\u00e9finit ce que signifie voler en Mini.<\/p>\n<\/div>\n<\/div>\n<\/div>","protected":false},"featured_media":3313,"comment_status":"open","ping_status":"closed","template":"","meta":{"_eb_attr":"","ocean_post_layout":"","ocean_both_sidebars_style":"","ocean_both_sidebars_content_width":0,"ocean_both_sidebars_sidebars_width":0,"ocean_sidebar":"","ocean_second_sidebar":"","ocean_disable_margins":"enable","ocean_add_body_class":"","ocean_shortcode_before_top_bar":"","ocean_shortcode_after_top_bar":"","ocean_shortcode_before_header":"","ocean_shortcode_after_header":"","ocean_has_shortcode":"","ocean_shortcode_after_title":"","ocean_shortcode_before_footer_widgets":"","ocean_shortcode_after_footer_widgets":"","ocean_shortcode_before_footer_bottom":"","ocean_shortcode_after_footer_bottom":"","ocean_display_top_bar":"default","ocean_display_header":"default","ocean_header_style":"","ocean_center_header_left_menu":"","ocean_custom_header_template":"","ocean_custom_logo":0,"ocean_custom_retina_logo":0,"ocean_custom_logo_max_width":0,"ocean_custom_logo_tablet_max_width":0,"ocean_custom_logo_mobile_max_width":0,"ocean_custom_logo_max_height":0,"ocean_custom_logo_tablet_max_height":0,"ocean_custom_logo_mobile_max_height":0,"ocean_header_custom_menu":"","ocean_menu_typo_font_family":"","ocean_menu_typo_font_subset":"","ocean_menu_typo_font_size":0,"ocean_menu_typo_font_size_tablet":0,"ocean_menu_typo_font_size_mobile":0,"ocean_menu_typo_font_size_unit":"px","ocean_menu_typo_font_weight":"","ocean_menu_typo_font_weight_tablet":"","ocean_menu_typo_font_weight_mobile":"","ocean_menu_typo_transform":"","ocean_menu_typo_transform_tablet":"","ocean_menu_typo_transform_mobile":"","ocean_menu_typo_line_height":0,"ocean_menu_typo_line_height_tablet":0,"ocean_menu_typo_line_height_mobile":0,"ocean_menu_typo_line_height_unit":"","ocean_menu_typo_spacing":0,"ocean_menu_typo_spacing_tablet":0,"ocean_menu_typo_spacing_mobile":0,"ocean_menu_typo_spacing_unit":"","ocean_menu_link_color":"","ocean_menu_link_color_hover":"","ocean_menu_link_color_active":"","ocean_menu_link_background":"","ocean_menu_link_hover_background":"","ocean_menu_link_active_background":"","ocean_menu_social_links_bg":"","ocean_menu_social_hover_links_bg":"","ocean_menu_social_links_color":"","ocean_menu_social_hover_links_color":"","ocean_disable_title":"default","ocean_disable_heading":"default","ocean_post_title":"","ocean_post_subheading":"","ocean_post_title_style":"","ocean_post_title_background_color":"","ocean_post_title_background":0,"ocean_post_title_bg_image_position":"","ocean_post_title_bg_image_attachment":"","ocean_post_title_bg_image_repeat":"","ocean_post_title_bg_image_size":"","ocean_post_title_height":0,"ocean_post_title_bg_overlay":0.5,"ocean_post_title_bg_overlay_color":"","ocean_disable_breadcrumbs":"default","ocean_breadcrumbs_color":"","ocean_breadcrumbs_separator_color":"","ocean_breadcrumbs_links_color":"","ocean_breadcrumbs_links_hover_color":"","ocean_display_footer_widgets":"default","ocean_display_footer_bottom":"default","ocean_custom_footer_template":""},"product_brand":[],"product_cat":[20],"product_tag":[],"class_list":{"0":"post-3360","1":"product","2":"type-product","3":"status-publish","4":"has-post-thumbnail","6":"product_cat-uncategorized","8":"entry","9":"has-media","11":"first","12":"instock","13":"shipping-taxable","14":"product-type-simple","15":"has-product-nav","16":"col","17":"span_1_of_3","18":"owp-content-center","19":"owp-thumbs-layout-horizontal","20":"owp-btn-normal","21":"owp-tabs-layout-horizontal","22":"has-no-thumbnails","24":"circle-sale"},"yoast_head":"<!-- This site is optimized with the Yoast SEO plugin v27.2 - https:\/\/yoast.com\/product\/yoast-seo-wordpress\/ -->\n<title>DJI Mini 3 Pro - Sparte Robotics<\/title>\n<meta name=\"description\" content=\"Achetez au meilleurs prix, les drones DJI Mini 3 Pro au Cameroun. Livraison rapide, service client de qualit\u00e9 et expertise en drones au cameroun.\" \/>\n<meta name=\"robots\" content=\"index, follow, max-snippet:-1, max-image-preview:large, max-video-preview:-1\" \/>\n<link rel=\"canonical\" href=\"https:\/\/sparterobotics.com\/fr\/produit\/dji-mini-3-pro-cameroun-sparte-robotics\/\" \/>\n<meta property=\"og:locale\" content=\"fr_FR\" \/>\n<meta property=\"og:type\" content=\"article\" \/>\n<meta property=\"og:title\" content=\"DJI Mini 3 Pro - Sparte Robotics\" \/>\n<meta property=\"og:description\" content=\"Achetez au meilleurs prix, les drones DJI Mini 3 Pro au Cameroun. Livraison rapide, service client de qualit\u00e9 et expertise en drones au cameroun.\" \/>\n<meta property=\"og:url\" content=\"https:\/\/sparterobotics.com\/fr\/produit\/dji-mini-3-pro-cameroun-sparte-robotics\/\" \/>\n<meta property=\"og:site_name\" content=\"Sparte Robotics\" \/>\n<meta property=\"article:publisher\" content=\"https:\/\/www.facebook.com\/SparteRobotics\/\" \/>\n<meta property=\"article:modified_time\" content=\"2024-11-17T11:43:34+00:00\" \/>\n<meta property=\"og:image\" content=\"https:\/\/sparterobotics.com\/wp-content\/uploads\/2023\/09\/DJI-air2s-removebg-preview.png\" \/>\n\t<meta property=\"og:image:width\" content=\"300\" \/>\n\t<meta property=\"og:image:height\" content=\"300\" \/>\n\t<meta property=\"og:image:type\" content=\"image\/png\" \/>\n<meta name=\"twitter:card\" content=\"summary_large_image\" \/>\n<meta name=\"twitter:site\" content=\"@RoboticsSparte\" \/>\n<meta name=\"twitter:label1\" content=\"Dur\u00e9e de lecture estim\u00e9e\" \/>\n\t<meta name=\"twitter:data1\" content=\"1 minute\" \/>\n<script type=\"application\/ld+json\" class=\"yoast-schema-graph\">{\"@context\":\"https:\/\/schema.org\",\"@graph\":[{\"@type\":\"WebPage\",\"@id\":\"https:\/\/sparterobotics.com\/product\/dji-mini-3-pro-cameroun-sparte-robotics\/\",\"url\":\"https:\/\/sparterobotics.com\/product\/dji-mini-3-pro-cameroun-sparte-robotics\/\",\"name\":\"DJI Mini 3 Pro - Sparte Robotics\",\"isPartOf\":{\"@id\":\"https:\/\/sparterobotics.com\/fr\/#website\"},\"primaryImageOfPage\":{\"@id\":\"https:\/\/sparterobotics.com\/product\/dji-mini-3-pro-cameroun-sparte-robotics\/#primaryimage\"},\"image\":{\"@id\":\"https:\/\/sparterobotics.com\/product\/dji-mini-3-pro-cameroun-sparte-robotics\/#primaryimage\"},\"thumbnailUrl\":\"https:\/\/sparterobotics.com\/wp-content\/uploads\/2023\/09\/DJI-air2s-removebg-preview.png\",\"datePublished\":\"2023-10-02T10:46:13+00:00\",\"dateModified\":\"2024-11-17T11:43:34+00:00\",\"description\":\"Achetez au meilleurs prix, les drones DJI Mini 3 Pro au Cameroun. Livraison rapide, service client de qualit\u00e9 et expertise en drones au cameroun.\",\"breadcrumb\":{\"@id\":\"https:\/\/sparterobotics.com\/product\/dji-mini-3-pro-cameroun-sparte-robotics\/#breadcrumb\"},\"inLanguage\":\"fr-FR\",\"potentialAction\":[{\"@type\":\"ReadAction\",\"target\":[\"https:\/\/sparterobotics.com\/product\/dji-mini-3-pro-cameroun-sparte-robotics\/\"]}]},{\"@type\":\"ImageObject\",\"inLanguage\":\"fr-FR\",\"@id\":\"https:\/\/sparterobotics.com\/product\/dji-mini-3-pro-cameroun-sparte-robotics\/#primaryimage\",\"url\":\"https:\/\/sparterobotics.com\/wp-content\/uploads\/2023\/09\/DJI-air2s-removebg-preview.png\",\"contentUrl\":\"https:\/\/sparterobotics.com\/wp-content\/uploads\/2023\/09\/DJI-air2s-removebg-preview.png\",\"width\":300,\"height\":300,\"caption\":\"DJI-air 2S:cameroun-cote d'ivoie-afrique\"},{\"@type\":\"BreadcrumbList\",\"@id\":\"https:\/\/sparterobotics.com\/product\/dji-mini-3-pro-cameroun-sparte-robotics\/#breadcrumb\",\"itemListElement\":[{\"@type\":\"ListItem\",\"position\":1,\"name\":\"Home\",\"item\":\"https:\/\/sparterobotics.com\/\"},{\"@type\":\"ListItem\",\"position\":2,\"name\":\"Shop\",\"item\":\"https:\/\/sparterobotics.com\/shop-drone-mavic-phantom-dji-cameroun\/\"},{\"@type\":\"ListItem\",\"position\":3,\"name\":\"DJI Mini 3 Pro\"}]},{\"@type\":\"WebSite\",\"@id\":\"https:\/\/sparterobotics.com\/fr\/#website\",\"url\":\"https:\/\/sparterobotics.com\/fr\/\",\"name\":\"Sparte Robotics\",\"description\":\"robotique cameroun\",\"publisher\":{\"@id\":\"https:\/\/sparterobotics.com\/fr\/#organization\"},\"alternateName\":\"Sparte Robotics\",\"potentialAction\":[{\"@type\":\"SearchAction\",\"target\":{\"@type\":\"EntryPoint\",\"urlTemplate\":\"https:\/\/sparterobotics.com\/fr\/?s={search_term_string}\"},\"query-input\":{\"@type\":\"PropertyValueSpecification\",\"valueRequired\":true,\"valueName\":\"search_term_string\"}}],\"inLanguage\":\"fr-FR\"},{\"@type\":\"Organization\",\"@id\":\"https:\/\/sparterobotics.com\/fr\/#organization\",\"name\":\"Sparte Robotics\",\"url\":\"https:\/\/sparterobotics.com\/fr\/\",\"logo\":{\"@type\":\"ImageObject\",\"inLanguage\":\"fr-FR\",\"@id\":\"https:\/\/sparterobotics.com\/fr\/#\/schema\/logo\/image\/\",\"url\":\"https:\/\/sparterobotics.com\/wp-content\/uploads\/2023\/09\/cropped-OIP.jpeg\",\"contentUrl\":\"https:\/\/sparterobotics.com\/wp-content\/uploads\/2023\/09\/cropped-OIP.jpeg\",\"width\":474,\"height\":190,\"caption\":\"Sparte Robotics\"},\"image\":{\"@id\":\"https:\/\/sparterobotics.com\/fr\/#\/schema\/logo\/image\/\"},\"sameAs\":[\"https:\/\/www.facebook.com\/SparteRobotics\/\",\"https:\/\/x.com\/RoboticsSparte\",\"https:\/\/www.linkedin.com\/company\/sparte-robotics\"]}]}<\/script>\n<!-- \/ Yoast SEO plugin. -->","yoast_head_json":{"title":"DJI Mini 3 Pro - Sparte Robotics","description":"Achetez au meilleurs prix, les drones DJI Mini 3 Pro au Cameroun. Livraison rapide, service client de qualit\u00e9 et expertise en drones au cameroun.","robots":{"index":"index","follow":"follow","max-snippet":"max-snippet:-1","max-image-preview":"max-image-preview:large","max-video-preview":"max-video-preview:-1"},"canonical":"https:\/\/sparterobotics.com\/fr\/produit\/dji-mini-3-pro-cameroun-sparte-robotics\/","og_locale":"fr_FR","og_type":"article","og_title":"DJI Mini 3 Pro - Sparte Robotics","og_description":"Achetez au meilleurs prix, les drones DJI Mini 3 Pro au Cameroun. Livraison rapide, service client de qualit\u00e9 et expertise en drones au cameroun.","og_url":"https:\/\/sparterobotics.com\/fr\/produit\/dji-mini-3-pro-cameroun-sparte-robotics\/","og_site_name":"Sparte Robotics","article_publisher":"https:\/\/www.facebook.com\/SparteRobotics\/","article_modified_time":"2024-11-17T11:43:34+00:00","og_image":[{"width":300,"height":300,"url":"https:\/\/sparterobotics.com\/wp-content\/uploads\/2023\/09\/DJI-air2s-removebg-preview.png","type":"image\/png"}],"twitter_card":"summary_large_image","twitter_site":"@RoboticsSparte","twitter_misc":{"Dur\u00e9e de lecture estim\u00e9e":"1 minute"},"schema":{"@context":"https:\/\/schema.org","@graph":[{"@type":"WebPage","@id":"https:\/\/sparterobotics.com\/product\/dji-mini-3-pro-cameroun-sparte-robotics\/","url":"https:\/\/sparterobotics.com\/product\/dji-mini-3-pro-cameroun-sparte-robotics\/","name":"DJI Mini 3 Pro - Sparte Robotics","isPartOf":{"@id":"https:\/\/sparterobotics.com\/fr\/#website"},"primaryImageOfPage":{"@id":"https:\/\/sparterobotics.com\/product\/dji-mini-3-pro-cameroun-sparte-robotics\/#primaryimage"},"image":{"@id":"https:\/\/sparterobotics.com\/product\/dji-mini-3-pro-cameroun-sparte-robotics\/#primaryimage"},"thumbnailUrl":"https:\/\/sparterobotics.com\/wp-content\/uploads\/2023\/09\/DJI-air2s-removebg-preview.png","datePublished":"2023-10-02T10:46:13+00:00","dateModified":"2024-11-17T11:43:34+00:00","description":"Achetez au meilleurs prix, les drones DJI Mini 3 Pro au Cameroun. Livraison rapide, service client de qualit\u00e9 et expertise en drones au cameroun.","breadcrumb":{"@id":"https:\/\/sparterobotics.com\/product\/dji-mini-3-pro-cameroun-sparte-robotics\/#breadcrumb"},"inLanguage":"fr-FR","potentialAction":[{"@type":"ReadAction","target":["https:\/\/sparterobotics.com\/product\/dji-mini-3-pro-cameroun-sparte-robotics\/"]}]},{"@type":"ImageObject","inLanguage":"fr-FR","@id":"https:\/\/sparterobotics.com\/product\/dji-mini-3-pro-cameroun-sparte-robotics\/#primaryimage","url":"https:\/\/sparterobotics.com\/wp-content\/uploads\/2023\/09\/DJI-air2s-removebg-preview.png","contentUrl":"https:\/\/sparterobotics.com\/wp-content\/uploads\/2023\/09\/DJI-air2s-removebg-preview.png","width":300,"height":300,"caption":"DJI-air 2S:cameroun-cote d'ivoie-afrique"},{"@type":"BreadcrumbList","@id":"https:\/\/sparterobotics.com\/product\/dji-mini-3-pro-cameroun-sparte-robotics\/#breadcrumb","itemListElement":[{"@type":"ListItem","position":1,"name":"Home","item":"https:\/\/sparterobotics.com\/"},{"@type":"ListItem","position":2,"name":"Shop","item":"https:\/\/sparterobotics.com\/shop-drone-mavic-phantom-dji-cameroun\/"},{"@type":"ListItem","position":3,"name":"DJI Mini 3 Pro"}]},{"@type":"WebSite","@id":"https:\/\/sparterobotics.com\/fr\/#website","url":"https:\/\/sparterobotics.com\/fr\/","name":"Sparte Robotics","description":"robotique cameroun","publisher":{"@id":"https:\/\/sparterobotics.com\/fr\/#organization"},"alternateName":"Sparte Robotics","potentialAction":[{"@type":"SearchAction","target":{"@type":"EntryPoint","urlTemplate":"https:\/\/sparterobotics.com\/fr\/?s={search_term_string}"},"query-input":{"@type":"PropertyValueSpecification","valueRequired":true,"valueName":"search_term_string"}}],"inLanguage":"fr-FR"},{"@type":"Organization","@id":"https:\/\/sparterobotics.com\/fr\/#organization","name":"Sparte Robotics","url":"https:\/\/sparterobotics.com\/fr\/","logo":{"@type":"ImageObject","inLanguage":"fr-FR","@id":"https:\/\/sparterobotics.com\/fr\/#\/schema\/logo\/image\/","url":"https:\/\/sparterobotics.com\/wp-content\/uploads\/2023\/09\/cropped-OIP.jpeg","contentUrl":"https:\/\/sparterobotics.com\/wp-content\/uploads\/2023\/09\/cropped-OIP.jpeg","width":474,"height":190,"caption":"Sparte Robotics"},"image":{"@id":"https:\/\/sparterobotics.com\/fr\/#\/schema\/logo\/image\/"},"sameAs":["https:\/\/www.facebook.com\/SparteRobotics\/","https:\/\/x.com\/RoboticsSparte","https:\/\/www.linkedin.com\/company\/sparte-robotics"]}]}},"_links":{"self":[{"href":"https:\/\/sparterobotics.com\/fr\/wp-json\/wp\/v2\/product\/3360","targetHints":{"allow":["GET"]}}],"collection":[{"href":"https:\/\/sparterobotics.com\/fr\/wp-json\/wp\/v2\/product"}],"about":[{"href":"https:\/\/sparterobotics.com\/fr\/wp-json\/wp\/v2\/types\/product"}],"replies":[{"embeddable":true,"href":"https:\/\/sparterobotics.com\/fr\/wp-json\/wp\/v2\/comments?post=3360"}],"wp:featuredmedia":[{"embeddable":true,"href":"https:\/\/sparterobotics.com\/fr\/wp-json\/wp\/v2\/media\/3313"}],"wp:attachment":[{"href":"https:\/\/sparterobotics.com\/fr\/wp-json\/wp\/v2\/media?parent=3360"}],"wp:term":[{"taxonomy":"product_brand","embeddable":true,"href":"https:\/\/sparterobotics.com\/fr\/wp-json\/wp\/v2\/product_brand?post=3360"},{"taxonomy":"product_cat","embeddable":true,"href":"https:\/\/sparterobotics.com\/fr\/wp-json\/wp\/v2\/product_cat?post=3360"},{"taxonomy":"product_tag","embeddable":true,"href":"https:\/\/sparterobotics.com\/fr\/wp-json\/wp\/v2\/product_tag?post=3360"}],"curies":[{"name":"wp","href":"https:\/\/api.w.org\/{rel}","templated":true}]}}