{"id":3317,"date":"2023-09-27T12:48:50","date_gmt":"2023-09-27T11:48:50","guid":{"rendered":"https:\/\/sparterobotics.com\/?post_type=product&#038;p=3317"},"modified":"2023-09-27T14:38:57","modified_gmt":"2023-09-27T13:38:57","slug":"dji-air-3-prix-drone-cameroun","status":"publish","type":"product","link":"https:\/\/sparterobotics.com\/fr\/produit\/dji-air-3-prix-drone-cameroun\/","title":{"rendered":"DJI Air 3"},"content":{"rendered":"<h3 class=\"elementor-heading-title elementor-size-default\">Syst\u00e8me d&#8217;imagerie \u00e0 double cam\u00e9ra<\/h3>\n<p>L&#8217;Air 3, premier appareil photo \u00e0 deux objectifs de la s\u00e9rie Air, combine un appareil photo grand angle CMOS de 1\/1,3 pouce et un appareil photo zoom 3x CMOS de 1\/1,3 pouce dans un corps compact. Avec une qualit\u00e9 d&#8217;image constante et des possibilit\u00e9s d&#8217;imagerie dynamiques, il offre des photos d\u00e9taill\u00e9es de 48 Mpx et un recadrage transparent en post-production.<\/p>\n<p>Les deux capteurs CMOS de 1\/1,3 pouce prennent en charge la double sensibilit\u00e9 ISO native pour des vid\u00e9os HDR 4K\/60fps sans recadrage. Disponible au Gabon, en C\u00f4te d&#8217;Ivoire, au Nigeria et au S\u00e9n\u00e9gal, capturez des paysages grandioses avec le capteur grand angle (\u00e9quivalent 24mm) et cadrez n&#8217;importe quel sujet avec le zoom optique 3x de la cam\u00e9ra (\u00e9quivalent 70mm).<\/p>\n<h3 class=\"elementor-heading-title elementor-size-default\">Des fonctionnalit\u00e9s intelligentes<\/h3>\n<p>Hyperlapse et Panorama : Cr\u00e9ez des hyperlapses saisissants et capturez des panoramas d\u00e9taill\u00e9s de votre environnement en un simple toucher.<\/p>\n<p>MasterShots : La fonction avanc\u00e9e Masters hots permet de r\u00e9aliser facilement les meilleures prises de vue, en effectuant dix man\u0153uvres diff\u00e9rentes pour cr\u00e9er une vid\u00e9o cin\u00e9matique.<\/p>\n<p>Spotlight 2.0 : La cam\u00e9ra reste centr\u00e9e sur votre sujet lors de vols en spirale ou de prises de vue en gros plan, avec la fonction zoom pour des clich\u00e9s clairs \u00e0 distance. Disponible au Gabon, en C\u00f4te d&#8217;Ivoire, au Nigeria et au S\u00e9n\u00e9gal.<\/p>\n<p>Activetrack 5.0 : Suivez votre sujet en douceur tout en \u00e9vitant les obstacles, avec une reprise rapide du suivi en cas de perte temporaire.<\/p>\n<p>Point d&#8217;int\u00e9r\u00eat 3.0 : Capturez facilement des photos en cercle parfait en gardant votre sujet centr\u00e9. Disponible au Gabon, en C\u00f4te d&#8217;Ivoire, au Nigeria et au S\u00e9n\u00e9gal.<\/p>","protected":false},"excerpt":{"rendered":"<div class=\"elementor-element elementor-element-17d98c1 elementor-widget elementor-widget-heading\" data-id=\"17d98c1\" data-element_type=\"widget\" data-widget_type=\"heading.default\">\n<div class=\"elementor-widget-container\">\n<h1 class=\"elementor-heading-title elementor-size-default\">Le DJI Air 3, un drone double capteurs compact<\/h1>\n<\/div>\n<\/div>\n<div class=\"elementor-element elementor-element-74981dd elementor-widget elementor-widget-text-editor\" data-id=\"74981dd\" data-element_type=\"widget\" data-widget_type=\"text-editor.default\">\n<div class=\"elementor-widget-container\">\n<div class=\"elementor-text-editor elementor-clearfix\">\n<p>Dot\u00e9 d\u2019un double capteur grand angle et zoom, de puissantes fonctions autonomes et d\u2019un corps compact de 720 g, le DJI Air 3 est le drone ultime pour les cr\u00e9ateurs en d\u00e9placement. Emportez le n\u2019importe o\u00f9 pour vivre et enregistrer votre monde dans des d\u00e9tails \u00e9poustouflants.<\/p>\n<\/div>\n<\/div>\n<\/div>","protected":false},"featured_media":3318,"comment_status":"open","ping_status":"closed","template":"","meta":{"_eb_attr":"","ocean_post_layout":"","ocean_both_sidebars_style":"","ocean_both_sidebars_content_width":0,"ocean_both_sidebars_sidebars_width":0,"ocean_sidebar":"","ocean_second_sidebar":"","ocean_disable_margins":"enable","ocean_add_body_class":"","ocean_shortcode_before_top_bar":"","ocean_shortcode_after_top_bar":"","ocean_shortcode_before_header":"","ocean_shortcode_after_header":"","ocean_has_shortcode":"","ocean_shortcode_after_title":"","ocean_shortcode_before_footer_widgets":"","ocean_shortcode_after_footer_widgets":"","ocean_shortcode_before_footer_bottom":"","ocean_shortcode_after_footer_bottom":"","ocean_display_top_bar":"default","ocean_display_header":"default","ocean_header_style":"","ocean_center_header_left_menu":"","ocean_custom_header_template":"","ocean_custom_logo":0,"ocean_custom_retina_logo":0,"ocean_custom_logo_max_width":0,"ocean_custom_logo_tablet_max_width":0,"ocean_custom_logo_mobile_max_width":0,"ocean_custom_logo_max_height":0,"ocean_custom_logo_tablet_max_height":0,"ocean_custom_logo_mobile_max_height":0,"ocean_header_custom_menu":"","ocean_menu_typo_font_family":"","ocean_menu_typo_font_subset":"","ocean_menu_typo_font_size":0,"ocean_menu_typo_font_size_tablet":0,"ocean_menu_typo_font_size_mobile":0,"ocean_menu_typo_font_size_unit":"px","ocean_menu_typo_font_weight":"","ocean_menu_typo_font_weight_tablet":"","ocean_menu_typo_font_weight_mobile":"","ocean_menu_typo_transform":"","ocean_menu_typo_transform_tablet":"","ocean_menu_typo_transform_mobile":"","ocean_menu_typo_line_height":0,"ocean_menu_typo_line_height_tablet":0,"ocean_menu_typo_line_height_mobile":0,"ocean_menu_typo_line_height_unit":"","ocean_menu_typo_spacing":0,"ocean_menu_typo_spacing_tablet":0,"ocean_menu_typo_spacing_mobile":0,"ocean_menu_typo_spacing_unit":"","ocean_menu_link_color":"","ocean_menu_link_color_hover":"","ocean_menu_link_color_active":"","ocean_menu_link_background":"","ocean_menu_link_hover_background":"","ocean_menu_link_active_background":"","ocean_menu_social_links_bg":"","ocean_menu_social_hover_links_bg":"","ocean_menu_social_links_color":"","ocean_menu_social_hover_links_color":"","ocean_disable_title":"default","ocean_disable_heading":"default","ocean_post_title":"","ocean_post_subheading":"","ocean_post_title_style":"","ocean_post_title_background_color":"","ocean_post_title_background":0,"ocean_post_title_bg_image_position":"","ocean_post_title_bg_image_attachment":"","ocean_post_title_bg_image_repeat":"","ocean_post_title_bg_image_size":"","ocean_post_title_height":0,"ocean_post_title_bg_overlay":0.5,"ocean_post_title_bg_overlay_color":"","ocean_disable_breadcrumbs":"default","ocean_breadcrumbs_color":"","ocean_breadcrumbs_separator_color":"","ocean_breadcrumbs_links_color":"","ocean_breadcrumbs_links_hover_color":"","ocean_display_footer_widgets":"default","ocean_display_footer_bottom":"default","ocean_custom_footer_template":""},"product_brand":[],"product_cat":[22],"product_tag":[28,23,29],"class_list":{"0":"post-3317","1":"product","2":"type-product","3":"status-publish","4":"has-post-thumbnail","6":"product_cat-drone","7":"product_tag-cameroun","8":"product_tag-drone","9":"product_tag-sparte-robotics","11":"entry","12":"has-media","14":"first","15":"instock","16":"shipping-taxable","17":"purchasable","18":"product-type-simple","19":"has-product-nav","20":"col","21":"span_1_of_3","22":"owp-content-center","23":"owp-thumbs-layout-horizontal","24":"owp-btn-normal","25":"owp-tabs-layout-horizontal","27":"circle-sale"},"yoast_head":"<!-- This site is optimized with the Yoast SEO plugin v27.2 - https:\/\/yoast.com\/product\/yoast-seo-wordpress\/ -->\n<title>DJI Air 3 prix - Sparte Robotics<\/title>\n<meta name=\"description\" content=\"DJI Air 3 : Le drone r\u00e9volutionnaire au meilleur prix au Cameroun. Disponible en Afrique de l&#039;Ouest(cote d&#039;ivoire) et en Afrique centrale(Congo, Gabon).\" \/>\n<meta name=\"robots\" content=\"index, follow, max-snippet:-1, max-image-preview:large, max-video-preview:-1\" \/>\n<link rel=\"canonical\" href=\"https:\/\/sparterobotics.com\/fr\/produit\/dji-air-3-prix-drone-cameroun\/\" \/>\n<meta property=\"og:locale\" content=\"fr_FR\" \/>\n<meta property=\"og:type\" content=\"article\" \/>\n<meta property=\"og:title\" content=\"DJI Air 3 prix - Sparte Robotics\" \/>\n<meta property=\"og:description\" content=\"DJI Air 3 : Le drone r\u00e9volutionnaire au meilleur prix au Cameroun. Disponible en Afrique de l&#039;Ouest(cote d&#039;ivoire) et en Afrique centrale(Congo, Gabon).\" \/>\n<meta property=\"og:url\" content=\"https:\/\/sparterobotics.com\/fr\/produit\/dji-air-3-prix-drone-cameroun\/\" \/>\n<meta property=\"og:site_name\" content=\"Sparte Robotics\" \/>\n<meta property=\"article:publisher\" content=\"https:\/\/www.facebook.com\/SparteRobotics\/\" \/>\n<meta property=\"article:modified_time\" content=\"2023-09-27T13:38:57+00:00\" \/>\n<meta property=\"og:image\" content=\"https:\/\/sparterobotics.com\/wp-content\/uploads\/2023\/09\/DJI-air-3-300x300-removebg-preview.png\" \/>\n\t<meta property=\"og:image:width\" content=\"300\" \/>\n\t<meta property=\"og:image:height\" content=\"300\" \/>\n\t<meta property=\"og:image:type\" content=\"image\/png\" \/>\n<meta name=\"twitter:card\" content=\"summary_large_image\" \/>\n<meta name=\"twitter:site\" content=\"@RoboticsSparte\" \/>\n<meta name=\"twitter:label1\" content=\"Dur\u00e9e de lecture estim\u00e9e\" \/>\n\t<meta name=\"twitter:data1\" content=\"2 minutes\" \/>\n<script type=\"application\/ld+json\" class=\"yoast-schema-graph\">{\"@context\":\"https:\/\/schema.org\",\"@graph\":[{\"@type\":\"WebPage\",\"@id\":\"https:\/\/sparterobotics.com\/product\/dji-air-3-prix-drone-cameroun\/\",\"url\":\"https:\/\/sparterobotics.com\/product\/dji-air-3-prix-drone-cameroun\/\",\"name\":\"DJI Air 3 prix - Sparte Robotics\",\"isPartOf\":{\"@id\":\"https:\/\/sparterobotics.com\/fr\/#website\"},\"primaryImageOfPage\":{\"@id\":\"https:\/\/sparterobotics.com\/product\/dji-air-3-prix-drone-cameroun\/#primaryimage\"},\"image\":{\"@id\":\"https:\/\/sparterobotics.com\/product\/dji-air-3-prix-drone-cameroun\/#primaryimage\"},\"thumbnailUrl\":\"https:\/\/sparterobotics.com\/wp-content\/uploads\/2023\/09\/DJI-air-3-300x300-removebg-preview.png\",\"datePublished\":\"2023-09-27T11:48:50+00:00\",\"dateModified\":\"2023-09-27T13:38:57+00:00\",\"description\":\"DJI Air 3 : Le drone r\u00e9volutionnaire au meilleur prix au Cameroun. Disponible en Afrique de l'Ouest(cote d'ivoire) et en Afrique centrale(Congo, Gabon).\",\"breadcrumb\":{\"@id\":\"https:\/\/sparterobotics.com\/product\/dji-air-3-prix-drone-cameroun\/#breadcrumb\"},\"inLanguage\":\"fr-FR\",\"potentialAction\":[{\"@type\":\"ReadAction\",\"target\":[\"https:\/\/sparterobotics.com\/product\/dji-air-3-prix-drone-cameroun\/\"]}]},{\"@type\":\"ImageObject\",\"inLanguage\":\"fr-FR\",\"@id\":\"https:\/\/sparterobotics.com\/product\/dji-air-3-prix-drone-cameroun\/#primaryimage\",\"url\":\"https:\/\/sparterobotics.com\/wp-content\/uploads\/2023\/09\/DJI-air-3-300x300-removebg-preview.png\",\"contentUrl\":\"https:\/\/sparterobotics.com\/wp-content\/uploads\/2023\/09\/DJI-air-3-300x300-removebg-preview.png\",\"width\":300,\"height\":300,\"caption\":\"DJI-air 3:cameroun-cote d'ivoie-afrique\"},{\"@type\":\"BreadcrumbList\",\"@id\":\"https:\/\/sparterobotics.com\/product\/dji-air-3-prix-drone-cameroun\/#breadcrumb\",\"itemListElement\":[{\"@type\":\"ListItem\",\"position\":1,\"name\":\"Home\",\"item\":\"https:\/\/sparterobotics.com\/\"},{\"@type\":\"ListItem\",\"position\":2,\"name\":\"Shop\",\"item\":\"https:\/\/sparterobotics.com\/shop-drone-mavic-phantom-dji-cameroun\/\"},{\"@type\":\"ListItem\",\"position\":3,\"name\":\"DJI Air 3\"}]},{\"@type\":\"WebSite\",\"@id\":\"https:\/\/sparterobotics.com\/fr\/#website\",\"url\":\"https:\/\/sparterobotics.com\/fr\/\",\"name\":\"Sparte Robotics\",\"description\":\"robotique cameroun\",\"publisher\":{\"@id\":\"https:\/\/sparterobotics.com\/fr\/#organization\"},\"alternateName\":\"Sparte Robotics\",\"potentialAction\":[{\"@type\":\"SearchAction\",\"target\":{\"@type\":\"EntryPoint\",\"urlTemplate\":\"https:\/\/sparterobotics.com\/fr\/?s={search_term_string}\"},\"query-input\":{\"@type\":\"PropertyValueSpecification\",\"valueRequired\":true,\"valueName\":\"search_term_string\"}}],\"inLanguage\":\"fr-FR\"},{\"@type\":\"Organization\",\"@id\":\"https:\/\/sparterobotics.com\/fr\/#organization\",\"name\":\"Sparte Robotics\",\"url\":\"https:\/\/sparterobotics.com\/fr\/\",\"logo\":{\"@type\":\"ImageObject\",\"inLanguage\":\"fr-FR\",\"@id\":\"https:\/\/sparterobotics.com\/fr\/#\/schema\/logo\/image\/\",\"url\":\"https:\/\/sparterobotics.com\/wp-content\/uploads\/2023\/09\/cropped-OIP.jpeg\",\"contentUrl\":\"https:\/\/sparterobotics.com\/wp-content\/uploads\/2023\/09\/cropped-OIP.jpeg\",\"width\":474,\"height\":190,\"caption\":\"Sparte Robotics\"},\"image\":{\"@id\":\"https:\/\/sparterobotics.com\/fr\/#\/schema\/logo\/image\/\"},\"sameAs\":[\"https:\/\/www.facebook.com\/SparteRobotics\/\",\"https:\/\/x.com\/RoboticsSparte\",\"https:\/\/www.linkedin.com\/company\/sparte-robotics\"]}]}<\/script>\n<!-- \/ Yoast SEO plugin. -->","yoast_head_json":{"title":"DJI Air 3 prix - Sparte Robotics","description":"DJI Air 3 : Le drone r\u00e9volutionnaire au meilleur prix au Cameroun. Disponible en Afrique de l'Ouest(cote d'ivoire) et en Afrique centrale(Congo, Gabon).","robots":{"index":"index","follow":"follow","max-snippet":"max-snippet:-1","max-image-preview":"max-image-preview:large","max-video-preview":"max-video-preview:-1"},"canonical":"https:\/\/sparterobotics.com\/fr\/produit\/dji-air-3-prix-drone-cameroun\/","og_locale":"fr_FR","og_type":"article","og_title":"DJI Air 3 prix - Sparte Robotics","og_description":"DJI Air 3 : Le drone r\u00e9volutionnaire au meilleur prix au Cameroun. Disponible en Afrique de l'Ouest(cote d'ivoire) et en Afrique centrale(Congo, Gabon).","og_url":"https:\/\/sparterobotics.com\/fr\/produit\/dji-air-3-prix-drone-cameroun\/","og_site_name":"Sparte Robotics","article_publisher":"https:\/\/www.facebook.com\/SparteRobotics\/","article_modified_time":"2023-09-27T13:38:57+00:00","og_image":[{"width":300,"height":300,"url":"https:\/\/sparterobotics.com\/wp-content\/uploads\/2023\/09\/DJI-air-3-300x300-removebg-preview.png","type":"image\/png"}],"twitter_card":"summary_large_image","twitter_site":"@RoboticsSparte","twitter_misc":{"Dur\u00e9e de lecture estim\u00e9e":"2 minutes"},"schema":{"@context":"https:\/\/schema.org","@graph":[{"@type":"WebPage","@id":"https:\/\/sparterobotics.com\/product\/dji-air-3-prix-drone-cameroun\/","url":"https:\/\/sparterobotics.com\/product\/dji-air-3-prix-drone-cameroun\/","name":"DJI Air 3 prix - Sparte Robotics","isPartOf":{"@id":"https:\/\/sparterobotics.com\/fr\/#website"},"primaryImageOfPage":{"@id":"https:\/\/sparterobotics.com\/product\/dji-air-3-prix-drone-cameroun\/#primaryimage"},"image":{"@id":"https:\/\/sparterobotics.com\/product\/dji-air-3-prix-drone-cameroun\/#primaryimage"},"thumbnailUrl":"https:\/\/sparterobotics.com\/wp-content\/uploads\/2023\/09\/DJI-air-3-300x300-removebg-preview.png","datePublished":"2023-09-27T11:48:50+00:00","dateModified":"2023-09-27T13:38:57+00:00","description":"DJI Air 3 : Le drone r\u00e9volutionnaire au meilleur prix au Cameroun. Disponible en Afrique de l'Ouest(cote d'ivoire) et en Afrique centrale(Congo, Gabon).","breadcrumb":{"@id":"https:\/\/sparterobotics.com\/product\/dji-air-3-prix-drone-cameroun\/#breadcrumb"},"inLanguage":"fr-FR","potentialAction":[{"@type":"ReadAction","target":["https:\/\/sparterobotics.com\/product\/dji-air-3-prix-drone-cameroun\/"]}]},{"@type":"ImageObject","inLanguage":"fr-FR","@id":"https:\/\/sparterobotics.com\/product\/dji-air-3-prix-drone-cameroun\/#primaryimage","url":"https:\/\/sparterobotics.com\/wp-content\/uploads\/2023\/09\/DJI-air-3-300x300-removebg-preview.png","contentUrl":"https:\/\/sparterobotics.com\/wp-content\/uploads\/2023\/09\/DJI-air-3-300x300-removebg-preview.png","width":300,"height":300,"caption":"DJI-air 3:cameroun-cote d'ivoie-afrique"},{"@type":"BreadcrumbList","@id":"https:\/\/sparterobotics.com\/product\/dji-air-3-prix-drone-cameroun\/#breadcrumb","itemListElement":[{"@type":"ListItem","position":1,"name":"Home","item":"https:\/\/sparterobotics.com\/"},{"@type":"ListItem","position":2,"name":"Shop","item":"https:\/\/sparterobotics.com\/shop-drone-mavic-phantom-dji-cameroun\/"},{"@type":"ListItem","position":3,"name":"DJI Air 3"}]},{"@type":"WebSite","@id":"https:\/\/sparterobotics.com\/fr\/#website","url":"https:\/\/sparterobotics.com\/fr\/","name":"Sparte Robotics","description":"robotique cameroun","publisher":{"@id":"https:\/\/sparterobotics.com\/fr\/#organization"},"alternateName":"Sparte Robotics","potentialAction":[{"@type":"SearchAction","target":{"@type":"EntryPoint","urlTemplate":"https:\/\/sparterobotics.com\/fr\/?s={search_term_string}"},"query-input":{"@type":"PropertyValueSpecification","valueRequired":true,"valueName":"search_term_string"}}],"inLanguage":"fr-FR"},{"@type":"Organization","@id":"https:\/\/sparterobotics.com\/fr\/#organization","name":"Sparte Robotics","url":"https:\/\/sparterobotics.com\/fr\/","logo":{"@type":"ImageObject","inLanguage":"fr-FR","@id":"https:\/\/sparterobotics.com\/fr\/#\/schema\/logo\/image\/","url":"https:\/\/sparterobotics.com\/wp-content\/uploads\/2023\/09\/cropped-OIP.jpeg","contentUrl":"https:\/\/sparterobotics.com\/wp-content\/uploads\/2023\/09\/cropped-OIP.jpeg","width":474,"height":190,"caption":"Sparte Robotics"},"image":{"@id":"https:\/\/sparterobotics.com\/fr\/#\/schema\/logo\/image\/"},"sameAs":["https:\/\/www.facebook.com\/SparteRobotics\/","https:\/\/x.com\/RoboticsSparte","https:\/\/www.linkedin.com\/company\/sparte-robotics"]}]}},"_links":{"self":[{"href":"https:\/\/sparterobotics.com\/fr\/wp-json\/wp\/v2\/product\/3317","targetHints":{"allow":["GET"]}}],"collection":[{"href":"https:\/\/sparterobotics.com\/fr\/wp-json\/wp\/v2\/product"}],"about":[{"href":"https:\/\/sparterobotics.com\/fr\/wp-json\/wp\/v2\/types\/product"}],"replies":[{"embeddable":true,"href":"https:\/\/sparterobotics.com\/fr\/wp-json\/wp\/v2\/comments?post=3317"}],"wp:featuredmedia":[{"embeddable":true,"href":"https:\/\/sparterobotics.com\/fr\/wp-json\/wp\/v2\/media\/3318"}],"wp:attachment":[{"href":"https:\/\/sparterobotics.com\/fr\/wp-json\/wp\/v2\/media?parent=3317"}],"wp:term":[{"taxonomy":"product_brand","embeddable":true,"href":"https:\/\/sparterobotics.com\/fr\/wp-json\/wp\/v2\/product_brand?post=3317"},{"taxonomy":"product_cat","embeddable":true,"href":"https:\/\/sparterobotics.com\/fr\/wp-json\/wp\/v2\/product_cat?post=3317"},{"taxonomy":"product_tag","embeddable":true,"href":"https:\/\/sparterobotics.com\/fr\/wp-json\/wp\/v2\/product_tag?post=3317"}],"curies":[{"name":"wp","href":"https:\/\/api.w.org\/{rel}","templated":true}]}}