{"id":3307,"date":"2023-09-27T10:35:23","date_gmt":"2023-09-27T09:35:23","guid":{"rendered":"https:\/\/sparterobotics.com\/?post_type=product&#038;p=3307"},"modified":"2023-09-27T12:24:09","modified_gmt":"2023-09-27T11:24:09","slug":"dji-air-2s-cameroun-cote-divoire-senegal-congo","status":"publish","type":"product","link":"https:\/\/sparterobotics.com\/fr\/produit\/dji-air-2s-cameroun-cote-divoire-senegal-congo\/","title":{"rendered":"Dji-Air 2S"},"content":{"rendered":"<h2>DJI Air 2S, un drone compact performant<\/h2>\n<h3 class=\"elementor-heading-title elementor-size-default\">Un capteur 1 pouce performant<\/h3>\n<p>Le DJI Air 2S, \u00e9quip\u00e9 d&#8217;un capteur CMOS d&#8217;un pouce, enregistre des vid\u00e9os en 5,4K\/30fps et 4K\/60fps. Avec une plage dynamique \u00e9lev\u00e9e et une reproduction pr\u00e9cise des couleurs, il capture des sc\u00e8nes nettes, m\u00eame en faible luminosit\u00e9. Profitez d&#8217;un milliard de couleurs avec le profil Dlog-M 10 bits, plongeant dans les nuances de votre environnement.<\/p>\n<p>Capturez des photos au format RAW avec une plage dynamique de 12,6 arr\u00eats, id\u00e9al pour les conditions d&#8217;\u00e9clairage difficiles. La technologie HDR intelligente fusionne automatiquement les prises de vue, offrant une plage dynamique \u00e9tendue sans post-traitement.<\/p>\n<p>D\u00e9couvrez des d\u00e9tails nuanc\u00e9s, des hautes lumi\u00e8res aux ombres, pour des images plus riches et profondes. Disponible au Cameroun, au Gabon, en C\u00f4te d&#8217;Ivoire, au Nigeria et au S\u00e9n\u00e9gal.<\/p>\n<h3 class=\"elementor-heading-title elementor-size-default\">Des fonctionnalit\u00e9s intelligentes<\/h3>\n<p>Hyperlapse et Panorama : Acc\u00e9l\u00e9rez le temps et le mouvement d\u2019un simple toucher en cr\u00e9ant un hyperlapse saisissant. Vous pouvez \u00e9galement prendre des photos plus grandes et plus d\u00e9taill\u00e9es de votre environnement gr\u00e2ce au mode panorama.<\/p>\n<p>MasterShots : \u00e9volution des QuickShots, MasterShots est une fonction intelligente avanc\u00e9e qui permet aux utilisateurs de r\u00e9aliser les meilleures prises de vue dans n\u2019importe quel endroit, d\u2019un simple toucher. Il suffit de s\u00e9lectionner votre sujet pour que le drone le filme en ex\u00e9cutant dix man\u0153uvres diff\u00e9rentes en s\u00e9quence, en gardant votre sujet au centre du cadre et en g\u00e9n\u00e9rant ensuite une courte vid\u00e9o cin\u00e9matique.<\/p>\n<p>Spotlight 2.0 : La cam\u00e9ra reste centr\u00e9e sur un sujet lorsque vous volez en spirale ou prenez des photos en gros plan. La fonction zoom permet \u00e9galement de r\u00e9aliser des clich\u00e9s clairs \u00e0 distance pour une s\u00e9curit\u00e9 accrue.<\/p>\n<p>Activetrack 4.0 : Suivez votre sujet en douceur tout en \u00e9vitant les obstacles de mani\u00e8re autonome. M\u00eame si le sujet est momentan\u00e9ment perdu, vous pouvez rapidement reprendre le suivi pendant le vol.<\/p>\n<p>Point d\u2019int\u00e9r\u00eat 3.0 : Prenez facilement des photos en cercle parfait tout en gardant votre sujet centr\u00e9.<\/p>\n<p>&nbsp;<\/p>","protected":false},"excerpt":{"rendered":"<p>Dot\u00e9 d\u2019un capteur CMOS de 1 pouce, de puissantes fonctions autonomes et d\u2019un corps compact pesant moins de 600 g, le DJI Air 2S est le drone ultime pour les cr\u00e9ateurs en d\u00e9placement. Emportez le n\u2019importe o\u00f9 pour vivre et enregistrer votre monde dans des d\u00e9tails \u00e9poustouflants.<\/p>","protected":false},"featured_media":3313,"comment_status":"open","ping_status":"closed","template":"","meta":{"_eb_attr":"","ocean_post_layout":"","ocean_both_sidebars_style":"","ocean_both_sidebars_content_width":0,"ocean_both_sidebars_sidebars_width":0,"ocean_sidebar":"","ocean_second_sidebar":"","ocean_disable_margins":"enable","ocean_add_body_class":"","ocean_shortcode_before_top_bar":"","ocean_shortcode_after_top_bar":"","ocean_shortcode_before_header":"","ocean_shortcode_after_header":"","ocean_has_shortcode":"","ocean_shortcode_after_title":"","ocean_shortcode_before_footer_widgets":"","ocean_shortcode_after_footer_widgets":"","ocean_shortcode_before_footer_bottom":"","ocean_shortcode_after_footer_bottom":"","ocean_display_top_bar":"default","ocean_display_header":"default","ocean_header_style":"","ocean_center_header_left_menu":"","ocean_custom_header_template":"","ocean_custom_logo":0,"ocean_custom_retina_logo":0,"ocean_custom_logo_max_width":0,"ocean_custom_logo_tablet_max_width":0,"ocean_custom_logo_mobile_max_width":0,"ocean_custom_logo_max_height":0,"ocean_custom_logo_tablet_max_height":0,"ocean_custom_logo_mobile_max_height":0,"ocean_header_custom_menu":"","ocean_menu_typo_font_family":"","ocean_menu_typo_font_subset":"","ocean_menu_typo_font_size":0,"ocean_menu_typo_font_size_tablet":0,"ocean_menu_typo_font_size_mobile":0,"ocean_menu_typo_font_size_unit":"px","ocean_menu_typo_font_weight":"","ocean_menu_typo_font_weight_tablet":"","ocean_menu_typo_font_weight_mobile":"","ocean_menu_typo_transform":"","ocean_menu_typo_transform_tablet":"","ocean_menu_typo_transform_mobile":"","ocean_menu_typo_line_height":0,"ocean_menu_typo_line_height_tablet":0,"ocean_menu_typo_line_height_mobile":0,"ocean_menu_typo_line_height_unit":"","ocean_menu_typo_spacing":0,"ocean_menu_typo_spacing_tablet":0,"ocean_menu_typo_spacing_mobile":0,"ocean_menu_typo_spacing_unit":"","ocean_menu_link_color":"","ocean_menu_link_color_hover":"","ocean_menu_link_color_active":"","ocean_menu_link_background":"","ocean_menu_link_hover_background":"","ocean_menu_link_active_background":"","ocean_menu_social_links_bg":"","ocean_menu_social_hover_links_bg":"","ocean_menu_social_links_color":"","ocean_menu_social_hover_links_color":"","ocean_disable_title":"default","ocean_disable_heading":"default","ocean_post_title":"","ocean_post_subheading":"","ocean_post_title_style":"","ocean_post_title_background_color":"","ocean_post_title_background":0,"ocean_post_title_bg_image_position":"","ocean_post_title_bg_image_attachment":"","ocean_post_title_bg_image_repeat":"","ocean_post_title_bg_image_size":"","ocean_post_title_height":0,"ocean_post_title_bg_overlay":0.5,"ocean_post_title_bg_overlay_color":"","ocean_disable_breadcrumbs":"default","ocean_breadcrumbs_color":"","ocean_breadcrumbs_separator_color":"","ocean_breadcrumbs_links_color":"","ocean_breadcrumbs_links_hover_color":"","ocean_display_footer_widgets":"default","ocean_display_footer_bottom":"default","ocean_custom_footer_template":""},"product_brand":[],"product_cat":[22],"product_tag":[],"class_list":{"0":"post-3307","1":"product","2":"type-product","3":"status-publish","4":"has-post-thumbnail","6":"product_cat-drone","8":"entry","9":"has-media","11":"first","12":"instock","13":"sale","14":"shipping-taxable","15":"purchasable","16":"product-type-simple","17":"has-product-nav","18":"col","19":"span_1_of_3","20":"owp-content-center","21":"owp-thumbs-layout-horizontal","22":"owp-btn-normal","23":"owp-tabs-layout-horizontal","25":"circle-sale"},"yoast_head":"<!-- This site is optimized with the Yoast SEO plugin v27.2 - https:\/\/yoast.com\/product\/yoast-seo-wordpress\/ -->\n<title>DJI Air 2S : Drone R\u00e9volutionnaire en Afrique Sparte Robotics<\/title>\n<meta name=\"description\" content=\"DJI Air 2S : le drone r\u00e9volutionnaire pour explorer de nouveaux horizons. Disponible Cameroun, Nigeria, Ghana et en Afrique centrale (Congo, Gabon, Tchad)\" \/>\n<meta name=\"robots\" content=\"index, follow, max-snippet:-1, max-image-preview:large, max-video-preview:-1\" \/>\n<link rel=\"canonical\" href=\"https:\/\/sparterobotics.com\/fr\/produit\/dji-air-2s-cameroun-cote-divoire-senegal-congo\/\" \/>\n<meta property=\"og:locale\" content=\"fr_FR\" \/>\n<meta property=\"og:type\" content=\"article\" \/>\n<meta property=\"og:title\" content=\"DJI Air 2S : Drone R\u00e9volutionnaire en Afrique Sparte Robotics\" \/>\n<meta property=\"og:description\" content=\"DJI Air 2S : le drone r\u00e9volutionnaire pour explorer de nouveaux horizons. Disponible Cameroun, Nigeria, Ghana et en Afrique centrale (Congo, Gabon, Tchad)\" \/>\n<meta property=\"og:url\" content=\"https:\/\/sparterobotics.com\/fr\/produit\/dji-air-2s-cameroun-cote-divoire-senegal-congo\/\" \/>\n<meta property=\"og:site_name\" content=\"Sparte Robotics\" \/>\n<meta property=\"article:publisher\" content=\"https:\/\/www.facebook.com\/SparteRobotics\/\" \/>\n<meta property=\"article:modified_time\" content=\"2023-09-27T11:24:09+00:00\" \/>\n<meta property=\"og:image\" content=\"https:\/\/sparterobotics.com\/wp-content\/uploads\/2023\/09\/DJI-air2s-removebg-preview.png\" \/>\n\t<meta property=\"og:image:width\" content=\"300\" \/>\n\t<meta property=\"og:image:height\" content=\"300\" \/>\n\t<meta property=\"og:image:type\" content=\"image\/png\" \/>\n<meta name=\"twitter:card\" content=\"summary_large_image\" \/>\n<meta name=\"twitter:site\" content=\"@RoboticsSparte\" \/>\n<meta name=\"twitter:label1\" content=\"Dur\u00e9e de lecture estim\u00e9e\" \/>\n\t<meta name=\"twitter:data1\" content=\"2 minutes\" \/>\n<script type=\"application\/ld+json\" class=\"yoast-schema-graph\">{\"@context\":\"https:\/\/schema.org\",\"@graph\":[{\"@type\":\"WebPage\",\"@id\":\"https:\/\/sparterobotics.com\/product\/dji-air-2s-cameroun-cote-divoire-senegal-congo\/\",\"url\":\"https:\/\/sparterobotics.com\/product\/dji-air-2s-cameroun-cote-divoire-senegal-congo\/\",\"name\":\"DJI Air 2S : Drone R\u00e9volutionnaire en Afrique Sparte Robotics\",\"isPartOf\":{\"@id\":\"https:\/\/sparterobotics.com\/fr\/#website\"},\"primaryImageOfPage\":{\"@id\":\"https:\/\/sparterobotics.com\/product\/dji-air-2s-cameroun-cote-divoire-senegal-congo\/#primaryimage\"},\"image\":{\"@id\":\"https:\/\/sparterobotics.com\/product\/dji-air-2s-cameroun-cote-divoire-senegal-congo\/#primaryimage\"},\"thumbnailUrl\":\"https:\/\/sparterobotics.com\/wp-content\/uploads\/2023\/09\/DJI-air2s-removebg-preview.png\",\"datePublished\":\"2023-09-27T09:35:23+00:00\",\"dateModified\":\"2023-09-27T11:24:09+00:00\",\"description\":\"DJI Air 2S : le drone r\u00e9volutionnaire pour explorer de nouveaux horizons. Disponible Cameroun, Nigeria, Ghana et en Afrique centrale (Congo, Gabon, Tchad)\",\"breadcrumb\":{\"@id\":\"https:\/\/sparterobotics.com\/product\/dji-air-2s-cameroun-cote-divoire-senegal-congo\/#breadcrumb\"},\"inLanguage\":\"fr-FR\",\"potentialAction\":[{\"@type\":\"ReadAction\",\"target\":[\"https:\/\/sparterobotics.com\/product\/dji-air-2s-cameroun-cote-divoire-senegal-congo\/\"]}]},{\"@type\":\"ImageObject\",\"inLanguage\":\"fr-FR\",\"@id\":\"https:\/\/sparterobotics.com\/product\/dji-air-2s-cameroun-cote-divoire-senegal-congo\/#primaryimage\",\"url\":\"https:\/\/sparterobotics.com\/wp-content\/uploads\/2023\/09\/DJI-air2s-removebg-preview.png\",\"contentUrl\":\"https:\/\/sparterobotics.com\/wp-content\/uploads\/2023\/09\/DJI-air2s-removebg-preview.png\",\"width\":300,\"height\":300,\"caption\":\"DJI-air 2S:cameroun-cote d'ivoie-afrique\"},{\"@type\":\"BreadcrumbList\",\"@id\":\"https:\/\/sparterobotics.com\/product\/dji-air-2s-cameroun-cote-divoire-senegal-congo\/#breadcrumb\",\"itemListElement\":[{\"@type\":\"ListItem\",\"position\":1,\"name\":\"Home\",\"item\":\"https:\/\/sparterobotics.com\/\"},{\"@type\":\"ListItem\",\"position\":2,\"name\":\"Shop\",\"item\":\"https:\/\/sparterobotics.com\/shop-drone-mavic-phantom-dji-cameroun\/\"},{\"@type\":\"ListItem\",\"position\":3,\"name\":\"Dji-Air 2S\"}]},{\"@type\":\"WebSite\",\"@id\":\"https:\/\/sparterobotics.com\/fr\/#website\",\"url\":\"https:\/\/sparterobotics.com\/fr\/\",\"name\":\"Sparte Robotics\",\"description\":\"robotique cameroun\",\"publisher\":{\"@id\":\"https:\/\/sparterobotics.com\/fr\/#organization\"},\"alternateName\":\"Sparte Robotics\",\"potentialAction\":[{\"@type\":\"SearchAction\",\"target\":{\"@type\":\"EntryPoint\",\"urlTemplate\":\"https:\/\/sparterobotics.com\/fr\/?s={search_term_string}\"},\"query-input\":{\"@type\":\"PropertyValueSpecification\",\"valueRequired\":true,\"valueName\":\"search_term_string\"}}],\"inLanguage\":\"fr-FR\"},{\"@type\":\"Organization\",\"@id\":\"https:\/\/sparterobotics.com\/fr\/#organization\",\"name\":\"Sparte Robotics\",\"url\":\"https:\/\/sparterobotics.com\/fr\/\",\"logo\":{\"@type\":\"ImageObject\",\"inLanguage\":\"fr-FR\",\"@id\":\"https:\/\/sparterobotics.com\/fr\/#\/schema\/logo\/image\/\",\"url\":\"https:\/\/sparterobotics.com\/wp-content\/uploads\/2023\/09\/cropped-OIP.jpeg\",\"contentUrl\":\"https:\/\/sparterobotics.com\/wp-content\/uploads\/2023\/09\/cropped-OIP.jpeg\",\"width\":474,\"height\":190,\"caption\":\"Sparte Robotics\"},\"image\":{\"@id\":\"https:\/\/sparterobotics.com\/fr\/#\/schema\/logo\/image\/\"},\"sameAs\":[\"https:\/\/www.facebook.com\/SparteRobotics\/\",\"https:\/\/x.com\/RoboticsSparte\",\"https:\/\/www.linkedin.com\/company\/sparte-robotics\"]}]}<\/script>\n<!-- \/ Yoast SEO plugin. -->","yoast_head_json":{"title":"DJI Air 2S : Drone R\u00e9volutionnaire en Afrique Sparte Robotics","description":"DJI Air 2S : le drone r\u00e9volutionnaire pour explorer de nouveaux horizons. Disponible Cameroun, Nigeria, Ghana et en Afrique centrale (Congo, Gabon, Tchad)","robots":{"index":"index","follow":"follow","max-snippet":"max-snippet:-1","max-image-preview":"max-image-preview:large","max-video-preview":"max-video-preview:-1"},"canonical":"https:\/\/sparterobotics.com\/fr\/produit\/dji-air-2s-cameroun-cote-divoire-senegal-congo\/","og_locale":"fr_FR","og_type":"article","og_title":"DJI Air 2S : Drone R\u00e9volutionnaire en Afrique Sparte Robotics","og_description":"DJI Air 2S : le drone r\u00e9volutionnaire pour explorer de nouveaux horizons. Disponible Cameroun, Nigeria, Ghana et en Afrique centrale (Congo, Gabon, Tchad)","og_url":"https:\/\/sparterobotics.com\/fr\/produit\/dji-air-2s-cameroun-cote-divoire-senegal-congo\/","og_site_name":"Sparte Robotics","article_publisher":"https:\/\/www.facebook.com\/SparteRobotics\/","article_modified_time":"2023-09-27T11:24:09+00:00","og_image":[{"width":300,"height":300,"url":"https:\/\/sparterobotics.com\/wp-content\/uploads\/2023\/09\/DJI-air2s-removebg-preview.png","type":"image\/png"}],"twitter_card":"summary_large_image","twitter_site":"@RoboticsSparte","twitter_misc":{"Dur\u00e9e de lecture estim\u00e9e":"2 minutes"},"schema":{"@context":"https:\/\/schema.org","@graph":[{"@type":"WebPage","@id":"https:\/\/sparterobotics.com\/product\/dji-air-2s-cameroun-cote-divoire-senegal-congo\/","url":"https:\/\/sparterobotics.com\/product\/dji-air-2s-cameroun-cote-divoire-senegal-congo\/","name":"DJI Air 2S : Drone R\u00e9volutionnaire en Afrique Sparte Robotics","isPartOf":{"@id":"https:\/\/sparterobotics.com\/fr\/#website"},"primaryImageOfPage":{"@id":"https:\/\/sparterobotics.com\/product\/dji-air-2s-cameroun-cote-divoire-senegal-congo\/#primaryimage"},"image":{"@id":"https:\/\/sparterobotics.com\/product\/dji-air-2s-cameroun-cote-divoire-senegal-congo\/#primaryimage"},"thumbnailUrl":"https:\/\/sparterobotics.com\/wp-content\/uploads\/2023\/09\/DJI-air2s-removebg-preview.png","datePublished":"2023-09-27T09:35:23+00:00","dateModified":"2023-09-27T11:24:09+00:00","description":"DJI Air 2S : le drone r\u00e9volutionnaire pour explorer de nouveaux horizons. Disponible Cameroun, Nigeria, Ghana et en Afrique centrale (Congo, Gabon, Tchad)","breadcrumb":{"@id":"https:\/\/sparterobotics.com\/product\/dji-air-2s-cameroun-cote-divoire-senegal-congo\/#breadcrumb"},"inLanguage":"fr-FR","potentialAction":[{"@type":"ReadAction","target":["https:\/\/sparterobotics.com\/product\/dji-air-2s-cameroun-cote-divoire-senegal-congo\/"]}]},{"@type":"ImageObject","inLanguage":"fr-FR","@id":"https:\/\/sparterobotics.com\/product\/dji-air-2s-cameroun-cote-divoire-senegal-congo\/#primaryimage","url":"https:\/\/sparterobotics.com\/wp-content\/uploads\/2023\/09\/DJI-air2s-removebg-preview.png","contentUrl":"https:\/\/sparterobotics.com\/wp-content\/uploads\/2023\/09\/DJI-air2s-removebg-preview.png","width":300,"height":300,"caption":"DJI-air 2S:cameroun-cote d'ivoie-afrique"},{"@type":"BreadcrumbList","@id":"https:\/\/sparterobotics.com\/product\/dji-air-2s-cameroun-cote-divoire-senegal-congo\/#breadcrumb","itemListElement":[{"@type":"ListItem","position":1,"name":"Home","item":"https:\/\/sparterobotics.com\/"},{"@type":"ListItem","position":2,"name":"Shop","item":"https:\/\/sparterobotics.com\/shop-drone-mavic-phantom-dji-cameroun\/"},{"@type":"ListItem","position":3,"name":"Dji-Air 2S"}]},{"@type":"WebSite","@id":"https:\/\/sparterobotics.com\/fr\/#website","url":"https:\/\/sparterobotics.com\/fr\/","name":"Sparte Robotics","description":"robotique cameroun","publisher":{"@id":"https:\/\/sparterobotics.com\/fr\/#organization"},"alternateName":"Sparte Robotics","potentialAction":[{"@type":"SearchAction","target":{"@type":"EntryPoint","urlTemplate":"https:\/\/sparterobotics.com\/fr\/?s={search_term_string}"},"query-input":{"@type":"PropertyValueSpecification","valueRequired":true,"valueName":"search_term_string"}}],"inLanguage":"fr-FR"},{"@type":"Organization","@id":"https:\/\/sparterobotics.com\/fr\/#organization","name":"Sparte Robotics","url":"https:\/\/sparterobotics.com\/fr\/","logo":{"@type":"ImageObject","inLanguage":"fr-FR","@id":"https:\/\/sparterobotics.com\/fr\/#\/schema\/logo\/image\/","url":"https:\/\/sparterobotics.com\/wp-content\/uploads\/2023\/09\/cropped-OIP.jpeg","contentUrl":"https:\/\/sparterobotics.com\/wp-content\/uploads\/2023\/09\/cropped-OIP.jpeg","width":474,"height":190,"caption":"Sparte Robotics"},"image":{"@id":"https:\/\/sparterobotics.com\/fr\/#\/schema\/logo\/image\/"},"sameAs":["https:\/\/www.facebook.com\/SparteRobotics\/","https:\/\/x.com\/RoboticsSparte","https:\/\/www.linkedin.com\/company\/sparte-robotics"]}]}},"_links":{"self":[{"href":"https:\/\/sparterobotics.com\/fr\/wp-json\/wp\/v2\/product\/3307","targetHints":{"allow":["GET"]}}],"collection":[{"href":"https:\/\/sparterobotics.com\/fr\/wp-json\/wp\/v2\/product"}],"about":[{"href":"https:\/\/sparterobotics.com\/fr\/wp-json\/wp\/v2\/types\/product"}],"replies":[{"embeddable":true,"href":"https:\/\/sparterobotics.com\/fr\/wp-json\/wp\/v2\/comments?post=3307"}],"wp:featuredmedia":[{"embeddable":true,"href":"https:\/\/sparterobotics.com\/fr\/wp-json\/wp\/v2\/media\/3313"}],"wp:attachment":[{"href":"https:\/\/sparterobotics.com\/fr\/wp-json\/wp\/v2\/media?parent=3307"}],"wp:term":[{"taxonomy":"product_brand","embeddable":true,"href":"https:\/\/sparterobotics.com\/fr\/wp-json\/wp\/v2\/product_brand?post=3307"},{"taxonomy":"product_cat","embeddable":true,"href":"https:\/\/sparterobotics.com\/fr\/wp-json\/wp\/v2\/product_cat?post=3307"},{"taxonomy":"product_tag","embeddable":true,"href":"https:\/\/sparterobotics.com\/fr\/wp-json\/wp\/v2\/product_tag?post=3307"}],"curies":[{"name":"wp","href":"https:\/\/api.w.org\/{rel}","templated":true}]}}