{"id":3829,"date":"2023-10-17T06:18:55","date_gmt":"2023-10-17T05:18:55","guid":{"rendered":"https:\/\/sparterobotics.com\/?post_type=product&#038;p=3829"},"modified":"2023-10-17T06:22:56","modified_gmt":"2023-10-17T05:22:56","slug":"sacoche-de-transport-pour-dji-rc-pro-sunnylife","status":"publish","type":"product","link":"https:\/\/sparterobotics.com\/en\/product\/sacoche-de-transport-pour-dji-rc-pro-sunnylife\/","title":{"rendered":"Sacoche de transport pour DJI RC Pro &#8211; Sunnylife"},"content":{"rendered":"<h2 class=\"cont-onglet-titre\">Caract\u00e9ristiques<\/h2>\n<div class=\"hide_info_annexe row small-collapse medium-uncollapse\">\n<div class=\"column\">\n<ul id=\"tableau_carac\">\n<li class=\"row\"><span class=\"column small-12 label_groupe shade2-c\">Caract\u00e9ristiques techniques<\/span><\/li>\n<li class=\"row\"><span class=\"column small-12 medium-5 large-4 label_carac highlight-c\">Nom<\/span><span class=\"column expand label_valeur\">Sunnylife Carrying Case Protective Handbag Storage Bag Accessories for RC PRO\/ Smart Controller<\/span><\/li>\n<li class=\"row\"><span class=\"column small-12 medium-5 large-4 label_carac highlight-c\">R\u00e9f\u00e9rence<\/span><span class=\"column expand label_valeur\">M3-B326<\/span><\/li>\n<li class=\"row\"><span class=\"column small-12 medium-5 large-4 label_carac highlight-c\">Marque<\/span><span class=\"column expand label_valeur\">Sunnylife<\/span><\/li>\n<li class=\"row\"><span class=\"column small-12 medium-5 large-4 label_carac highlight-c\">Dimensions<\/span><span class=\"column expand label_valeur\">208 x 168 x 75 mm<\/span><\/li>\n<li class=\"row\"><span class=\"column small-12 medium-5 large-4 label_carac highlight-c\">Poids<\/span><span class=\"column expand label_valeur\">254 grammes<\/span><\/li>\n<li class=\"row\"><span class=\"column small-12 medium-5 large-4 label_carac highlight-c\">Compatibilit\u00e9<\/span><span class=\"column expand label_valeur\">Radiocommande DJI RC Pro<\/span><\/li>\n<\/ul>\n<\/div>\n<\/div>\n","protected":false},"excerpt":{"rendered":"<div class=\"description_longue_2\"><span class=\"titre_description_longue_2\"><strong>POINTS FORTS :<\/strong><\/span><\/p>\n<div class=\"row small-collapse medium-uncollapse\">\n<div class=\"column\">\n<ul>\n<li>Con\u00e7u pour la radiocommande DJI RC Pro<\/li>\n<li>Ext\u00e9rieur coqu\u00e9 robuste<\/li>\n<li>Int\u00e9rieur moul\u00e9 aux dimensions<\/li>\n<li>Mat\u00e9riaux de qualit\u00e9 et durables<\/li>\n<li>Mousqueton fourni<\/li>\n<\/ul>\n<\/div>\n<\/div>\n<\/div>\n<div class=\"description_courte\">\n<p><strong>Prot\u00e9gez et transportez votre radiocommande DJI RC Pro<\/strong>\u00a0gr\u00e2ce \u00e0 cette sacoche Sunnylife.<\/p>\n<p>Avec un ext\u00e9rieur coqu\u00e9 et un\u00a0<strong>int\u00e9rieur moul\u00e9<\/strong>\u00a0aux dimensions de la radiocommande, cette sacoche prot\u00e8ge la radiocommande des chocs et des rayures.<\/p>\n<p>Vous n&#8217;avez pas besoin de d\u00e9visser les joysticks pour fermer le dessus de la sacoche. Les zips et la lani\u00e8re sont con\u00e7us avec des\u00a0<strong>mat\u00e9riaux de qualit\u00e9 et durables<\/strong>. Un\u00a0<strong>mousqueton<\/strong>\u00a0est fourni pour accrocher la sacoche \u00e0 votre sac \u00e0 dos.<\/p>\n<\/div>\n","protected":false},"featured_media":3830,"comment_status":"open","ping_status":"closed","template":"","meta":{"_eb_attr":"","ocean_post_layout":"","ocean_both_sidebars_style":"","ocean_both_sidebars_content_width":0,"ocean_both_sidebars_sidebars_width":0,"ocean_sidebar":"","ocean_second_sidebar":"","ocean_disable_margins":"enable","ocean_add_body_class":"","ocean_shortcode_before_top_bar":"","ocean_shortcode_after_top_bar":"","ocean_shortcode_before_header":"","ocean_shortcode_after_header":"","ocean_has_shortcode":"","ocean_shortcode_after_title":"","ocean_shortcode_before_footer_widgets":"","ocean_shortcode_after_footer_widgets":"","ocean_shortcode_before_footer_bottom":"","ocean_shortcode_after_footer_bottom":"","ocean_display_top_bar":"default","ocean_display_header":"default","ocean_header_style":"","ocean_center_header_left_menu":"","ocean_custom_header_template":"","ocean_custom_logo":0,"ocean_custom_retina_logo":0,"ocean_custom_logo_max_width":0,"ocean_custom_logo_tablet_max_width":0,"ocean_custom_logo_mobile_max_width":0,"ocean_custom_logo_max_height":0,"ocean_custom_logo_tablet_max_height":0,"ocean_custom_logo_mobile_max_height":0,"ocean_header_custom_menu":"","ocean_menu_typo_font_family":"","ocean_menu_typo_font_subset":"","ocean_menu_typo_font_size":0,"ocean_menu_typo_font_size_tablet":0,"ocean_menu_typo_font_size_mobile":0,"ocean_menu_typo_font_size_unit":"px","ocean_menu_typo_font_weight":"","ocean_menu_typo_font_weight_tablet":"","ocean_menu_typo_font_weight_mobile":"","ocean_menu_typo_transform":"","ocean_menu_typo_transform_tablet":"","ocean_menu_typo_transform_mobile":"","ocean_menu_typo_line_height":0,"ocean_menu_typo_line_height_tablet":0,"ocean_menu_typo_line_height_mobile":0,"ocean_menu_typo_line_height_unit":"","ocean_menu_typo_spacing":0,"ocean_menu_typo_spacing_tablet":0,"ocean_menu_typo_spacing_mobile":0,"ocean_menu_typo_spacing_unit":"","ocean_menu_link_color":"","ocean_menu_link_color_hover":"","ocean_menu_link_color_active":"","ocean_menu_link_background":"","ocean_menu_link_hover_background":"","ocean_menu_link_active_background":"","ocean_menu_social_links_bg":"","ocean_menu_social_hover_links_bg":"","ocean_menu_social_links_color":"","ocean_menu_social_hover_links_color":"","ocean_disable_title":"default","ocean_disable_heading":"default","ocean_post_title":"","ocean_post_subheading":"","ocean_post_title_style":"","ocean_post_title_background_color":"","ocean_post_title_background":0,"ocean_post_title_bg_image_position":"","ocean_post_title_bg_image_attachment":"","ocean_post_title_bg_image_repeat":"","ocean_post_title_bg_image_size":"","ocean_post_title_height":0,"ocean_post_title_bg_overlay":0.5,"ocean_post_title_bg_overlay_color":"","ocean_disable_breadcrumbs":"default","ocean_breadcrumbs_color":"","ocean_breadcrumbs_separator_color":"","ocean_breadcrumbs_links_color":"","ocean_breadcrumbs_links_hover_color":"","ocean_display_footer_widgets":"default","ocean_display_footer_bottom":"default","ocean_custom_footer_template":""},"product_brand":[],"product_cat":[20],"product_tag":[],"class_list":{"0":"post-3829","1":"product","2":"type-product","3":"status-publish","4":"has-post-thumbnail","6":"product_cat-uncategorized","8":"entry","9":"has-media","11":"first","12":"instock","13":"shipping-taxable","14":"purchasable","15":"product-type-simple","16":"has-product-nav","17":"col","18":"span_1_of_3","19":"owp-content-center","20":"owp-thumbs-layout-horizontal","21":"owp-btn-normal","22":"owp-tabs-layout-horizontal","24":"circle-sale"},"yoast_head":"<!-- This site is optimized with the Yoast SEO plugin v27.2 - https:\/\/yoast.com\/product\/yoast-seo-wordpress\/ -->\n<title>Sacoche de transport pour DJI RC Pro - Sunnylife - Sparte Robotics<\/title>\n<meta name=\"description\" content=\"D\u00e9couvrez notre startup au Cameroun. Achetez les derniers mod\u00e8les de drones DJI Matrice 30Tavec livraison rapide et service client de qualit\u00e9.\" \/>\n<meta name=\"robots\" content=\"index, follow, max-snippet:-1, max-image-preview:large, max-video-preview:-1\" \/>\n<link rel=\"canonical\" href=\"https:\/\/sparterobotics.com\/en\/product\/sacoche-de-transport-pour-dji-rc-pro-sunnylife\/\" \/>\n<meta property=\"og:locale\" content=\"en_US\" \/>\n<meta property=\"og:type\" content=\"article\" \/>\n<meta property=\"og:title\" content=\"Sacoche de transport pour DJI RC Pro - Sunnylife - Sparte Robotics\" \/>\n<meta property=\"og:description\" content=\"D\u00e9couvrez notre startup au Cameroun. Achetez les derniers mod\u00e8les de drones DJI Matrice 30Tavec livraison rapide et service client de qualit\u00e9.\" \/>\n<meta property=\"og:url\" content=\"https:\/\/sparterobotics.com\/en\/product\/sacoche-de-transport-pour-dji-rc-pro-sunnylife\/\" \/>\n<meta property=\"og:site_name\" content=\"Sparte Robotics\" \/>\n<meta property=\"article:publisher\" content=\"https:\/\/www.facebook.com\/SparteRobotics\/\" \/>\n<meta property=\"article:modified_time\" content=\"2023-10-17T05:22:56+00:00\" \/>\n<meta property=\"og:image\" content=\"https:\/\/sparterobotics.com\/wp-content\/uploads\/2023\/10\/goo-removebg-preview.png\" \/>\n\t<meta property=\"og:image:width\" content=\"500\" \/>\n\t<meta property=\"og:image:height\" content=\"500\" \/>\n\t<meta property=\"og:image:type\" content=\"image\/png\" \/>\n<meta name=\"twitter:card\" content=\"summary_large_image\" \/>\n<meta name=\"twitter:site\" content=\"@RoboticsSparte\" \/>\n<meta name=\"twitter:label1\" content=\"Est. reading time\" \/>\n\t<meta name=\"twitter:data1\" content=\"1 minute\" \/>\n<script type=\"application\/ld+json\" class=\"yoast-schema-graph\">{\"@context\":\"https:\/\/schema.org\",\"@graph\":[{\"@type\":\"WebPage\",\"@id\":\"https:\/\/sparterobotics.com\/product\/sacoche-de-transport-pour-dji-rc-pro-sunnylife\/\",\"url\":\"https:\/\/sparterobotics.com\/product\/sacoche-de-transport-pour-dji-rc-pro-sunnylife\/\",\"name\":\"Sacoche de transport pour DJI RC Pro - Sunnylife - Sparte Robotics\",\"isPartOf\":{\"@id\":\"https:\/\/sparterobotics.com\/fr\/#website\"},\"primaryImageOfPage\":{\"@id\":\"https:\/\/sparterobotics.com\/product\/sacoche-de-transport-pour-dji-rc-pro-sunnylife\/#primaryimage\"},\"image\":{\"@id\":\"https:\/\/sparterobotics.com\/product\/sacoche-de-transport-pour-dji-rc-pro-sunnylife\/#primaryimage\"},\"thumbnailUrl\":\"https:\/\/sparterobotics.com\/wp-content\/uploads\/2023\/10\/goo-removebg-preview.png\",\"datePublished\":\"2023-10-17T05:18:55+00:00\",\"dateModified\":\"2023-10-17T05:22:56+00:00\",\"description\":\"D\u00e9couvrez notre startup au Cameroun. Achetez les derniers mod\u00e8les de drones DJI Matrice 30Tavec livraison rapide et service client de qualit\u00e9.\",\"breadcrumb\":{\"@id\":\"https:\/\/sparterobotics.com\/product\/sacoche-de-transport-pour-dji-rc-pro-sunnylife\/#breadcrumb\"},\"inLanguage\":\"en-CA\",\"potentialAction\":[{\"@type\":\"ReadAction\",\"target\":[\"https:\/\/sparterobotics.com\/product\/sacoche-de-transport-pour-dji-rc-pro-sunnylife\/\"]}]},{\"@type\":\"ImageObject\",\"inLanguage\":\"en-CA\",\"@id\":\"https:\/\/sparterobotics.com\/product\/sacoche-de-transport-pour-dji-rc-pro-sunnylife\/#primaryimage\",\"url\":\"https:\/\/sparterobotics.com\/wp-content\/uploads\/2023\/10\/goo-removebg-preview.png\",\"contentUrl\":\"https:\/\/sparterobotics.com\/wp-content\/uploads\/2023\/10\/goo-removebg-preview.png\",\"width\":500,\"height\":500,\"caption\":\"Sacoche de transport pour DJI RC Pro - Sunnylife Sparte robotics\"},{\"@type\":\"BreadcrumbList\",\"@id\":\"https:\/\/sparterobotics.com\/product\/sacoche-de-transport-pour-dji-rc-pro-sunnylife\/#breadcrumb\",\"itemListElement\":[{\"@type\":\"ListItem\",\"position\":1,\"name\":\"Home\",\"item\":\"https:\/\/sparterobotics.com\/\"},{\"@type\":\"ListItem\",\"position\":2,\"name\":\"Shop\",\"item\":\"https:\/\/sparterobotics.com\/shop-drone-mavic-phantom-dji-cameroun\/\"},{\"@type\":\"ListItem\",\"position\":3,\"name\":\"Sacoche de transport pour DJI RC Pro &#8211; Sunnylife\"}]},{\"@type\":\"WebSite\",\"@id\":\"https:\/\/sparterobotics.com\/fr\/#website\",\"url\":\"https:\/\/sparterobotics.com\/fr\/\",\"name\":\"Sparte Robotics\",\"description\":\"robotique cameroun\",\"publisher\":{\"@id\":\"https:\/\/sparterobotics.com\/fr\/#organization\"},\"alternateName\":\"Sparte Robotics\",\"potentialAction\":[{\"@type\":\"SearchAction\",\"target\":{\"@type\":\"EntryPoint\",\"urlTemplate\":\"https:\/\/sparterobotics.com\/fr\/?s={search_term_string}\"},\"query-input\":{\"@type\":\"PropertyValueSpecification\",\"valueRequired\":true,\"valueName\":\"search_term_string\"}}],\"inLanguage\":\"en-CA\"},{\"@type\":\"Organization\",\"@id\":\"https:\/\/sparterobotics.com\/fr\/#organization\",\"name\":\"Sparte Robotics\",\"url\":\"https:\/\/sparterobotics.com\/fr\/\",\"logo\":{\"@type\":\"ImageObject\",\"inLanguage\":\"en-CA\",\"@id\":\"https:\/\/sparterobotics.com\/fr\/#\/schema\/logo\/image\/\",\"url\":\"https:\/\/sparterobotics.com\/wp-content\/uploads\/2023\/09\/cropped-OIP.jpeg\",\"contentUrl\":\"https:\/\/sparterobotics.com\/wp-content\/uploads\/2023\/09\/cropped-OIP.jpeg\",\"width\":474,\"height\":190,\"caption\":\"Sparte Robotics\"},\"image\":{\"@id\":\"https:\/\/sparterobotics.com\/fr\/#\/schema\/logo\/image\/\"},\"sameAs\":[\"https:\/\/www.facebook.com\/SparteRobotics\/\",\"https:\/\/x.com\/RoboticsSparte\",\"https:\/\/www.linkedin.com\/company\/sparte-robotics\"]}]}<\/script>\n<!-- \/ Yoast SEO plugin. -->","yoast_head_json":{"title":"Sacoche de transport pour DJI RC Pro - Sunnylife - Sparte Robotics","description":"D\u00e9couvrez notre startup au Cameroun. Achetez les derniers mod\u00e8les de drones DJI Matrice 30Tavec livraison rapide et service client de qualit\u00e9.","robots":{"index":"index","follow":"follow","max-snippet":"max-snippet:-1","max-image-preview":"max-image-preview:large","max-video-preview":"max-video-preview:-1"},"canonical":"https:\/\/sparterobotics.com\/en\/product\/sacoche-de-transport-pour-dji-rc-pro-sunnylife\/","og_locale":"en_US","og_type":"article","og_title":"Sacoche de transport pour DJI RC Pro - Sunnylife - Sparte Robotics","og_description":"D\u00e9couvrez notre startup au Cameroun. Achetez les derniers mod\u00e8les de drones DJI Matrice 30Tavec livraison rapide et service client de qualit\u00e9.","og_url":"https:\/\/sparterobotics.com\/en\/product\/sacoche-de-transport-pour-dji-rc-pro-sunnylife\/","og_site_name":"Sparte Robotics","article_publisher":"https:\/\/www.facebook.com\/SparteRobotics\/","article_modified_time":"2023-10-17T05:22:56+00:00","og_image":[{"width":500,"height":500,"url":"https:\/\/sparterobotics.com\/wp-content\/uploads\/2023\/10\/goo-removebg-preview.png","type":"image\/png"}],"twitter_card":"summary_large_image","twitter_site":"@RoboticsSparte","twitter_misc":{"Est. reading time":"1 minute"},"schema":{"@context":"https:\/\/schema.org","@graph":[{"@type":"WebPage","@id":"https:\/\/sparterobotics.com\/product\/sacoche-de-transport-pour-dji-rc-pro-sunnylife\/","url":"https:\/\/sparterobotics.com\/product\/sacoche-de-transport-pour-dji-rc-pro-sunnylife\/","name":"Sacoche de transport pour DJI RC Pro - Sunnylife - Sparte Robotics","isPartOf":{"@id":"https:\/\/sparterobotics.com\/fr\/#website"},"primaryImageOfPage":{"@id":"https:\/\/sparterobotics.com\/product\/sacoche-de-transport-pour-dji-rc-pro-sunnylife\/#primaryimage"},"image":{"@id":"https:\/\/sparterobotics.com\/product\/sacoche-de-transport-pour-dji-rc-pro-sunnylife\/#primaryimage"},"thumbnailUrl":"https:\/\/sparterobotics.com\/wp-content\/uploads\/2023\/10\/goo-removebg-preview.png","datePublished":"2023-10-17T05:18:55+00:00","dateModified":"2023-10-17T05:22:56+00:00","description":"D\u00e9couvrez notre startup au Cameroun. Achetez les derniers mod\u00e8les de drones DJI Matrice 30Tavec livraison rapide et service client de qualit\u00e9.","breadcrumb":{"@id":"https:\/\/sparterobotics.com\/product\/sacoche-de-transport-pour-dji-rc-pro-sunnylife\/#breadcrumb"},"inLanguage":"en-CA","potentialAction":[{"@type":"ReadAction","target":["https:\/\/sparterobotics.com\/product\/sacoche-de-transport-pour-dji-rc-pro-sunnylife\/"]}]},{"@type":"ImageObject","inLanguage":"en-CA","@id":"https:\/\/sparterobotics.com\/product\/sacoche-de-transport-pour-dji-rc-pro-sunnylife\/#primaryimage","url":"https:\/\/sparterobotics.com\/wp-content\/uploads\/2023\/10\/goo-removebg-preview.png","contentUrl":"https:\/\/sparterobotics.com\/wp-content\/uploads\/2023\/10\/goo-removebg-preview.png","width":500,"height":500,"caption":"Sacoche de transport pour DJI RC Pro - Sunnylife Sparte robotics"},{"@type":"BreadcrumbList","@id":"https:\/\/sparterobotics.com\/product\/sacoche-de-transport-pour-dji-rc-pro-sunnylife\/#breadcrumb","itemListElement":[{"@type":"ListItem","position":1,"name":"Home","item":"https:\/\/sparterobotics.com\/"},{"@type":"ListItem","position":2,"name":"Shop","item":"https:\/\/sparterobotics.com\/shop-drone-mavic-phantom-dji-cameroun\/"},{"@type":"ListItem","position":3,"name":"Sacoche de transport pour DJI RC Pro &#8211; Sunnylife"}]},{"@type":"WebSite","@id":"https:\/\/sparterobotics.com\/fr\/#website","url":"https:\/\/sparterobotics.com\/fr\/","name":"Sparte Robotics","description":"robotique cameroun","publisher":{"@id":"https:\/\/sparterobotics.com\/fr\/#organization"},"alternateName":"Sparte Robotics","potentialAction":[{"@type":"SearchAction","target":{"@type":"EntryPoint","urlTemplate":"https:\/\/sparterobotics.com\/fr\/?s={search_term_string}"},"query-input":{"@type":"PropertyValueSpecification","valueRequired":true,"valueName":"search_term_string"}}],"inLanguage":"en-CA"},{"@type":"Organization","@id":"https:\/\/sparterobotics.com\/fr\/#organization","name":"Sparte Robotics","url":"https:\/\/sparterobotics.com\/fr\/","logo":{"@type":"ImageObject","inLanguage":"en-CA","@id":"https:\/\/sparterobotics.com\/fr\/#\/schema\/logo\/image\/","url":"https:\/\/sparterobotics.com\/wp-content\/uploads\/2023\/09\/cropped-OIP.jpeg","contentUrl":"https:\/\/sparterobotics.com\/wp-content\/uploads\/2023\/09\/cropped-OIP.jpeg","width":474,"height":190,"caption":"Sparte Robotics"},"image":{"@id":"https:\/\/sparterobotics.com\/fr\/#\/schema\/logo\/image\/"},"sameAs":["https:\/\/www.facebook.com\/SparteRobotics\/","https:\/\/x.com\/RoboticsSparte","https:\/\/www.linkedin.com\/company\/sparte-robotics"]}]}},"_links":{"self":[{"href":"https:\/\/sparterobotics.com\/en\/wp-json\/wp\/v2\/product\/3829","targetHints":{"allow":["GET"]}}],"collection":[{"href":"https:\/\/sparterobotics.com\/en\/wp-json\/wp\/v2\/product"}],"about":[{"href":"https:\/\/sparterobotics.com\/en\/wp-json\/wp\/v2\/types\/product"}],"replies":[{"embeddable":true,"href":"https:\/\/sparterobotics.com\/en\/wp-json\/wp\/v2\/comments?post=3829"}],"wp:featuredmedia":[{"embeddable":true,"href":"https:\/\/sparterobotics.com\/en\/wp-json\/wp\/v2\/media\/3830"}],"wp:attachment":[{"href":"https:\/\/sparterobotics.com\/en\/wp-json\/wp\/v2\/media?parent=3829"}],"wp:term":[{"taxonomy":"product_brand","embeddable":true,"href":"https:\/\/sparterobotics.com\/en\/wp-json\/wp\/v2\/product_brand?post=3829"},{"taxonomy":"product_cat","embeddable":true,"href":"https:\/\/sparterobotics.com\/en\/wp-json\/wp\/v2\/product_cat?post=3829"},{"taxonomy":"product_tag","embeddable":true,"href":"https:\/\/sparterobotics.com\/en\/wp-json\/wp\/v2\/product_tag?post=3829"}],"curies":[{"name":"wp","href":"https:\/\/api.w.org\/{rel}","templated":true}]}}