{"id":3389,"date":"2023-10-05T14:58:31","date_gmt":"2023-10-05T13:58:31","guid":{"rendered":"https:\/\/sparterobotics.com\/?post_type=product&#038;p=3389"},"modified":"2023-10-06T18:20:17","modified_gmt":"2023-10-06T17:20:17","slug":"autel-robotics-evo-ii-dual-640t","status":"publish","type":"product","link":"https:\/\/sparterobotics.com\/en\/product\/autel-robotics-evo-ii-dual-640t\/","title":{"rendered":"Autel Robotics EVO II dual 640T"},"content":{"rendered":"<div class=\"elementor-element elementor-element-47711209 elementor-widget elementor-widget-heading\" data-id=\"47711209\" data-element_type=\"widget\" data-widget_type=\"heading.default\">\n<div class=\"elementor-widget-container\">\n<h3 class=\"elementor-heading-title elementor-size-default\">Un drone thermique \u00e0 l\u2019aise dans de nombreux domaines<\/h3>\n<\/div>\n<\/div>\n<div class=\"elementor-element elementor-element-5c8cae54 elementor-widget elementor-widget-text-editor\" data-id=\"5c8cae54\" data-element_type=\"widget\" data-widget_type=\"text-editor.default\">\n<div class=\"elementor-widget-container\">\n<div class=\"elementor-text-editor elementor-clearfix\">\n<p>Grace \u00e0 son capteur polyvalent et sa taille r\u00e9duite, l\u2019Autel Evo II Dual 640T sait se montrer performant dans de nombreux m\u00e9tiers :<\/p>\n<ul>\n<li>Inspections des lignes \u00e9lectriques et t\u00e9l\u00e9phoniques : R\u00e9duire les co\u00fbts, accro\u00eetre la s\u00e9curit\u00e9 et am\u00e9liorer le d\u00e9roulement des inspections.<\/li>\n<li>Lutte contre les incendies : Permet aux pompiers de localiser les points chauds, d\u2019assurer une surveillance et r\u00e9duire les d\u00e9lais d\u2019intervention.<\/li>\n<li>Application de la loi : Permet aux forces de l\u2019ordre\u00a0 de surveiller, reconstituer les lieux de l\u2019accident, effectuer des expertises m\u00e9dico-l\u00e9gales et surveiller les foules.<\/li>\n<li>Recherche et sauvetage : La cam\u00e9ra thermique permet d\u2019identifier des sujets, r\u00e9duire les temps de r\u00e9ponse et maximiser la zone de recherche gr\u00e2ce \u00e0 une planification de mission automatis\u00e9e.<\/li>\n<li>Produits chimiques : Permet d\u2019inspecter les usines plus efficacement tout en am\u00e9liorant la s\u00e9curit\u00e9 des travailleurs et en r\u00e9duisant les co\u00fbts d\u2019inspection<\/li>\n<\/ul>\n<\/div>\n<\/div>\n<\/div>\n","protected":false},"excerpt":{"rendered":"<div class=\"elementor-element elementor-element-28bca130 elementor-widget elementor-widget-heading\" data-id=\"28bca130\" data-element_type=\"widget\" data-widget_type=\"heading.default\">\n<div class=\"elementor-widget-container\">\n<h3 class=\"elementor-heading-title elementor-size-default\">EVO Il Dual 640T, un drone professionnel et performant<\/h3>\n<\/div>\n<\/div>\n<div class=\"elementor-element elementor-element-271b90e2 elementor-widget elementor-widget-text-editor\" data-id=\"271b90e2\" data-element_type=\"widget\" data-widget_type=\"text-editor.default\">\n<div class=\"elementor-widget-container\">\n<div class=\"elementor-text-editor elementor-clearfix\">\n<p>Des r\u00e9solutions allant jusqu\u2019\u00e0 640\u00d7512 permettent aux pilotes de l\u2019EVO II Dual de capturer des sujets avec beaucoup de d\u00e9tails jusqu\u2019\u00e0 100 m\u00e8tres, soit quatre fois plus loin que n\u2019importe quel avion de sa cat\u00e9gorie. La fr\u00e9quence de rafra\u00eechissement de 30 Hz produit un mouvement thermique dynamique et r\u00e9gulier en faisant correspondre les images thermiques \u00e0 la fr\u00e9quence d\u2019images vid\u00e9o.<\/p>\n<\/div>\n<\/div>\n<\/div>\n","protected":false},"featured_media":3391,"comment_status":"open","ping_status":"closed","template":"","meta":{"_eb_attr":"","ocean_post_layout":"","ocean_both_sidebars_style":"","ocean_both_sidebars_content_width":0,"ocean_both_sidebars_sidebars_width":0,"ocean_sidebar":"","ocean_second_sidebar":"","ocean_disable_margins":"enable","ocean_add_body_class":"","ocean_shortcode_before_top_bar":"","ocean_shortcode_after_top_bar":"","ocean_shortcode_before_header":"","ocean_shortcode_after_header":"","ocean_has_shortcode":"","ocean_shortcode_after_title":"","ocean_shortcode_before_footer_widgets":"","ocean_shortcode_after_footer_widgets":"","ocean_shortcode_before_footer_bottom":"","ocean_shortcode_after_footer_bottom":"","ocean_display_top_bar":"default","ocean_display_header":"default","ocean_header_style":"","ocean_center_header_left_menu":"","ocean_custom_header_template":"","ocean_custom_logo":0,"ocean_custom_retina_logo":0,"ocean_custom_logo_max_width":0,"ocean_custom_logo_tablet_max_width":0,"ocean_custom_logo_mobile_max_width":0,"ocean_custom_logo_max_height":0,"ocean_custom_logo_tablet_max_height":0,"ocean_custom_logo_mobile_max_height":0,"ocean_header_custom_menu":"","ocean_menu_typo_font_family":"","ocean_menu_typo_font_subset":"","ocean_menu_typo_font_size":0,"ocean_menu_typo_font_size_tablet":0,"ocean_menu_typo_font_size_mobile":0,"ocean_menu_typo_font_size_unit":"px","ocean_menu_typo_font_weight":"","ocean_menu_typo_font_weight_tablet":"","ocean_menu_typo_font_weight_mobile":"","ocean_menu_typo_transform":"","ocean_menu_typo_transform_tablet":"","ocean_menu_typo_transform_mobile":"","ocean_menu_typo_line_height":0,"ocean_menu_typo_line_height_tablet":0,"ocean_menu_typo_line_height_mobile":0,"ocean_menu_typo_line_height_unit":"","ocean_menu_typo_spacing":0,"ocean_menu_typo_spacing_tablet":0,"ocean_menu_typo_spacing_mobile":0,"ocean_menu_typo_spacing_unit":"","ocean_menu_link_color":"","ocean_menu_link_color_hover":"","ocean_menu_link_color_active":"","ocean_menu_link_background":"","ocean_menu_link_hover_background":"","ocean_menu_link_active_background":"","ocean_menu_social_links_bg":"","ocean_menu_social_hover_links_bg":"","ocean_menu_social_links_color":"","ocean_menu_social_hover_links_color":"","ocean_disable_title":"default","ocean_disable_heading":"default","ocean_post_title":"","ocean_post_subheading":"","ocean_post_title_style":"","ocean_post_title_background_color":"","ocean_post_title_background":0,"ocean_post_title_bg_image_position":"","ocean_post_title_bg_image_attachment":"","ocean_post_title_bg_image_repeat":"","ocean_post_title_bg_image_size":"","ocean_post_title_height":0,"ocean_post_title_bg_overlay":0.5,"ocean_post_title_bg_overlay_color":"","ocean_disable_breadcrumbs":"default","ocean_breadcrumbs_color":"","ocean_breadcrumbs_separator_color":"","ocean_breadcrumbs_links_color":"","ocean_breadcrumbs_links_hover_color":"","ocean_display_footer_widgets":"default","ocean_display_footer_bottom":"default","ocean_custom_footer_template":""},"product_brand":[],"product_cat":[30],"product_tag":[],"class_list":{"0":"post-3389","1":"product","2":"type-product","3":"status-publish","4":"has-post-thumbnail","6":"product_cat-agricultures-drones-aerien","8":"entry","9":"has-media","11":"first","12":"instock","13":"shipping-taxable","14":"purchasable","15":"product-type-simple","16":"has-product-nav","17":"col","18":"span_1_of_3","19":"owp-content-center","20":"owp-thumbs-layout-horizontal","21":"owp-btn-normal","22":"owp-tabs-layout-horizontal","23":"has-no-thumbnails","25":"circle-sale"},"yoast_head":"<!-- This site is optimized with the Yoast SEO plugin v27.2 - https:\/\/yoast.com\/product\/yoast-seo-wordpress\/ -->\n<title>Autel Robotics EVO II dual 640T - Sparte Robotics<\/title>\n<meta name=\"description\" content=\"% D\u00e9couvrez notre startup au Cameroun. Achetez les derniers mod\u00e8les de drones DJI (Mavic, Phantom) avec livraison rapide et service client de qualit\u00e9.\" \/>\n<meta name=\"robots\" content=\"index, follow, max-snippet:-1, max-image-preview:large, max-video-preview:-1\" \/>\n<link rel=\"canonical\" href=\"https:\/\/sparterobotics.com\/en\/product\/autel-robotics-evo-ii-dual-640t\/\" \/>\n<meta property=\"og:locale\" content=\"en_US\" \/>\n<meta property=\"og:type\" content=\"article\" \/>\n<meta property=\"og:title\" content=\"Autel Robotics EVO II dual 640T - Sparte Robotics\" \/>\n<meta property=\"og:description\" content=\"% D\u00e9couvrez notre startup au Cameroun. Achetez les derniers mod\u00e8les de drones DJI (Mavic, Phantom) avec livraison rapide et service client de qualit\u00e9.\" \/>\n<meta property=\"og:url\" content=\"https:\/\/sparterobotics.com\/en\/product\/autel-robotics-evo-ii-dual-640t\/\" \/>\n<meta property=\"og:site_name\" content=\"Sparte Robotics\" \/>\n<meta property=\"article:publisher\" content=\"https:\/\/www.facebook.com\/SparteRobotics\/\" \/>\n<meta property=\"article:modified_time\" content=\"2023-10-06T17:20:17+00:00\" \/>\n<meta property=\"og:image\" content=\"https:\/\/sparterobotics.com\/wp-content\/uploads\/2023\/10\/Autel-Evo-II-Dual-300x300-removebg-preview.png\" \/>\n\t<meta property=\"og:image:width\" content=\"300\" \/>\n\t<meta property=\"og:image:height\" content=\"300\" \/>\n\t<meta property=\"og:image:type\" content=\"image\/png\" \/>\n<meta name=\"twitter:card\" content=\"summary_large_image\" \/>\n<meta name=\"twitter:site\" content=\"@RoboticsSparte\" \/>\n<meta name=\"twitter:label1\" content=\"Est. reading time\" \/>\n\t<meta name=\"twitter:data1\" content=\"1 minute\" \/>\n<script type=\"application\/ld+json\" class=\"yoast-schema-graph\">{\"@context\":\"https:\/\/schema.org\",\"@graph\":[{\"@type\":\"WebPage\",\"@id\":\"https:\/\/sparterobotics.com\/product\/autel-robotics-evo-ii-dual-640t\/\",\"url\":\"https:\/\/sparterobotics.com\/product\/autel-robotics-evo-ii-dual-640t\/\",\"name\":\"Autel Robotics EVO II dual 640T - Sparte Robotics\",\"isPartOf\":{\"@id\":\"https:\/\/sparterobotics.com\/fr\/#website\"},\"primaryImageOfPage\":{\"@id\":\"https:\/\/sparterobotics.com\/product\/autel-robotics-evo-ii-dual-640t\/#primaryimage\"},\"image\":{\"@id\":\"https:\/\/sparterobotics.com\/product\/autel-robotics-evo-ii-dual-640t\/#primaryimage\"},\"thumbnailUrl\":\"https:\/\/sparterobotics.com\/wp-content\/uploads\/2023\/10\/Autel-Evo-II-Dual-300x300-removebg-preview.png\",\"datePublished\":\"2023-10-05T13:58:31+00:00\",\"dateModified\":\"2023-10-06T17:20:17+00:00\",\"description\":\"% D\u00e9couvrez notre startup au Cameroun. Achetez les derniers mod\u00e8les de drones DJI (Mavic, Phantom) avec livraison rapide et service client de qualit\u00e9.\",\"breadcrumb\":{\"@id\":\"https:\/\/sparterobotics.com\/product\/autel-robotics-evo-ii-dual-640t\/#breadcrumb\"},\"inLanguage\":\"en-CA\",\"potentialAction\":[{\"@type\":\"ReadAction\",\"target\":[\"https:\/\/sparterobotics.com\/product\/autel-robotics-evo-ii-dual-640t\/\"]}]},{\"@type\":\"ImageObject\",\"inLanguage\":\"en-CA\",\"@id\":\"https:\/\/sparterobotics.com\/product\/autel-robotics-evo-ii-dual-640t\/#primaryimage\",\"url\":\"https:\/\/sparterobotics.com\/wp-content\/uploads\/2023\/10\/Autel-Evo-II-Dual-300x300-removebg-preview.png\",\"contentUrl\":\"https:\/\/sparterobotics.com\/wp-content\/uploads\/2023\/10\/Autel-Evo-II-Dual-300x300-removebg-preview.png\",\"width\":300,\"height\":300},{\"@type\":\"BreadcrumbList\",\"@id\":\"https:\/\/sparterobotics.com\/product\/autel-robotics-evo-ii-dual-640t\/#breadcrumb\",\"itemListElement\":[{\"@type\":\"ListItem\",\"position\":1,\"name\":\"Home\",\"item\":\"https:\/\/sparterobotics.com\/\"},{\"@type\":\"ListItem\",\"position\":2,\"name\":\"Shop\",\"item\":\"https:\/\/sparterobotics.com\/shop-drone-mavic-phantom-dji-cameroun\/\"},{\"@type\":\"ListItem\",\"position\":3,\"name\":\"Autel Robotics EVO II dual 640T\"}]},{\"@type\":\"WebSite\",\"@id\":\"https:\/\/sparterobotics.com\/fr\/#website\",\"url\":\"https:\/\/sparterobotics.com\/fr\/\",\"name\":\"Sparte Robotics\",\"description\":\"robotique cameroun\",\"publisher\":{\"@id\":\"https:\/\/sparterobotics.com\/fr\/#organization\"},\"alternateName\":\"Sparte Robotics\",\"potentialAction\":[{\"@type\":\"SearchAction\",\"target\":{\"@type\":\"EntryPoint\",\"urlTemplate\":\"https:\/\/sparterobotics.com\/fr\/?s={search_term_string}\"},\"query-input\":{\"@type\":\"PropertyValueSpecification\",\"valueRequired\":true,\"valueName\":\"search_term_string\"}}],\"inLanguage\":\"en-CA\"},{\"@type\":\"Organization\",\"@id\":\"https:\/\/sparterobotics.com\/fr\/#organization\",\"name\":\"Sparte Robotics\",\"url\":\"https:\/\/sparterobotics.com\/fr\/\",\"logo\":{\"@type\":\"ImageObject\",\"inLanguage\":\"en-CA\",\"@id\":\"https:\/\/sparterobotics.com\/fr\/#\/schema\/logo\/image\/\",\"url\":\"https:\/\/sparterobotics.com\/wp-content\/uploads\/2023\/09\/cropped-OIP.jpeg\",\"contentUrl\":\"https:\/\/sparterobotics.com\/wp-content\/uploads\/2023\/09\/cropped-OIP.jpeg\",\"width\":474,\"height\":190,\"caption\":\"Sparte Robotics\"},\"image\":{\"@id\":\"https:\/\/sparterobotics.com\/fr\/#\/schema\/logo\/image\/\"},\"sameAs\":[\"https:\/\/www.facebook.com\/SparteRobotics\/\",\"https:\/\/x.com\/RoboticsSparte\",\"https:\/\/www.linkedin.com\/company\/sparte-robotics\"]}]}<\/script>\n<!-- \/ Yoast SEO plugin. -->","yoast_head_json":{"title":"Autel Robotics EVO II dual 640T - Sparte Robotics","description":"% D\u00e9couvrez notre startup au Cameroun. Achetez les derniers mod\u00e8les de drones DJI (Mavic, Phantom) avec livraison rapide et service client de qualit\u00e9.","robots":{"index":"index","follow":"follow","max-snippet":"max-snippet:-1","max-image-preview":"max-image-preview:large","max-video-preview":"max-video-preview:-1"},"canonical":"https:\/\/sparterobotics.com\/en\/product\/autel-robotics-evo-ii-dual-640t\/","og_locale":"en_US","og_type":"article","og_title":"Autel Robotics EVO II dual 640T - Sparte Robotics","og_description":"% D\u00e9couvrez notre startup au Cameroun. Achetez les derniers mod\u00e8les de drones DJI (Mavic, Phantom) avec livraison rapide et service client de qualit\u00e9.","og_url":"https:\/\/sparterobotics.com\/en\/product\/autel-robotics-evo-ii-dual-640t\/","og_site_name":"Sparte Robotics","article_publisher":"https:\/\/www.facebook.com\/SparteRobotics\/","article_modified_time":"2023-10-06T17:20:17+00:00","og_image":[{"width":300,"height":300,"url":"https:\/\/sparterobotics.com\/wp-content\/uploads\/2023\/10\/Autel-Evo-II-Dual-300x300-removebg-preview.png","type":"image\/png"}],"twitter_card":"summary_large_image","twitter_site":"@RoboticsSparte","twitter_misc":{"Est. reading time":"1 minute"},"schema":{"@context":"https:\/\/schema.org","@graph":[{"@type":"WebPage","@id":"https:\/\/sparterobotics.com\/product\/autel-robotics-evo-ii-dual-640t\/","url":"https:\/\/sparterobotics.com\/product\/autel-robotics-evo-ii-dual-640t\/","name":"Autel Robotics EVO II dual 640T - Sparte Robotics","isPartOf":{"@id":"https:\/\/sparterobotics.com\/fr\/#website"},"primaryImageOfPage":{"@id":"https:\/\/sparterobotics.com\/product\/autel-robotics-evo-ii-dual-640t\/#primaryimage"},"image":{"@id":"https:\/\/sparterobotics.com\/product\/autel-robotics-evo-ii-dual-640t\/#primaryimage"},"thumbnailUrl":"https:\/\/sparterobotics.com\/wp-content\/uploads\/2023\/10\/Autel-Evo-II-Dual-300x300-removebg-preview.png","datePublished":"2023-10-05T13:58:31+00:00","dateModified":"2023-10-06T17:20:17+00:00","description":"% D\u00e9couvrez notre startup au Cameroun. Achetez les derniers mod\u00e8les de drones DJI (Mavic, Phantom) avec livraison rapide et service client de qualit\u00e9.","breadcrumb":{"@id":"https:\/\/sparterobotics.com\/product\/autel-robotics-evo-ii-dual-640t\/#breadcrumb"},"inLanguage":"en-CA","potentialAction":[{"@type":"ReadAction","target":["https:\/\/sparterobotics.com\/product\/autel-robotics-evo-ii-dual-640t\/"]}]},{"@type":"ImageObject","inLanguage":"en-CA","@id":"https:\/\/sparterobotics.com\/product\/autel-robotics-evo-ii-dual-640t\/#primaryimage","url":"https:\/\/sparterobotics.com\/wp-content\/uploads\/2023\/10\/Autel-Evo-II-Dual-300x300-removebg-preview.png","contentUrl":"https:\/\/sparterobotics.com\/wp-content\/uploads\/2023\/10\/Autel-Evo-II-Dual-300x300-removebg-preview.png","width":300,"height":300},{"@type":"BreadcrumbList","@id":"https:\/\/sparterobotics.com\/product\/autel-robotics-evo-ii-dual-640t\/#breadcrumb","itemListElement":[{"@type":"ListItem","position":1,"name":"Home","item":"https:\/\/sparterobotics.com\/"},{"@type":"ListItem","position":2,"name":"Shop","item":"https:\/\/sparterobotics.com\/shop-drone-mavic-phantom-dji-cameroun\/"},{"@type":"ListItem","position":3,"name":"Autel Robotics EVO II dual 640T"}]},{"@type":"WebSite","@id":"https:\/\/sparterobotics.com\/fr\/#website","url":"https:\/\/sparterobotics.com\/fr\/","name":"Sparte Robotics","description":"robotique cameroun","publisher":{"@id":"https:\/\/sparterobotics.com\/fr\/#organization"},"alternateName":"Sparte Robotics","potentialAction":[{"@type":"SearchAction","target":{"@type":"EntryPoint","urlTemplate":"https:\/\/sparterobotics.com\/fr\/?s={search_term_string}"},"query-input":{"@type":"PropertyValueSpecification","valueRequired":true,"valueName":"search_term_string"}}],"inLanguage":"en-CA"},{"@type":"Organization","@id":"https:\/\/sparterobotics.com\/fr\/#organization","name":"Sparte Robotics","url":"https:\/\/sparterobotics.com\/fr\/","logo":{"@type":"ImageObject","inLanguage":"en-CA","@id":"https:\/\/sparterobotics.com\/fr\/#\/schema\/logo\/image\/","url":"https:\/\/sparterobotics.com\/wp-content\/uploads\/2023\/09\/cropped-OIP.jpeg","contentUrl":"https:\/\/sparterobotics.com\/wp-content\/uploads\/2023\/09\/cropped-OIP.jpeg","width":474,"height":190,"caption":"Sparte Robotics"},"image":{"@id":"https:\/\/sparterobotics.com\/fr\/#\/schema\/logo\/image\/"},"sameAs":["https:\/\/www.facebook.com\/SparteRobotics\/","https:\/\/x.com\/RoboticsSparte","https:\/\/www.linkedin.com\/company\/sparte-robotics"]}]}},"_links":{"self":[{"href":"https:\/\/sparterobotics.com\/en\/wp-json\/wp\/v2\/product\/3389","targetHints":{"allow":["GET"]}}],"collection":[{"href":"https:\/\/sparterobotics.com\/en\/wp-json\/wp\/v2\/product"}],"about":[{"href":"https:\/\/sparterobotics.com\/en\/wp-json\/wp\/v2\/types\/product"}],"replies":[{"embeddable":true,"href":"https:\/\/sparterobotics.com\/en\/wp-json\/wp\/v2\/comments?post=3389"}],"wp:featuredmedia":[{"embeddable":true,"href":"https:\/\/sparterobotics.com\/en\/wp-json\/wp\/v2\/media\/3391"}],"wp:attachment":[{"href":"https:\/\/sparterobotics.com\/en\/wp-json\/wp\/v2\/media?parent=3389"}],"wp:term":[{"taxonomy":"product_brand","embeddable":true,"href":"https:\/\/sparterobotics.com\/en\/wp-json\/wp\/v2\/product_brand?post=3389"},{"taxonomy":"product_cat","embeddable":true,"href":"https:\/\/sparterobotics.com\/en\/wp-json\/wp\/v2\/product_cat?post=3389"},{"taxonomy":"product_tag","embeddable":true,"href":"https:\/\/sparterobotics.com\/en\/wp-json\/wp\/v2\/product_tag?post=3389"}],"curies":[{"name":"wp","href":"https:\/\/api.w.org\/{rel}","templated":true}]}}