{"id":3385,"date":"2023-10-05T14:39:34","date_gmt":"2023-10-05T13:39:34","guid":{"rendered":"https:\/\/sparterobotics.com\/?post_type=product&#038;p=3385"},"modified":"2023-10-06T18:24:39","modified_gmt":"2023-10-06T17:24:39","slug":"matrice-300-rtk","status":"publish","type":"product","link":"https:\/\/sparterobotics.com\/en\/product\/matrice-300-rtk\/","title":{"rendered":"Matrice 300 RTK"},"content":{"rendered":"<div class=\"elementor-element elementor-element-437f8f3 elementor-widget elementor-widget-heading\" data-id=\"437f8f3\" data-element_type=\"widget\" data-widget_type=\"heading.default\">\n<div class=\"elementor-widget-container\">\n<h2 class=\"elementor-heading-title elementor-size-large\">Les modes de vols intelligents du Matrice 300 RTK<\/h2>\n<\/div>\n<\/div>\n<section class=\"elementor-section elementor-inner-section elementor-element elementor-element-3947c4b elementor-section-boxed elementor-section-height-default elementor-section-height-default\" data-id=\"3947c4b\" data-element_type=\"section\" data-settings=\"{&quot;_ha_eqh_enable&quot;:false}\">\n<div class=\"elementor-container elementor-column-gap-default\">\n<div class=\"elementor-row\">\n<div class=\"elementor-column elementor-col-50 elementor-inner-column elementor-element elementor-element-ff257d1\" data-id=\"ff257d1\" data-element_type=\"column\">\n<div class=\"elementor-column-wrap elementor-element-populated\">\n<div class=\"elementor-widget-wrap\">\n<div class=\"elementor-element elementor-element-6238d644 elementor-widget elementor-widget-heading\" data-id=\"6238d644\" data-element_type=\"widget\" data-widget_type=\"heading.default\">\n<div class=\"elementor-widget-container\">\n<h3 class=\"elementor-heading-title elementor-size-default\">Enregistrement de mission en direct<\/h3>\n<\/div>\n<\/div>\n<div class=\"elementor-element elementor-element-5d384530 elementor-widget elementor-widget-text-editor\" data-id=\"5d384530\" data-element_type=\"widget\" data-widget_type=\"text-editor.default\">\n<div class=\"elementor-widget-container\">\n<div class=\"elementor-text-editor elementor-clearfix\">\n<p>Enregistrez les actions r\u00e9alis\u00e9es en mission, telles que le mouvement du drone, l\u2019orientation de la nacelle, la prise de photo et le niveau de zoom afin de cr\u00e9er des fichiers de mission types pour de futures inspections automatis\u00e9es.<\/p>\n<\/div>\n<\/div>\n<\/div>\n<\/div>\n<\/div>\n<\/div>\n<div class=\"elementor-column elementor-col-50 elementor-inner-column elementor-element elementor-element-2377d8f\" data-id=\"2377d8f\" data-element_type=\"column\">\n<div class=\"elementor-column-wrap elementor-element-populated\">\n<div class=\"elementor-widget-wrap\">\n<div class=\"elementor-element elementor-element-620d7a0 elementor-widget elementor-widget-heading\" data-id=\"620d7a0\" data-element_type=\"widget\" data-widget_type=\"heading.default\">\n<div class=\"elementor-widget-container\">\n<h3 class=\"elementor-heading-title elementor-size-default\">AI Spot-Check<\/h3>\n<\/div>\n<\/div>\n<div class=\"elementor-element elementor-element-570a822 elementor-widget elementor-widget-text-editor\" data-id=\"570a822\" data-element_type=\"widget\" data-widget_type=\"text-editor.default\">\n<div class=\"elementor-widget-container\">\n<div class=\"elementor-text-editor elementor-clearfix\">\n<p>Automatisez les inspections de routine et relevez des r\u00e9sultats coh\u00e9rents \u00e0 chaque fois. L\u2019IA embarqu\u00e9e reconna\u00eet le sujet d\u2019int\u00e9r\u00eat et l\u2019identifie lors de missions automatis\u00e9es ult\u00e9rieures afin de garantir un cadrage identique. Pratique si vous avez plusieurs points cruciaux \u00e0 inspecter r\u00e9guli\u00e8rement.<\/p>\n<\/div>\n<\/div>\n<\/div>\n<\/div>\n<\/div>\n<\/div>\n<\/div>\n<\/div>\n<\/section>\n<section class=\"elementor-section elementor-inner-section elementor-element elementor-element-9c3826a elementor-section-boxed elementor-section-height-default elementor-section-height-default\" data-id=\"9c3826a\" data-element_type=\"section\" data-settings=\"{&quot;_ha_eqh_enable&quot;:false}\">\n<div class=\"elementor-container elementor-column-gap-default\">\n<div class=\"elementor-row\">\n<div class=\"elementor-column elementor-col-50 elementor-inner-column elementor-element elementor-element-d7edbba\" data-id=\"d7edbba\" data-element_type=\"column\">\n<div class=\"elementor-column-wrap elementor-element-populated\">\n<div class=\"elementor-widget-wrap\">\n<div class=\"elementor-element elementor-element-4b39e40 elementor-widget elementor-widget-heading\" data-id=\"4b39e40\" data-element_type=\"widget\" data-widget_type=\"heading.default\">\n<div class=\"elementor-widget-container\">\n<h3 class=\"elementor-heading-title elementor-size-default\">Waypoint 2.0<\/h3>\n<\/div>\n<\/div>\n<div class=\"elementor-element elementor-element-bac73a4 elementor-widget elementor-widget-text-editor\" data-id=\"bac73a4\" data-element_type=\"widget\" data-widget_type=\"text-editor.default\">\n<div class=\"elementor-widget-container\">\n<div class=\"elementor-text-editor elementor-clearfix\">\n<p>Cr\u00e9ez jusqu\u2019\u00e0 65 535 points de passage et d\u00e9finissez des actions multiples pour un ou plusieurs capteurs (fonctionne aussi avec les capteurs tiers) \u00e0 chaque point de passage. La planification des trajectoires de vol est \u00e9galement optimis\u00e9e afin de maximiser la flexibilit\u00e9 et l\u2019efficacit\u00e9 de vos missions.<\/p>\n<\/div>\n<\/div>\n<\/div>\n<\/div>\n<\/div>\n<\/div>\n<div class=\"elementor-column elementor-col-50 elementor-inner-column elementor-element elementor-element-3f29d19\" data-id=\"3f29d19\" data-element_type=\"column\">\n<div class=\"elementor-column-wrap elementor-element-populated\">\n<div class=\"elementor-widget-wrap\">\n<div class=\"elementor-element elementor-element-62a345c elementor-widget elementor-widget-heading\" data-id=\"62a345c\" data-element_type=\"widget\" data-widget_type=\"heading.default\">\n<div class=\"elementor-widget-container\">\n<h3 class=\"elementor-heading-title elementor-size-default\">Pinpoint<\/h3>\n<\/div>\n<\/div>\n<div class=\"elementor-element elementor-element-6d08ea6 elementor-widget elementor-widget-text-editor\" data-id=\"6d08ea6\" data-element_type=\"widget\" data-widget_type=\"text-editor.default\">\n<div class=\"elementor-widget-container\">\n<div class=\"elementor-text-editor elementor-clearfix\">Marquez un objet dans la vue de la cam\u00e9ra ou de la carte d\u2019un rapide coup de main, et les algorithmes avanc\u00e9s des capteurs calculent imm\u00e9diatement ses coordonn\u00e9es. Celles-ci seront projet\u00e9es sur toutes les vues de la cam\u00e9ra, sous la forme d\u2019une ic\u00f4ne en r\u00e9alit\u00e9 augment\u00e9e. L\u2019emplacement du sujet est automatiquement partag\u00e9 avec la seconde radiocommande, ou avec la plateforme en ligne DJI FlightHub.<\/div>\n<\/div>\n<\/div>\n<\/div>\n<\/div>\n<\/div>\n<\/div>\n<\/div>\n<\/section>\n","protected":false},"excerpt":{"rendered":"<div class=\"elementor-element elementor-element-1c05f10e elementor-widget elementor-widget-heading\" data-id=\"1c05f10e\" data-element_type=\"widget\" data-widget_type=\"heading.default\">\n<div class=\"elementor-widget-container\">\n<h3 class=\"elementor-heading-title elementor-size-default\">Matrice 300 RTK, l\u2019excellence du drone technique multi-usages<\/h3>\n<\/div>\n<\/div>\n<div class=\"elementor-element elementor-element-7a41b402 elementor-widget elementor-widget-text-editor\" data-id=\"7a41b402\" data-element_type=\"widget\" data-widget_type=\"text-editor.default\">\n<div class=\"elementor-widget-container\">\n<div class=\"elementor-text-editor elementor-clearfix\">\n<p>Con\u00e7u par DJI, le<a href=\"https:\/\/fr.wikipedia.org\/wiki\/DJI_(entreprise)\" target=\"_blank\" rel=\"noopener\">\u00a0leader mondial<\/a>\u00a0du drone, le Matrice 300 RTK se pr\u00e9sente comme une machine r\u00e9volutionnaire sur le march\u00e9 du drone. Plac\u00e9 entre la gamme Matrice\u00a0<a href=\"https:\/\/escadrone.com\/produit\/matrice-210-rtk-v2\/\">200<\/a>\u00a0et\u00a0<a href=\"https:\/\/escadrone.com\/produit\/dji-matrice-600-pro\/\">600<\/a>, le Matrice 300 RTK s\u2019impose comme une machine r\u00e9solument technique et polyvalente.<\/p>\n<p>Avec une autonomie annonc\u00e9e de 43 minutes avec capteur\u00a0<a href=\"https:\/\/escadrone.com\/produit\/dji-zenmuse-h20-h20t\/\">H20T<\/a>\u00a0et sa certification IP45, la r\u00e9sistance augmente par rapport aux drones\u00a0<a href=\"https:\/\/escadrone.com\/produit\/matrice-210-rtk-v2\/\">Matrice 200<\/a>. Le M300 RTK saura s\u2019adapter \u00e0 des environnements extr\u00eames (froid, chaud, poussi\u00e8re, pluie, neige). Des capteurs techniques et performants ont \u00e9t\u00e9 pens\u00e9s par DJI pour s\u2019adapter sur ce nouveau vecteur. \u00c9galement \u00e9quip\u00e9 d\u2019une multitude de capteurs de d\u00e9tection d\u2019obstacle dans 6 directions, la navigation et le pilotage sont s\u00e9curis\u00e9s.<\/p>\n<\/div>\n<\/div>\n<\/div>\n","protected":false},"featured_media":3386,"comment_status":"open","ping_status":"closed","template":"","meta":{"_eb_attr":"","ocean_post_layout":"","ocean_both_sidebars_style":"","ocean_both_sidebars_content_width":0,"ocean_both_sidebars_sidebars_width":0,"ocean_sidebar":"","ocean_second_sidebar":"","ocean_disable_margins":"enable","ocean_add_body_class":"","ocean_shortcode_before_top_bar":"","ocean_shortcode_after_top_bar":"","ocean_shortcode_before_header":"","ocean_shortcode_after_header":"","ocean_has_shortcode":"","ocean_shortcode_after_title":"","ocean_shortcode_before_footer_widgets":"","ocean_shortcode_after_footer_widgets":"","ocean_shortcode_before_footer_bottom":"","ocean_shortcode_after_footer_bottom":"","ocean_display_top_bar":"default","ocean_display_header":"default","ocean_header_style":"","ocean_center_header_left_menu":"","ocean_custom_header_template":"","ocean_custom_logo":0,"ocean_custom_retina_logo":0,"ocean_custom_logo_max_width":0,"ocean_custom_logo_tablet_max_width":0,"ocean_custom_logo_mobile_max_width":0,"ocean_custom_logo_max_height":0,"ocean_custom_logo_tablet_max_height":0,"ocean_custom_logo_mobile_max_height":0,"ocean_header_custom_menu":"","ocean_menu_typo_font_family":"","ocean_menu_typo_font_subset":"","ocean_menu_typo_font_size":0,"ocean_menu_typo_font_size_tablet":0,"ocean_menu_typo_font_size_mobile":0,"ocean_menu_typo_font_size_unit":"px","ocean_menu_typo_font_weight":"","ocean_menu_typo_font_weight_tablet":"","ocean_menu_typo_font_weight_mobile":"","ocean_menu_typo_transform":"","ocean_menu_typo_transform_tablet":"","ocean_menu_typo_transform_mobile":"","ocean_menu_typo_line_height":0,"ocean_menu_typo_line_height_tablet":0,"ocean_menu_typo_line_height_mobile":0,"ocean_menu_typo_line_height_unit":"","ocean_menu_typo_spacing":0,"ocean_menu_typo_spacing_tablet":0,"ocean_menu_typo_spacing_mobile":0,"ocean_menu_typo_spacing_unit":"","ocean_menu_link_color":"","ocean_menu_link_color_hover":"","ocean_menu_link_color_active":"","ocean_menu_link_background":"","ocean_menu_link_hover_background":"","ocean_menu_link_active_background":"","ocean_menu_social_links_bg":"","ocean_menu_social_hover_links_bg":"","ocean_menu_social_links_color":"","ocean_menu_social_hover_links_color":"","ocean_disable_title":"default","ocean_disable_heading":"default","ocean_post_title":"","ocean_post_subheading":"","ocean_post_title_style":"","ocean_post_title_background_color":"","ocean_post_title_background":0,"ocean_post_title_bg_image_position":"","ocean_post_title_bg_image_attachment":"","ocean_post_title_bg_image_repeat":"","ocean_post_title_bg_image_size":"","ocean_post_title_height":0,"ocean_post_title_bg_overlay":0.5,"ocean_post_title_bg_overlay_color":"","ocean_disable_breadcrumbs":"default","ocean_breadcrumbs_color":"","ocean_breadcrumbs_separator_color":"","ocean_breadcrumbs_links_color":"","ocean_breadcrumbs_links_hover_color":"","ocean_display_footer_widgets":"default","ocean_display_footer_bottom":"default","ocean_custom_footer_template":""},"product_brand":[],"product_cat":[35],"product_tag":[],"class_list":{"0":"post-3385","1":"product","2":"type-product","3":"status-publish","4":"has-post-thumbnail","6":"product_cat-secours-securite","8":"entry","9":"has-media","11":"first","12":"instock","13":"shipping-taxable","14":"product-type-simple","15":"has-product-nav","16":"col","17":"span_1_of_3","18":"owp-content-center","19":"owp-thumbs-layout-horizontal","20":"owp-btn-normal","21":"owp-tabs-layout-horizontal","22":"has-no-thumbnails","24":"circle-sale"},"yoast_head":"<!-- This site is optimized with the Yoast SEO plugin v27.3 - https:\/\/yoast.com\/product\/yoast-seo-wordpress\/ -->\n<title>Prix Matrice 300 RTK - Sparte Robotics<\/title>\n<meta name=\"description\" content=\"D\u00e9couvrez notre startup au Cameroun. Achetez les derniers mod\u00e8les de drones DJI Matrice 300 RTK avec livraison rapide et service client de qualit\u00e9\" \/>\n<meta name=\"robots\" content=\"index, follow, max-snippet:-1, max-image-preview:large, max-video-preview:-1\" \/>\n<link rel=\"canonical\" href=\"https:\/\/sparterobotics.com\/en\/product\/matrice-300-rtk\/\" \/>\n<meta property=\"og:locale\" content=\"en_US\" \/>\n<meta property=\"og:type\" content=\"article\" \/>\n<meta property=\"og:title\" content=\"Prix Matrice 300 RTK - Sparte Robotics\" \/>\n<meta property=\"og:description\" content=\"D\u00e9couvrez notre startup au Cameroun. Achetez les derniers mod\u00e8les de drones DJI Matrice 300 RTK avec livraison rapide et service client de qualit\u00e9\" \/>\n<meta property=\"og:url\" content=\"https:\/\/sparterobotics.com\/en\/product\/matrice-300-rtk\/\" \/>\n<meta property=\"og:site_name\" content=\"Sparte Robotics\" \/>\n<meta property=\"article:publisher\" content=\"https:\/\/www.facebook.com\/SparteRobotics\/\" \/>\n<meta property=\"article:modified_time\" content=\"2023-10-06T17:24:39+00:00\" \/>\n<meta property=\"og:image\" content=\"https:\/\/sparterobotics.com\/wp-content\/uploads\/2023\/10\/DJI-M300-RTK-300x300-removebg-preview-1.png\" \/>\n\t<meta property=\"og:image:width\" content=\"300\" \/>\n\t<meta property=\"og:image:height\" content=\"300\" \/>\n\t<meta property=\"og:image:type\" content=\"image\/png\" \/>\n<meta name=\"twitter:card\" content=\"summary_large_image\" \/>\n<meta name=\"twitter:site\" content=\"@RoboticsSparte\" \/>\n<meta name=\"twitter:label1\" content=\"Est. reading time\" \/>\n\t<meta name=\"twitter:data1\" content=\"1 minute\" \/>\n<script type=\"application\/ld+json\" class=\"yoast-schema-graph\">{\"@context\":\"https:\\\/\\\/schema.org\",\"@graph\":[{\"@type\":\"WebPage\",\"@id\":\"https:\\\/\\\/sparterobotics.com\\\/product\\\/matrice-300-rtk\\\/\",\"url\":\"https:\\\/\\\/sparterobotics.com\\\/product\\\/matrice-300-rtk\\\/\",\"name\":\"Prix Matrice 300 RTK - Sparte Robotics\",\"isPartOf\":{\"@id\":\"https:\\\/\\\/sparterobotics.com\\\/fr\\\/#website\"},\"primaryImageOfPage\":{\"@id\":\"https:\\\/\\\/sparterobotics.com\\\/product\\\/matrice-300-rtk\\\/#primaryimage\"},\"image\":{\"@id\":\"https:\\\/\\\/sparterobotics.com\\\/product\\\/matrice-300-rtk\\\/#primaryimage\"},\"thumbnailUrl\":\"https:\\\/\\\/sparterobotics.com\\\/wp-content\\\/uploads\\\/2023\\\/10\\\/DJI-M300-RTK-300x300-removebg-preview-1.png\",\"datePublished\":\"2023-10-05T13:39:34+00:00\",\"dateModified\":\"2023-10-06T17:24:39+00:00\",\"description\":\"D\u00e9couvrez notre startup au Cameroun. Achetez les derniers mod\u00e8les de drones DJI Matrice 300 RTK avec livraison rapide et service client de qualit\u00e9\",\"breadcrumb\":{\"@id\":\"https:\\\/\\\/sparterobotics.com\\\/product\\\/matrice-300-rtk\\\/#breadcrumb\"},\"inLanguage\":\"en-CA\",\"potentialAction\":[{\"@type\":\"ReadAction\",\"target\":[\"https:\\\/\\\/sparterobotics.com\\\/product\\\/matrice-300-rtk\\\/\"]}]},{\"@type\":\"ImageObject\",\"inLanguage\":\"en-CA\",\"@id\":\"https:\\\/\\\/sparterobotics.com\\\/product\\\/matrice-300-rtk\\\/#primaryimage\",\"url\":\"https:\\\/\\\/sparterobotics.com\\\/wp-content\\\/uploads\\\/2023\\\/10\\\/DJI-M300-RTK-300x300-removebg-preview-1.png\",\"contentUrl\":\"https:\\\/\\\/sparterobotics.com\\\/wp-content\\\/uploads\\\/2023\\\/10\\\/DJI-M300-RTK-300x300-removebg-preview-1.png\",\"width\":300,\"height\":300},{\"@type\":\"BreadcrumbList\",\"@id\":\"https:\\\/\\\/sparterobotics.com\\\/product\\\/matrice-300-rtk\\\/#breadcrumb\",\"itemListElement\":[{\"@type\":\"ListItem\",\"position\":1,\"name\":\"Home\",\"item\":\"https:\\\/\\\/sparterobotics.com\\\/\"},{\"@type\":\"ListItem\",\"position\":2,\"name\":\"Shop\",\"item\":\"https:\\\/\\\/sparterobotics.com\\\/shop-drone-mavic-phantom-dji-cameroun\\\/\"},{\"@type\":\"ListItem\",\"position\":3,\"name\":\"Matrice 300 RTK\"}]},{\"@type\":\"WebSite\",\"@id\":\"https:\\\/\\\/sparterobotics.com\\\/fr\\\/#website\",\"url\":\"https:\\\/\\\/sparterobotics.com\\\/fr\\\/\",\"name\":\"Sparte Robotics\",\"description\":\"robotique cameroun\",\"publisher\":{\"@id\":\"https:\\\/\\\/sparterobotics.com\\\/fr\\\/#organization\"},\"alternateName\":\"Sparte Robotics\",\"potentialAction\":[{\"@type\":\"SearchAction\",\"target\":{\"@type\":\"EntryPoint\",\"urlTemplate\":\"https:\\\/\\\/sparterobotics.com\\\/fr\\\/?s={search_term_string}\"},\"query-input\":{\"@type\":\"PropertyValueSpecification\",\"valueRequired\":true,\"valueName\":\"search_term_string\"}}],\"inLanguage\":\"en-CA\"},{\"@type\":\"Organization\",\"@id\":\"https:\\\/\\\/sparterobotics.com\\\/fr\\\/#organization\",\"name\":\"Sparte Robotics\",\"url\":\"https:\\\/\\\/sparterobotics.com\\\/fr\\\/\",\"logo\":{\"@type\":\"ImageObject\",\"inLanguage\":\"en-CA\",\"@id\":\"https:\\\/\\\/sparterobotics.com\\\/fr\\\/#\\\/schema\\\/logo\\\/image\\\/\",\"url\":\"https:\\\/\\\/sparterobotics.com\\\/wp-content\\\/uploads\\\/2023\\\/09\\\/cropped-OIP.jpeg\",\"contentUrl\":\"https:\\\/\\\/sparterobotics.com\\\/wp-content\\\/uploads\\\/2023\\\/09\\\/cropped-OIP.jpeg\",\"width\":474,\"height\":190,\"caption\":\"Sparte Robotics\"},\"image\":{\"@id\":\"https:\\\/\\\/sparterobotics.com\\\/fr\\\/#\\\/schema\\\/logo\\\/image\\\/\"},\"sameAs\":[\"https:\\\/\\\/www.facebook.com\\\/SparteRobotics\\\/\",\"https:\\\/\\\/x.com\\\/RoboticsSparte\",\"https:\\\/\\\/www.linkedin.com\\\/company\\\/sparte-robotics\"]}]}<\/script>\n<!-- \/ Yoast SEO plugin. -->","yoast_head_json":{"title":"Prix Matrice 300 RTK - Sparte Robotics","description":"D\u00e9couvrez notre startup au Cameroun. Achetez les derniers mod\u00e8les de drones DJI Matrice 300 RTK avec livraison rapide et service client de qualit\u00e9","robots":{"index":"index","follow":"follow","max-snippet":"max-snippet:-1","max-image-preview":"max-image-preview:large","max-video-preview":"max-video-preview:-1"},"canonical":"https:\/\/sparterobotics.com\/en\/product\/matrice-300-rtk\/","og_locale":"en_US","og_type":"article","og_title":"Prix Matrice 300 RTK - Sparte Robotics","og_description":"D\u00e9couvrez notre startup au Cameroun. Achetez les derniers mod\u00e8les de drones DJI Matrice 300 RTK avec livraison rapide et service client de qualit\u00e9","og_url":"https:\/\/sparterobotics.com\/en\/product\/matrice-300-rtk\/","og_site_name":"Sparte Robotics","article_publisher":"https:\/\/www.facebook.com\/SparteRobotics\/","article_modified_time":"2023-10-06T17:24:39+00:00","og_image":[{"width":300,"height":300,"url":"https:\/\/sparterobotics.com\/wp-content\/uploads\/2023\/10\/DJI-M300-RTK-300x300-removebg-preview-1.png","type":"image\/png"}],"twitter_card":"summary_large_image","twitter_site":"@RoboticsSparte","twitter_misc":{"Est. reading time":"1 minute"},"schema":{"@context":"https:\/\/schema.org","@graph":[{"@type":"WebPage","@id":"https:\/\/sparterobotics.com\/product\/matrice-300-rtk\/","url":"https:\/\/sparterobotics.com\/product\/matrice-300-rtk\/","name":"Prix Matrice 300 RTK - Sparte Robotics","isPartOf":{"@id":"https:\/\/sparterobotics.com\/fr\/#website"},"primaryImageOfPage":{"@id":"https:\/\/sparterobotics.com\/product\/matrice-300-rtk\/#primaryimage"},"image":{"@id":"https:\/\/sparterobotics.com\/product\/matrice-300-rtk\/#primaryimage"},"thumbnailUrl":"https:\/\/sparterobotics.com\/wp-content\/uploads\/2023\/10\/DJI-M300-RTK-300x300-removebg-preview-1.png","datePublished":"2023-10-05T13:39:34+00:00","dateModified":"2023-10-06T17:24:39+00:00","description":"D\u00e9couvrez notre startup au Cameroun. Achetez les derniers mod\u00e8les de drones DJI Matrice 300 RTK avec livraison rapide et service client de qualit\u00e9","breadcrumb":{"@id":"https:\/\/sparterobotics.com\/product\/matrice-300-rtk\/#breadcrumb"},"inLanguage":"en-CA","potentialAction":[{"@type":"ReadAction","target":["https:\/\/sparterobotics.com\/product\/matrice-300-rtk\/"]}]},{"@type":"ImageObject","inLanguage":"en-CA","@id":"https:\/\/sparterobotics.com\/product\/matrice-300-rtk\/#primaryimage","url":"https:\/\/sparterobotics.com\/wp-content\/uploads\/2023\/10\/DJI-M300-RTK-300x300-removebg-preview-1.png","contentUrl":"https:\/\/sparterobotics.com\/wp-content\/uploads\/2023\/10\/DJI-M300-RTK-300x300-removebg-preview-1.png","width":300,"height":300},{"@type":"BreadcrumbList","@id":"https:\/\/sparterobotics.com\/product\/matrice-300-rtk\/#breadcrumb","itemListElement":[{"@type":"ListItem","position":1,"name":"Home","item":"https:\/\/sparterobotics.com\/"},{"@type":"ListItem","position":2,"name":"Shop","item":"https:\/\/sparterobotics.com\/shop-drone-mavic-phantom-dji-cameroun\/"},{"@type":"ListItem","position":3,"name":"Matrice 300 RTK"}]},{"@type":"WebSite","@id":"https:\/\/sparterobotics.com\/fr\/#website","url":"https:\/\/sparterobotics.com\/fr\/","name":"Sparte Robotics","description":"robotique cameroun","publisher":{"@id":"https:\/\/sparterobotics.com\/fr\/#organization"},"alternateName":"Sparte Robotics","potentialAction":[{"@type":"SearchAction","target":{"@type":"EntryPoint","urlTemplate":"https:\/\/sparterobotics.com\/fr\/?s={search_term_string}"},"query-input":{"@type":"PropertyValueSpecification","valueRequired":true,"valueName":"search_term_string"}}],"inLanguage":"en-CA"},{"@type":"Organization","@id":"https:\/\/sparterobotics.com\/fr\/#organization","name":"Sparte Robotics","url":"https:\/\/sparterobotics.com\/fr\/","logo":{"@type":"ImageObject","inLanguage":"en-CA","@id":"https:\/\/sparterobotics.com\/fr\/#\/schema\/logo\/image\/","url":"https:\/\/sparterobotics.com\/wp-content\/uploads\/2023\/09\/cropped-OIP.jpeg","contentUrl":"https:\/\/sparterobotics.com\/wp-content\/uploads\/2023\/09\/cropped-OIP.jpeg","width":474,"height":190,"caption":"Sparte Robotics"},"image":{"@id":"https:\/\/sparterobotics.com\/fr\/#\/schema\/logo\/image\/"},"sameAs":["https:\/\/www.facebook.com\/SparteRobotics\/","https:\/\/x.com\/RoboticsSparte","https:\/\/www.linkedin.com\/company\/sparte-robotics"]}]}},"_links":{"self":[{"href":"https:\/\/sparterobotics.com\/en\/wp-json\/wp\/v2\/product\/3385","targetHints":{"allow":["GET"]}}],"collection":[{"href":"https:\/\/sparterobotics.com\/en\/wp-json\/wp\/v2\/product"}],"about":[{"href":"https:\/\/sparterobotics.com\/en\/wp-json\/wp\/v2\/types\/product"}],"replies":[{"embeddable":true,"href":"https:\/\/sparterobotics.com\/en\/wp-json\/wp\/v2\/comments?post=3385"}],"wp:featuredmedia":[{"embeddable":true,"href":"https:\/\/sparterobotics.com\/en\/wp-json\/wp\/v2\/media\/3386"}],"wp:attachment":[{"href":"https:\/\/sparterobotics.com\/en\/wp-json\/wp\/v2\/media?parent=3385"}],"wp:term":[{"taxonomy":"product_brand","embeddable":true,"href":"https:\/\/sparterobotics.com\/en\/wp-json\/wp\/v2\/product_brand?post=3385"},{"taxonomy":"product_cat","embeddable":true,"href":"https:\/\/sparterobotics.com\/en\/wp-json\/wp\/v2\/product_cat?post=3385"},{"taxonomy":"product_tag","embeddable":true,"href":"https:\/\/sparterobotics.com\/en\/wp-json\/wp\/v2\/product_tag?post=3385"}],"curies":[{"name":"wp","href":"https:\/\/api.w.org\/{rel}","templated":true}]}}