{"id":3369,"date":"2023-10-03T10:23:44","date_gmt":"2023-10-03T09:23:44","guid":{"rendered":"https:\/\/sparterobotics.com\/?post_type=product&#038;p=3369"},"modified":"2025-04-13T10:07:43","modified_gmt":"2025-04-13T09:07:43","slug":"dji-matrice-30","status":"publish","type":"product","link":"https:\/\/sparterobotics.com\/en\/product\/dji-matrice-30\/","title":{"rendered":"DJI Matrice 30"},"content":{"rendered":"<h2 class=\"elementor-heading-title elementor-size-large\">Une cam\u00e9ra multicapteurs pour une plus grande polyvalence<\/h2>\n<p>Pour \u00eatre toujours plus proche des besoins des professionnels, DJI a rendue encore plus compacte la cam\u00e9ra H20 pour pouvoir l\u2019int\u00e9grer en nacelle fixe sur le M30. Il int\u00e8gre donc un capteur grand angle, zoom et un t\u00e9l\u00e9m\u00e8tre laser, qui ensemble peuvent capturer les donn\u00e9es a\u00e9riennes dont vous avez besoin, quand vous en avez besoin.<\/p>\n<p>Gr\u00e2ce \u00e0 la cam\u00e9ra FPV optimis\u00e9e pour les conditions de faible luminosit\u00e9, le sol et l\u2019horizon sont clairement visibles, m\u00eame de nuit, afin que vous puissiez voler en toute s\u00e9curit\u00e9 et confiance avec le Matrice 30 lors de vos missions.\u00a0Capturez des images claires et nettes dans des conditions de faible luminosit\u00e9 gr\u00e2ce \u00e0 la fonction Smart Low-Light Photo.<\/p>\n<section id=\"bg-gris\" class=\"elementor-section elementor-top-section elementor-element elementor-element-9c6c2eb elementor-section-height-min-height elementor-section-content-middle bg-gris elementor-section-boxed elementor-section-height-default elementor-section-items-middle animated fadeIn\" data-id=\"9c6c2eb\" data-element_type=\"section\" data-settings=\"{&quot;animation&quot;:&quot;fadeIn&quot;,&quot;_ha_eqh_enable&quot;:false}\">\n<div class=\"elementor-container elementor-column-gap-default\">\n<div class=\"elementor-row\">\n<div class=\"elementor-column elementor-col-50 elementor-top-column elementor-element elementor-element-4816db2\" data-id=\"4816db2\" data-element_type=\"column\">\n<div class=\"elementor-column-wrap elementor-element-populated\">\n<div class=\"elementor-widget-wrap\">\n<div class=\"elementor-element elementor-element-17c9578 elementor-widget elementor-widget-heading\" data-id=\"17c9578\" data-element_type=\"widget\" data-widget_type=\"heading.default\">\n<div class=\"elementor-widget-container\">\n<h3 class=\"elementor-heading-title elementor-size-default\">Nouvelle radiocommande DJI RC Plus<\/h3>\n<\/div>\n<\/div>\n<div class=\"elementor-element elementor-element-0b452aa elementor-widget elementor-widget-text-editor\" data-id=\"0b452aa\" data-element_type=\"widget\" data-widget_type=\"text-editor.default\">\n<div class=\"elementor-widget-container\">\n<div class=\"elementor-text-editor elementor-clearfix\">\n<p>La radiocommande du M30, la DJI RC Plus dispose d\u2019un \u00e9cran large de 7 pouces avec une protection IP54 \u00e9tanche \u00e0 l\u2019eau et \u00e0 la poussi\u00e8re pour \u00eatre \u00e0 l\u2019aise dans toutes les situations.<br \/>\nLa RC plus est aussi capable de fonctionner dans des climats aussi bien chauds que froids (-20\u00b0C \u00e0 50\u00b0C).<\/p>\n<p>La radiocommande dispose \u00e9galement de doubles antennes amovibles pour fonctionner en\u00a0OcuSync 3 Enterprise : couvrez plus de zone avec une transmission vid\u00e9o stable avec le Matrice 30.\u00a0Branchez un module cellulaire DJI pour un support 4G suppl\u00e9mentaire en compl\u00e9ment de l\u2019OcuSync 3 Enterprise.<\/p>\n<p>La configuration interne et externe de la batterie offre 6 heures d\u2019autonomie et permet le remplacement \u00e0 chaud pour des op\u00e9rations de vol continues et sans interruption avec le M30.<\/p>\n<div class=\"elementor-element elementor-element-1436a74b elementor-widget elementor-widget-heading\" data-id=\"1436a74b\" data-element_type=\"widget\" data-widget_type=\"heading.default\">\n<div class=\"elementor-widget-container\">\n<h3 class=\"elementor-heading-title elementor-size-default\"><strong>DJI Pilot 2 pour exploiter le Matrice 30<\/strong><\/h3>\n<\/div>\n<\/div>\n<div class=\"elementor-element elementor-element-359f9ecb elementor-widget elementor-widget-text-editor\" data-id=\"359f9ecb\" data-element_type=\"widget\" data-widget_type=\"text-editor.default\">\n<div class=\"elementor-widget-container\">\n<div class=\"elementor-text-editor elementor-clearfix\">\n<p>Le DJI M30 introduit la nouvelle application de vol DJI Pilot 2, qui pr\u00e9sente une interface de vol Enterprise remani\u00e9e, con\u00e7ue pour am\u00e9liorer l\u2019efficacit\u00e9 du pilotage et la s\u00e9curit\u00e9 des vols. Les commandes du drone et de la nacelle sont facilement accessibles d\u2019une simple pression. La pr\u00e9sentation claire des d\u00e9tails du vol et des informations de navigation am\u00e9liore l\u2019exp\u00e9rience de l\u2019utilisateur et l\u2019efficacit\u00e9 du vol.<\/p>\n<p>Pilot 2 fonctionne de mani\u00e8re transparente avec le DJI RC Plus. Les boutons de l\u2019\u00e9cran et les boutons personnalisables sont tous \u00e0 port\u00e9e de main et permettent des op\u00e9rations rapides, comme l\u2019ajustement des vues de la cam\u00e9ra du Matrice 30 et le d\u00e9p\u00f4t de PinPoints.<\/p>\n<\/div>\n<\/div>\n<\/div>\n<\/div>\n<\/div>\n<\/div>\n<\/div>\n<\/div>\n<\/div>\n<\/div>\n<\/div>\n<\/section>\n<section class=\"elementor-section elementor-top-section elementor-element elementor-element-35a0da23 elementor-section-content-middle bg-gris elementor-section-boxed elementor-section-height-default elementor-section-height-default animated fadeIn\" data-id=\"35a0da23\" data-element_type=\"section\" data-settings=\"{&quot;animation&quot;:&quot;fadeIn&quot;,&quot;_ha_eqh_enable&quot;:false}\">\n<div class=\"elementor-container elementor-column-gap-default\">\n<div class=\"elementor-row\">\n<div class=\"elementor-column elementor-col-100 elementor-top-column elementor-element elementor-element-f93c715\" data-id=\"f93c715\" data-element_type=\"column\">\n<div class=\"elementor-column-wrap elementor-element-populated\">\n<div class=\"elementor-widget-wrap\">\n<div class=\"elementor-element elementor-element-1436a74b elementor-widget elementor-widget-heading\" data-id=\"1436a74b\" data-element_type=\"widget\" data-widget_type=\"heading.default\">\n<div class=\"elementor-widget-container\"><\/div>\n<\/div>\n<\/div>\n<\/div>\n<\/div>\n<\/div>\n<\/div>\n<\/section>\n","protected":false},"excerpt":{"rendered":"<div class=\"elementor-element elementor-element-1c05f10e elementor-widget elementor-widget-heading\" data-id=\"1c05f10e\" data-element_type=\"widget\" data-widget_type=\"heading.default\">\n<div class=\"elementor-widget-container\">\n<h3 class=\"elementor-heading-title elementor-size-default\">DJI Matrice 30, drone compact robuste et polyvalent<\/h3>\n<\/div>\n<\/div>\n<div class=\"elementor-element elementor-element-7a41b402 elementor-widget elementor-widget-text-editor\" data-id=\"7a41b402\" data-element_type=\"widget\" data-widget_type=\"text-editor.default\">\n<div class=\"elementor-widget-container\">\n<div class=\"elementor-text-editor elementor-clearfix\">\n<p>Le M30 est un drone ayant un parfait un \u00e9quilibre entre puissance et portabilit\u00e9 pour une meilleure efficacit\u00e9 op\u00e9rationnelle, avec une protection IP55, le Matrice 30 peut \u00e9galement facilement faire face aux intemp\u00e9ries et aux temp\u00e9ratures allant de -20\u00b0 C\uff5e50\u00b0 C.<\/p>\n<p>La double vision et les capteurs de proximit\u00e9s apparaissent sur les six c\u00f4t\u00e9s de l\u2019appareil, assurant sa s\u00e9curit\u00e9 et celle de votre mission. Le r\u00e9cepteur ADS-B int\u00e9gr\u00e9 vous avertit en temps r\u00e9el de l\u2019arriv\u00e9e d\u2019un avion ou h\u00e9licopt\u00e8re \u00e0 proximit\u00e9.<\/p>\n<p>Les syst\u00e8mes de redondance avanc\u00e9s int\u00e9gr\u00e9s permettent de poursuivre vos missions critiques m\u00eame dans des sc\u00e9narios inattendus.<\/p>\n<\/div>\n<\/div>\n<\/div>\n","protected":false},"featured_media":3371,"comment_status":"open","ping_status":"closed","template":"","meta":{"_eb_attr":"","ocean_post_layout":"","ocean_both_sidebars_style":"","ocean_both_sidebars_content_width":0,"ocean_both_sidebars_sidebars_width":0,"ocean_sidebar":"","ocean_second_sidebar":"","ocean_disable_margins":"enable","ocean_add_body_class":"","ocean_shortcode_before_top_bar":"","ocean_shortcode_after_top_bar":"","ocean_shortcode_before_header":"","ocean_shortcode_after_header":"","ocean_has_shortcode":"","ocean_shortcode_after_title":"","ocean_shortcode_before_footer_widgets":"","ocean_shortcode_after_footer_widgets":"","ocean_shortcode_before_footer_bottom":"","ocean_shortcode_after_footer_bottom":"","ocean_display_top_bar":"default","ocean_display_header":"default","ocean_header_style":"","ocean_center_header_left_menu":"","ocean_custom_header_template":"","ocean_custom_logo":0,"ocean_custom_retina_logo":0,"ocean_custom_logo_max_width":0,"ocean_custom_logo_tablet_max_width":0,"ocean_custom_logo_mobile_max_width":0,"ocean_custom_logo_max_height":0,"ocean_custom_logo_tablet_max_height":0,"ocean_custom_logo_mobile_max_height":0,"ocean_header_custom_menu":"","ocean_menu_typo_font_family":"","ocean_menu_typo_font_subset":"","ocean_menu_typo_font_size":0,"ocean_menu_typo_font_size_tablet":0,"ocean_menu_typo_font_size_mobile":0,"ocean_menu_typo_font_size_unit":"px","ocean_menu_typo_font_weight":"","ocean_menu_typo_font_weight_tablet":"","ocean_menu_typo_font_weight_mobile":"","ocean_menu_typo_transform":"","ocean_menu_typo_transform_tablet":"","ocean_menu_typo_transform_mobile":"","ocean_menu_typo_line_height":0,"ocean_menu_typo_line_height_tablet":0,"ocean_menu_typo_line_height_mobile":0,"ocean_menu_typo_line_height_unit":"","ocean_menu_typo_spacing":0,"ocean_menu_typo_spacing_tablet":0,"ocean_menu_typo_spacing_mobile":0,"ocean_menu_typo_spacing_unit":"","ocean_menu_link_color":"","ocean_menu_link_color_hover":"","ocean_menu_link_color_active":"","ocean_menu_link_background":"","ocean_menu_link_hover_background":"","ocean_menu_link_active_background":"","ocean_menu_social_links_bg":"","ocean_menu_social_hover_links_bg":"","ocean_menu_social_links_color":"","ocean_menu_social_hover_links_color":"","ocean_disable_title":"default","ocean_disable_heading":"default","ocean_post_title":"","ocean_post_subheading":"","ocean_post_title_style":"","ocean_post_title_background_color":"","ocean_post_title_background":0,"ocean_post_title_bg_image_position":"","ocean_post_title_bg_image_attachment":"","ocean_post_title_bg_image_repeat":"","ocean_post_title_bg_image_size":"","ocean_post_title_height":0,"ocean_post_title_bg_overlay":0.5,"ocean_post_title_bg_overlay_color":"","ocean_disable_breadcrumbs":"default","ocean_breadcrumbs_color":"","ocean_breadcrumbs_separator_color":"","ocean_breadcrumbs_links_color":"","ocean_breadcrumbs_links_hover_color":"","ocean_display_footer_widgets":"default","ocean_display_footer_bottom":"default","ocean_custom_footer_template":""},"product_brand":[],"product_cat":[35],"product_tag":[],"class_list":{"0":"post-3369","1":"product","2":"type-product","3":"status-publish","4":"has-post-thumbnail","6":"product_cat-secours-securite","8":"entry","9":"has-media","11":"first","12":"instock","13":"shipping-taxable","14":"purchasable","15":"product-type-simple","16":"has-product-nav","17":"col","18":"span_1_of_3","19":"owp-content-center","20":"owp-thumbs-layout-horizontal","21":"owp-btn-normal","22":"owp-tabs-layout-horizontal","23":"has-no-thumbnails","25":"circle-sale"},"yoast_head":"<!-- This site is optimized with the Yoast SEO plugin v27.3 - https:\/\/yoast.com\/product\/yoast-seo-wordpress\/ -->\n<title>DJI Matrice 30 - Sparte Robotics<\/title>\n<meta name=\"description\" content=\"Achetez les meilleurs drones DJI Matrice 30 au Cameroun, S\u00e9n\u00e9gal ,cote d&#039;ivoire, Congo. Livraison rapide, service client de qualit\u00e9 et expertise en drones.\" \/>\n<meta name=\"robots\" content=\"index, follow, max-snippet:-1, max-image-preview:large, max-video-preview:-1\" \/>\n<link rel=\"canonical\" href=\"https:\/\/sparterobotics.com\/en\/product\/dji-matrice-30\/\" \/>\n<meta property=\"og:locale\" content=\"en_US\" \/>\n<meta property=\"og:type\" content=\"article\" \/>\n<meta property=\"og:title\" content=\"DJI Matrice 30 - Sparte Robotics\" \/>\n<meta property=\"og:description\" content=\"Achetez les meilleurs drones DJI Matrice 30 au Cameroun, S\u00e9n\u00e9gal ,cote d&#039;ivoire, Congo. Livraison rapide, service client de qualit\u00e9 et expertise en drones.\" \/>\n<meta property=\"og:url\" content=\"https:\/\/sparterobotics.com\/en\/product\/dji-matrice-30\/\" \/>\n<meta property=\"og:site_name\" content=\"Sparte Robotics\" \/>\n<meta property=\"article:publisher\" content=\"https:\/\/www.facebook.com\/SparteRobotics\/\" \/>\n<meta property=\"article:modified_time\" content=\"2025-04-13T09:07:43+00:00\" \/>\n<meta property=\"og:image\" content=\"https:\/\/sparterobotics.com\/wp-content\/uploads\/2023\/10\/DJI-Mavic-Enterprise-Advanced-300x300-removebg-preview-1.png\" \/>\n\t<meta property=\"og:image:width\" content=\"300\" \/>\n\t<meta property=\"og:image:height\" content=\"300\" \/>\n\t<meta property=\"og:image:type\" content=\"image\/png\" \/>\n<meta name=\"twitter:card\" content=\"summary_large_image\" \/>\n<meta name=\"twitter:site\" content=\"@RoboticsSparte\" \/>\n<meta name=\"twitter:label1\" content=\"Est. reading time\" \/>\n\t<meta name=\"twitter:data1\" content=\"2 minutes\" \/>\n<script type=\"application\/ld+json\" class=\"yoast-schema-graph\">{\"@context\":\"https:\\\/\\\/schema.org\",\"@graph\":[{\"@type\":\"WebPage\",\"@id\":\"https:\\\/\\\/sparterobotics.com\\\/product\\\/dji-matrice-30\\\/\",\"url\":\"https:\\\/\\\/sparterobotics.com\\\/product\\\/dji-matrice-30\\\/\",\"name\":\"DJI Matrice 30 - Sparte Robotics\",\"isPartOf\":{\"@id\":\"https:\\\/\\\/sparterobotics.com\\\/fr\\\/#website\"},\"primaryImageOfPage\":{\"@id\":\"https:\\\/\\\/sparterobotics.com\\\/product\\\/dji-matrice-30\\\/#primaryimage\"},\"image\":{\"@id\":\"https:\\\/\\\/sparterobotics.com\\\/product\\\/dji-matrice-30\\\/#primaryimage\"},\"thumbnailUrl\":\"https:\\\/\\\/sparterobotics.com\\\/wp-content\\\/uploads\\\/2023\\\/10\\\/DJI-Mavic-Enterprise-Advanced-300x300-removebg-preview-1.png\",\"datePublished\":\"2023-10-03T09:23:44+00:00\",\"dateModified\":\"2025-04-13T09:07:43+00:00\",\"description\":\"Achetez les meilleurs drones DJI Matrice 30 au Cameroun, S\u00e9n\u00e9gal ,cote d'ivoire, Congo. Livraison rapide, service client de qualit\u00e9 et expertise en drones.\",\"breadcrumb\":{\"@id\":\"https:\\\/\\\/sparterobotics.com\\\/product\\\/dji-matrice-30\\\/#breadcrumb\"},\"inLanguage\":\"en-CA\",\"potentialAction\":[{\"@type\":\"ReadAction\",\"target\":[\"https:\\\/\\\/sparterobotics.com\\\/product\\\/dji-matrice-30\\\/\"]}]},{\"@type\":\"ImageObject\",\"inLanguage\":\"en-CA\",\"@id\":\"https:\\\/\\\/sparterobotics.com\\\/product\\\/dji-matrice-30\\\/#primaryimage\",\"url\":\"https:\\\/\\\/sparterobotics.com\\\/wp-content\\\/uploads\\\/2023\\\/10\\\/DJI-Mavic-Enterprise-Advanced-300x300-removebg-preview-1.png\",\"contentUrl\":\"https:\\\/\\\/sparterobotics.com\\\/wp-content\\\/uploads\\\/2023\\\/10\\\/DJI-Mavic-Enterprise-Advanced-300x300-removebg-preview-1.png\",\"width\":300,\"height\":300},{\"@type\":\"BreadcrumbList\",\"@id\":\"https:\\\/\\\/sparterobotics.com\\\/product\\\/dji-matrice-30\\\/#breadcrumb\",\"itemListElement\":[{\"@type\":\"ListItem\",\"position\":1,\"name\":\"Home\",\"item\":\"https:\\\/\\\/sparterobotics.com\\\/\"},{\"@type\":\"ListItem\",\"position\":2,\"name\":\"Shop\",\"item\":\"https:\\\/\\\/sparterobotics.com\\\/shop-drone-mavic-phantom-dji-cameroun\\\/\"},{\"@type\":\"ListItem\",\"position\":3,\"name\":\"DJI Matrice 30\"}]},{\"@type\":\"WebSite\",\"@id\":\"https:\\\/\\\/sparterobotics.com\\\/fr\\\/#website\",\"url\":\"https:\\\/\\\/sparterobotics.com\\\/fr\\\/\",\"name\":\"Sparte Robotics\",\"description\":\"robotique cameroun\",\"publisher\":{\"@id\":\"https:\\\/\\\/sparterobotics.com\\\/fr\\\/#organization\"},\"alternateName\":\"Sparte Robotics\",\"potentialAction\":[{\"@type\":\"SearchAction\",\"target\":{\"@type\":\"EntryPoint\",\"urlTemplate\":\"https:\\\/\\\/sparterobotics.com\\\/fr\\\/?s={search_term_string}\"},\"query-input\":{\"@type\":\"PropertyValueSpecification\",\"valueRequired\":true,\"valueName\":\"search_term_string\"}}],\"inLanguage\":\"en-CA\"},{\"@type\":\"Organization\",\"@id\":\"https:\\\/\\\/sparterobotics.com\\\/fr\\\/#organization\",\"name\":\"Sparte Robotics\",\"url\":\"https:\\\/\\\/sparterobotics.com\\\/fr\\\/\",\"logo\":{\"@type\":\"ImageObject\",\"inLanguage\":\"en-CA\",\"@id\":\"https:\\\/\\\/sparterobotics.com\\\/fr\\\/#\\\/schema\\\/logo\\\/image\\\/\",\"url\":\"https:\\\/\\\/sparterobotics.com\\\/wp-content\\\/uploads\\\/2023\\\/09\\\/cropped-OIP.jpeg\",\"contentUrl\":\"https:\\\/\\\/sparterobotics.com\\\/wp-content\\\/uploads\\\/2023\\\/09\\\/cropped-OIP.jpeg\",\"width\":474,\"height\":190,\"caption\":\"Sparte Robotics\"},\"image\":{\"@id\":\"https:\\\/\\\/sparterobotics.com\\\/fr\\\/#\\\/schema\\\/logo\\\/image\\\/\"},\"sameAs\":[\"https:\\\/\\\/www.facebook.com\\\/SparteRobotics\\\/\",\"https:\\\/\\\/x.com\\\/RoboticsSparte\",\"https:\\\/\\\/www.linkedin.com\\\/company\\\/sparte-robotics\"]}]}<\/script>\n<!-- \/ Yoast SEO plugin. -->","yoast_head_json":{"title":"DJI Matrice 30 - Sparte Robotics","description":"Achetez les meilleurs drones DJI Matrice 30 au Cameroun, S\u00e9n\u00e9gal ,cote d'ivoire, Congo. Livraison rapide, service client de qualit\u00e9 et expertise en drones.","robots":{"index":"index","follow":"follow","max-snippet":"max-snippet:-1","max-image-preview":"max-image-preview:large","max-video-preview":"max-video-preview:-1"},"canonical":"https:\/\/sparterobotics.com\/en\/product\/dji-matrice-30\/","og_locale":"en_US","og_type":"article","og_title":"DJI Matrice 30 - Sparte Robotics","og_description":"Achetez les meilleurs drones DJI Matrice 30 au Cameroun, S\u00e9n\u00e9gal ,cote d'ivoire, Congo. Livraison rapide, service client de qualit\u00e9 et expertise en drones.","og_url":"https:\/\/sparterobotics.com\/en\/product\/dji-matrice-30\/","og_site_name":"Sparte Robotics","article_publisher":"https:\/\/www.facebook.com\/SparteRobotics\/","article_modified_time":"2025-04-13T09:07:43+00:00","og_image":[{"width":300,"height":300,"url":"https:\/\/sparterobotics.com\/wp-content\/uploads\/2023\/10\/DJI-Mavic-Enterprise-Advanced-300x300-removebg-preview-1.png","type":"image\/png"}],"twitter_card":"summary_large_image","twitter_site":"@RoboticsSparte","twitter_misc":{"Est. reading time":"2 minutes"},"schema":{"@context":"https:\/\/schema.org","@graph":[{"@type":"WebPage","@id":"https:\/\/sparterobotics.com\/product\/dji-matrice-30\/","url":"https:\/\/sparterobotics.com\/product\/dji-matrice-30\/","name":"DJI Matrice 30 - Sparte Robotics","isPartOf":{"@id":"https:\/\/sparterobotics.com\/fr\/#website"},"primaryImageOfPage":{"@id":"https:\/\/sparterobotics.com\/product\/dji-matrice-30\/#primaryimage"},"image":{"@id":"https:\/\/sparterobotics.com\/product\/dji-matrice-30\/#primaryimage"},"thumbnailUrl":"https:\/\/sparterobotics.com\/wp-content\/uploads\/2023\/10\/DJI-Mavic-Enterprise-Advanced-300x300-removebg-preview-1.png","datePublished":"2023-10-03T09:23:44+00:00","dateModified":"2025-04-13T09:07:43+00:00","description":"Achetez les meilleurs drones DJI Matrice 30 au Cameroun, S\u00e9n\u00e9gal ,cote d'ivoire, Congo. Livraison rapide, service client de qualit\u00e9 et expertise en drones.","breadcrumb":{"@id":"https:\/\/sparterobotics.com\/product\/dji-matrice-30\/#breadcrumb"},"inLanguage":"en-CA","potentialAction":[{"@type":"ReadAction","target":["https:\/\/sparterobotics.com\/product\/dji-matrice-30\/"]}]},{"@type":"ImageObject","inLanguage":"en-CA","@id":"https:\/\/sparterobotics.com\/product\/dji-matrice-30\/#primaryimage","url":"https:\/\/sparterobotics.com\/wp-content\/uploads\/2023\/10\/DJI-Mavic-Enterprise-Advanced-300x300-removebg-preview-1.png","contentUrl":"https:\/\/sparterobotics.com\/wp-content\/uploads\/2023\/10\/DJI-Mavic-Enterprise-Advanced-300x300-removebg-preview-1.png","width":300,"height":300},{"@type":"BreadcrumbList","@id":"https:\/\/sparterobotics.com\/product\/dji-matrice-30\/#breadcrumb","itemListElement":[{"@type":"ListItem","position":1,"name":"Home","item":"https:\/\/sparterobotics.com\/"},{"@type":"ListItem","position":2,"name":"Shop","item":"https:\/\/sparterobotics.com\/shop-drone-mavic-phantom-dji-cameroun\/"},{"@type":"ListItem","position":3,"name":"DJI Matrice 30"}]},{"@type":"WebSite","@id":"https:\/\/sparterobotics.com\/fr\/#website","url":"https:\/\/sparterobotics.com\/fr\/","name":"Sparte Robotics","description":"robotique cameroun","publisher":{"@id":"https:\/\/sparterobotics.com\/fr\/#organization"},"alternateName":"Sparte Robotics","potentialAction":[{"@type":"SearchAction","target":{"@type":"EntryPoint","urlTemplate":"https:\/\/sparterobotics.com\/fr\/?s={search_term_string}"},"query-input":{"@type":"PropertyValueSpecification","valueRequired":true,"valueName":"search_term_string"}}],"inLanguage":"en-CA"},{"@type":"Organization","@id":"https:\/\/sparterobotics.com\/fr\/#organization","name":"Sparte Robotics","url":"https:\/\/sparterobotics.com\/fr\/","logo":{"@type":"ImageObject","inLanguage":"en-CA","@id":"https:\/\/sparterobotics.com\/fr\/#\/schema\/logo\/image\/","url":"https:\/\/sparterobotics.com\/wp-content\/uploads\/2023\/09\/cropped-OIP.jpeg","contentUrl":"https:\/\/sparterobotics.com\/wp-content\/uploads\/2023\/09\/cropped-OIP.jpeg","width":474,"height":190,"caption":"Sparte Robotics"},"image":{"@id":"https:\/\/sparterobotics.com\/fr\/#\/schema\/logo\/image\/"},"sameAs":["https:\/\/www.facebook.com\/SparteRobotics\/","https:\/\/x.com\/RoboticsSparte","https:\/\/www.linkedin.com\/company\/sparte-robotics"]}]}},"_links":{"self":[{"href":"https:\/\/sparterobotics.com\/en\/wp-json\/wp\/v2\/product\/3369","targetHints":{"allow":["GET"]}}],"collection":[{"href":"https:\/\/sparterobotics.com\/en\/wp-json\/wp\/v2\/product"}],"about":[{"href":"https:\/\/sparterobotics.com\/en\/wp-json\/wp\/v2\/types\/product"}],"replies":[{"embeddable":true,"href":"https:\/\/sparterobotics.com\/en\/wp-json\/wp\/v2\/comments?post=3369"}],"wp:featuredmedia":[{"embeddable":true,"href":"https:\/\/sparterobotics.com\/en\/wp-json\/wp\/v2\/media\/3371"}],"wp:attachment":[{"href":"https:\/\/sparterobotics.com\/en\/wp-json\/wp\/v2\/media?parent=3369"}],"wp:term":[{"taxonomy":"product_brand","embeddable":true,"href":"https:\/\/sparterobotics.com\/en\/wp-json\/wp\/v2\/product_brand?post=3369"},{"taxonomy":"product_cat","embeddable":true,"href":"https:\/\/sparterobotics.com\/en\/wp-json\/wp\/v2\/product_cat?post=3369"},{"taxonomy":"product_tag","embeddable":true,"href":"https:\/\/sparterobotics.com\/en\/wp-json\/wp\/v2\/product_tag?post=3369"}],"curies":[{"name":"wp","href":"https:\/\/api.w.org\/{rel}","templated":true}]}}