{"id":3353,"date":"2023-10-02T10:09:12","date_gmt":"2023-10-02T09:09:12","guid":{"rendered":"https:\/\/sparterobotics.com\/?post_type=product&#038;p=3353"},"modified":"2023-10-02T14:55:00","modified_gmt":"2023-10-02T13:55:00","slug":"prix-cameroun-dji-mavic-3-pro","status":"publish","type":"product","link":"https:\/\/sparterobotics.com\/en\/product\/prix-cameroun-dji-mavic-3-pro\/","title":{"rendered":"DJI Mavic 3 Pro"},"content":{"rendered":"<h2 class=\"elementor-heading-title elementor-size-large\">Mavci 3 Pro : Un syst\u00e8me triple capteurs visibles pour plus de libert\u00e9 cr\u00e9ative<\/h2>\n<p>Un drone cam\u00e9ra, trois objectifs et une imagination infinie. Le Mavic 3 Pro, avec les multiples focales du syst\u00e8me \u00e0 trois cam\u00e9ras, permet d\u2019obtenir un langage photographique encore plus riche et d\u2019exprimer pleinement sa cr\u00e9ativit\u00e9 gr\u00e2ce \u00e0 des capacit\u00e9s multi-sc\u00e9narios sup\u00e9rieures. Vous pouvez toucher l\u2019\u00e9cran pour passer d\u2019une longueur focale \u00e0 l\u2019autre et int\u00e9grer facilement des styles de composition distincts pour diff\u00e9rents sc\u00e9narios. Transformez votre inspiration en ing\u00e9niosit\u00e9 gr\u00e2ce \u00e0 l\u2019efficacit\u00e9 accrue de la photographie a\u00e9rienne \u00e0 trois cam\u00e9ras. Le Mavic 3 dispose d\u2019un capteur grand angle \u00e9quivalent 24mm 4\/3\u2033CMOS Hasselblad, un zoom allant jusqu\u2019\u00e0 x3 \u00e9quivalent 70mm 1\/1,3\u2033 CMOS et un zoom allant jusqu\u2019\u00e0 x7 en optique (x28 en hybride) en \u00e9quivalent 166mm en 1\/2\u2033 CMOS.<\/p>\n","protected":false},"excerpt":{"rendered":"<p>La s\u00e9rie DJI Mavic 3 offre des performances d\u2019imagerie de haut niveau. Le syst\u00e8me \u00e0 triple cam\u00e9ra du Mavic 3 Pro inaugure une nouvelle \u00e8re de drones photographes en abritant trois capteurs et objectifs de longueurs focales diff\u00e9rentes. \u00c9quip\u00e9 d\u2019un capteur Hasselblad et de deux t\u00e9l\u00e9-cam\u00e9ras, le Mavic 3 Pro est un drone \u00e0 triple cam\u00e9ra qui ouvre de nouvelles perspectives de prise de vue, vous permettant d\u2019aller plus loin dans la libert\u00e9 cr\u00e9ative, de capturer des paysages fascinants, d\u2019explorer la narration photographique et de r\u00e9aliser des chefs-d\u2019\u0153uvre cin\u00e9matographiques.<\/p>\n","protected":false},"featured_media":3363,"comment_status":"open","ping_status":"closed","template":"","meta":{"_eb_attr":"","ocean_post_layout":"","ocean_both_sidebars_style":"","ocean_both_sidebars_content_width":0,"ocean_both_sidebars_sidebars_width":0,"ocean_sidebar":"","ocean_second_sidebar":"","ocean_disable_margins":"enable","ocean_add_body_class":"","ocean_shortcode_before_top_bar":"","ocean_shortcode_after_top_bar":"","ocean_shortcode_before_header":"","ocean_shortcode_after_header":"","ocean_has_shortcode":"","ocean_shortcode_after_title":"","ocean_shortcode_before_footer_widgets":"","ocean_shortcode_after_footer_widgets":"","ocean_shortcode_before_footer_bottom":"","ocean_shortcode_after_footer_bottom":"","ocean_display_top_bar":"default","ocean_display_header":"default","ocean_header_style":"","ocean_center_header_left_menu":"","ocean_custom_header_template":"","ocean_custom_logo":0,"ocean_custom_retina_logo":0,"ocean_custom_logo_max_width":0,"ocean_custom_logo_tablet_max_width":0,"ocean_custom_logo_mobile_max_width":0,"ocean_custom_logo_max_height":0,"ocean_custom_logo_tablet_max_height":0,"ocean_custom_logo_mobile_max_height":0,"ocean_header_custom_menu":"","ocean_menu_typo_font_family":"","ocean_menu_typo_font_subset":"","ocean_menu_typo_font_size":0,"ocean_menu_typo_font_size_tablet":0,"ocean_menu_typo_font_size_mobile":0,"ocean_menu_typo_font_size_unit":"px","ocean_menu_typo_font_weight":"","ocean_menu_typo_font_weight_tablet":"","ocean_menu_typo_font_weight_mobile":"","ocean_menu_typo_transform":"","ocean_menu_typo_transform_tablet":"","ocean_menu_typo_transform_mobile":"","ocean_menu_typo_line_height":0,"ocean_menu_typo_line_height_tablet":0,"ocean_menu_typo_line_height_mobile":0,"ocean_menu_typo_line_height_unit":"","ocean_menu_typo_spacing":0,"ocean_menu_typo_spacing_tablet":0,"ocean_menu_typo_spacing_mobile":0,"ocean_menu_typo_spacing_unit":"","ocean_menu_link_color":"","ocean_menu_link_color_hover":"","ocean_menu_link_color_active":"","ocean_menu_link_background":"","ocean_menu_link_hover_background":"","ocean_menu_link_active_background":"","ocean_menu_social_links_bg":"","ocean_menu_social_hover_links_bg":"","ocean_menu_social_links_color":"","ocean_menu_social_hover_links_color":"","ocean_disable_title":"default","ocean_disable_heading":"default","ocean_post_title":"","ocean_post_subheading":"","ocean_post_title_style":"","ocean_post_title_background_color":"","ocean_post_title_background":0,"ocean_post_title_bg_image_position":"","ocean_post_title_bg_image_attachment":"","ocean_post_title_bg_image_repeat":"","ocean_post_title_bg_image_size":"","ocean_post_title_height":0,"ocean_post_title_bg_overlay":0.5,"ocean_post_title_bg_overlay_color":"","ocean_disable_breadcrumbs":"default","ocean_breadcrumbs_color":"","ocean_breadcrumbs_separator_color":"","ocean_breadcrumbs_links_color":"","ocean_breadcrumbs_links_hover_color":"","ocean_display_footer_widgets":"default","ocean_display_footer_bottom":"default","ocean_custom_footer_template":""},"product_brand":[],"product_cat":[22],"product_tag":[],"class_list":{"0":"post-3353","1":"product","2":"type-product","3":"status-publish","4":"has-post-thumbnail","6":"product_cat-drone","8":"entry","9":"has-media","11":"first","12":"instock","13":"sale","14":"shipping-taxable","15":"purchasable","16":"product-type-simple","17":"has-product-nav","18":"col","19":"span_1_of_3","20":"owp-content-center","21":"owp-thumbs-layout-horizontal","22":"owp-btn-normal","23":"owp-tabs-layout-horizontal","24":"has-no-thumbnails","26":"circle-sale"},"yoast_head":"<!-- This site is optimized with the Yoast SEO plugin v27.2 - https:\/\/yoast.com\/product\/yoast-seo-wordpress\/ -->\n<title>DJI Mavic 3 Pro (prix-Cameroun) - Sparte Robotics<\/title>\n<meta name=\"description\" content=\"Achetez les meilleurs drones au prix r\u00e9duits DJI (Mavic 3 pro, Phantom) au Cameroun. Livraison rapide, service client de qualit\u00e9 et expertise en drones.&quot;\" \/>\n<meta name=\"robots\" content=\"index, follow, max-snippet:-1, max-image-preview:large, max-video-preview:-1\" \/>\n<link rel=\"canonical\" href=\"https:\/\/sparterobotics.com\/en\/product\/prix-cameroun-dji-mavic-3-pro\/\" \/>\n<meta property=\"og:locale\" content=\"en_US\" \/>\n<meta property=\"og:type\" content=\"article\" \/>\n<meta property=\"og:title\" content=\"DJI Mavic 3 Pro (prix-Cameroun) - Sparte Robotics\" \/>\n<meta property=\"og:description\" content=\"Achetez les meilleurs drones au prix r\u00e9duits DJI (Mavic 3 pro, Phantom) au Cameroun. Livraison rapide, service client de qualit\u00e9 et expertise en drones.&quot;\" \/>\n<meta property=\"og:url\" content=\"https:\/\/sparterobotics.com\/en\/product\/prix-cameroun-dji-mavic-3-pro\/\" \/>\n<meta property=\"og:site_name\" content=\"Sparte Robotics\" \/>\n<meta property=\"article:publisher\" content=\"https:\/\/www.facebook.com\/SparteRobotics\/\" \/>\n<meta property=\"article:modified_time\" content=\"2023-10-02T13:55:00+00:00\" \/>\n<meta property=\"og:image\" content=\"https:\/\/sparterobotics.com\/wp-content\/uploads\/2023\/10\/DJI-Mavic-3-pro-300x300-removebg-preview.png\" \/>\n\t<meta property=\"og:image:width\" content=\"300\" \/>\n\t<meta property=\"og:image:height\" content=\"300\" \/>\n\t<meta property=\"og:image:type\" content=\"image\/png\" \/>\n<meta name=\"twitter:card\" content=\"summary_large_image\" \/>\n<meta name=\"twitter:site\" content=\"@RoboticsSparte\" \/>\n<meta name=\"twitter:label1\" content=\"Est. reading time\" \/>\n\t<meta name=\"twitter:data1\" content=\"1 minute\" \/>\n<script type=\"application\/ld+json\" class=\"yoast-schema-graph\">{\"@context\":\"https:\/\/schema.org\",\"@graph\":[{\"@type\":\"WebPage\",\"@id\":\"https:\/\/sparterobotics.com\/product\/prix-cameroun-dji-mavic-3-pro\/\",\"url\":\"https:\/\/sparterobotics.com\/product\/prix-cameroun-dji-mavic-3-pro\/\",\"name\":\"DJI Mavic 3 Pro (prix-Cameroun) - Sparte Robotics\",\"isPartOf\":{\"@id\":\"https:\/\/sparterobotics.com\/fr\/#website\"},\"primaryImageOfPage\":{\"@id\":\"https:\/\/sparterobotics.com\/product\/prix-cameroun-dji-mavic-3-pro\/#primaryimage\"},\"image\":{\"@id\":\"https:\/\/sparterobotics.com\/product\/prix-cameroun-dji-mavic-3-pro\/#primaryimage\"},\"thumbnailUrl\":\"https:\/\/sparterobotics.com\/wp-content\/uploads\/2023\/10\/DJI-Mavic-3-pro-300x300-removebg-preview.png\",\"datePublished\":\"2023-10-02T09:09:12+00:00\",\"dateModified\":\"2023-10-02T13:55:00+00:00\",\"description\":\"Achetez les meilleurs drones au prix r\u00e9duits DJI (Mavic 3 pro, Phantom) au Cameroun. Livraison rapide, service client de qualit\u00e9 et expertise en drones.\\\"\",\"breadcrumb\":{\"@id\":\"https:\/\/sparterobotics.com\/product\/prix-cameroun-dji-mavic-3-pro\/#breadcrumb\"},\"inLanguage\":\"en-CA\",\"potentialAction\":[{\"@type\":\"ReadAction\",\"target\":[\"https:\/\/sparterobotics.com\/product\/prix-cameroun-dji-mavic-3-pro\/\"]}]},{\"@type\":\"ImageObject\",\"inLanguage\":\"en-CA\",\"@id\":\"https:\/\/sparterobotics.com\/product\/prix-cameroun-dji-mavic-3-pro\/#primaryimage\",\"url\":\"https:\/\/sparterobotics.com\/wp-content\/uploads\/2023\/10\/DJI-Mavic-3-pro-300x300-removebg-preview.png\",\"contentUrl\":\"https:\/\/sparterobotics.com\/wp-content\/uploads\/2023\/10\/DJI-Mavic-3-pro-300x300-removebg-preview.png\",\"width\":300,\"height\":300},{\"@type\":\"BreadcrumbList\",\"@id\":\"https:\/\/sparterobotics.com\/product\/prix-cameroun-dji-mavic-3-pro\/#breadcrumb\",\"itemListElement\":[{\"@type\":\"ListItem\",\"position\":1,\"name\":\"Home\",\"item\":\"https:\/\/sparterobotics.com\/\"},{\"@type\":\"ListItem\",\"position\":2,\"name\":\"Shop\",\"item\":\"https:\/\/sparterobotics.com\/shop-drone-mavic-phantom-dji-cameroun\/\"},{\"@type\":\"ListItem\",\"position\":3,\"name\":\"DJI Mavic 3 Pro\"}]},{\"@type\":\"WebSite\",\"@id\":\"https:\/\/sparterobotics.com\/fr\/#website\",\"url\":\"https:\/\/sparterobotics.com\/fr\/\",\"name\":\"Sparte Robotics\",\"description\":\"robotique cameroun\",\"publisher\":{\"@id\":\"https:\/\/sparterobotics.com\/fr\/#organization\"},\"alternateName\":\"Sparte Robotics\",\"potentialAction\":[{\"@type\":\"SearchAction\",\"target\":{\"@type\":\"EntryPoint\",\"urlTemplate\":\"https:\/\/sparterobotics.com\/fr\/?s={search_term_string}\"},\"query-input\":{\"@type\":\"PropertyValueSpecification\",\"valueRequired\":true,\"valueName\":\"search_term_string\"}}],\"inLanguage\":\"en-CA\"},{\"@type\":\"Organization\",\"@id\":\"https:\/\/sparterobotics.com\/fr\/#organization\",\"name\":\"Sparte Robotics\",\"url\":\"https:\/\/sparterobotics.com\/fr\/\",\"logo\":{\"@type\":\"ImageObject\",\"inLanguage\":\"en-CA\",\"@id\":\"https:\/\/sparterobotics.com\/fr\/#\/schema\/logo\/image\/\",\"url\":\"https:\/\/sparterobotics.com\/wp-content\/uploads\/2023\/09\/cropped-OIP.jpeg\",\"contentUrl\":\"https:\/\/sparterobotics.com\/wp-content\/uploads\/2023\/09\/cropped-OIP.jpeg\",\"width\":474,\"height\":190,\"caption\":\"Sparte Robotics\"},\"image\":{\"@id\":\"https:\/\/sparterobotics.com\/fr\/#\/schema\/logo\/image\/\"},\"sameAs\":[\"https:\/\/www.facebook.com\/SparteRobotics\/\",\"https:\/\/x.com\/RoboticsSparte\",\"https:\/\/www.linkedin.com\/company\/sparte-robotics\"]}]}<\/script>\n<!-- \/ Yoast SEO plugin. -->","yoast_head_json":{"title":"DJI Mavic 3 Pro (prix-Cameroun) - Sparte Robotics","description":"Achetez les meilleurs drones au prix r\u00e9duits DJI (Mavic 3 pro, Phantom) au Cameroun. Livraison rapide, service client de qualit\u00e9 et expertise en drones.\"","robots":{"index":"index","follow":"follow","max-snippet":"max-snippet:-1","max-image-preview":"max-image-preview:large","max-video-preview":"max-video-preview:-1"},"canonical":"https:\/\/sparterobotics.com\/en\/product\/prix-cameroun-dji-mavic-3-pro\/","og_locale":"en_US","og_type":"article","og_title":"DJI Mavic 3 Pro (prix-Cameroun) - Sparte Robotics","og_description":"Achetez les meilleurs drones au prix r\u00e9duits DJI (Mavic 3 pro, Phantom) au Cameroun. Livraison rapide, service client de qualit\u00e9 et expertise en drones.\"","og_url":"https:\/\/sparterobotics.com\/en\/product\/prix-cameroun-dji-mavic-3-pro\/","og_site_name":"Sparte Robotics","article_publisher":"https:\/\/www.facebook.com\/SparteRobotics\/","article_modified_time":"2023-10-02T13:55:00+00:00","og_image":[{"width":300,"height":300,"url":"https:\/\/sparterobotics.com\/wp-content\/uploads\/2023\/10\/DJI-Mavic-3-pro-300x300-removebg-preview.png","type":"image\/png"}],"twitter_card":"summary_large_image","twitter_site":"@RoboticsSparte","twitter_misc":{"Est. reading time":"1 minute"},"schema":{"@context":"https:\/\/schema.org","@graph":[{"@type":"WebPage","@id":"https:\/\/sparterobotics.com\/product\/prix-cameroun-dji-mavic-3-pro\/","url":"https:\/\/sparterobotics.com\/product\/prix-cameroun-dji-mavic-3-pro\/","name":"DJI Mavic 3 Pro (prix-Cameroun) - Sparte Robotics","isPartOf":{"@id":"https:\/\/sparterobotics.com\/fr\/#website"},"primaryImageOfPage":{"@id":"https:\/\/sparterobotics.com\/product\/prix-cameroun-dji-mavic-3-pro\/#primaryimage"},"image":{"@id":"https:\/\/sparterobotics.com\/product\/prix-cameroun-dji-mavic-3-pro\/#primaryimage"},"thumbnailUrl":"https:\/\/sparterobotics.com\/wp-content\/uploads\/2023\/10\/DJI-Mavic-3-pro-300x300-removebg-preview.png","datePublished":"2023-10-02T09:09:12+00:00","dateModified":"2023-10-02T13:55:00+00:00","description":"Achetez les meilleurs drones au prix r\u00e9duits DJI (Mavic 3 pro, Phantom) au Cameroun. Livraison rapide, service client de qualit\u00e9 et expertise en drones.\"","breadcrumb":{"@id":"https:\/\/sparterobotics.com\/product\/prix-cameroun-dji-mavic-3-pro\/#breadcrumb"},"inLanguage":"en-CA","potentialAction":[{"@type":"ReadAction","target":["https:\/\/sparterobotics.com\/product\/prix-cameroun-dji-mavic-3-pro\/"]}]},{"@type":"ImageObject","inLanguage":"en-CA","@id":"https:\/\/sparterobotics.com\/product\/prix-cameroun-dji-mavic-3-pro\/#primaryimage","url":"https:\/\/sparterobotics.com\/wp-content\/uploads\/2023\/10\/DJI-Mavic-3-pro-300x300-removebg-preview.png","contentUrl":"https:\/\/sparterobotics.com\/wp-content\/uploads\/2023\/10\/DJI-Mavic-3-pro-300x300-removebg-preview.png","width":300,"height":300},{"@type":"BreadcrumbList","@id":"https:\/\/sparterobotics.com\/product\/prix-cameroun-dji-mavic-3-pro\/#breadcrumb","itemListElement":[{"@type":"ListItem","position":1,"name":"Home","item":"https:\/\/sparterobotics.com\/"},{"@type":"ListItem","position":2,"name":"Shop","item":"https:\/\/sparterobotics.com\/shop-drone-mavic-phantom-dji-cameroun\/"},{"@type":"ListItem","position":3,"name":"DJI Mavic 3 Pro"}]},{"@type":"WebSite","@id":"https:\/\/sparterobotics.com\/fr\/#website","url":"https:\/\/sparterobotics.com\/fr\/","name":"Sparte Robotics","description":"robotique cameroun","publisher":{"@id":"https:\/\/sparterobotics.com\/fr\/#organization"},"alternateName":"Sparte Robotics","potentialAction":[{"@type":"SearchAction","target":{"@type":"EntryPoint","urlTemplate":"https:\/\/sparterobotics.com\/fr\/?s={search_term_string}"},"query-input":{"@type":"PropertyValueSpecification","valueRequired":true,"valueName":"search_term_string"}}],"inLanguage":"en-CA"},{"@type":"Organization","@id":"https:\/\/sparterobotics.com\/fr\/#organization","name":"Sparte Robotics","url":"https:\/\/sparterobotics.com\/fr\/","logo":{"@type":"ImageObject","inLanguage":"en-CA","@id":"https:\/\/sparterobotics.com\/fr\/#\/schema\/logo\/image\/","url":"https:\/\/sparterobotics.com\/wp-content\/uploads\/2023\/09\/cropped-OIP.jpeg","contentUrl":"https:\/\/sparterobotics.com\/wp-content\/uploads\/2023\/09\/cropped-OIP.jpeg","width":474,"height":190,"caption":"Sparte Robotics"},"image":{"@id":"https:\/\/sparterobotics.com\/fr\/#\/schema\/logo\/image\/"},"sameAs":["https:\/\/www.facebook.com\/SparteRobotics\/","https:\/\/x.com\/RoboticsSparte","https:\/\/www.linkedin.com\/company\/sparte-robotics"]}]}},"_links":{"self":[{"href":"https:\/\/sparterobotics.com\/en\/wp-json\/wp\/v2\/product\/3353","targetHints":{"allow":["GET"]}}],"collection":[{"href":"https:\/\/sparterobotics.com\/en\/wp-json\/wp\/v2\/product"}],"about":[{"href":"https:\/\/sparterobotics.com\/en\/wp-json\/wp\/v2\/types\/product"}],"replies":[{"embeddable":true,"href":"https:\/\/sparterobotics.com\/en\/wp-json\/wp\/v2\/comments?post=3353"}],"wp:featuredmedia":[{"embeddable":true,"href":"https:\/\/sparterobotics.com\/en\/wp-json\/wp\/v2\/media\/3363"}],"wp:attachment":[{"href":"https:\/\/sparterobotics.com\/en\/wp-json\/wp\/v2\/media?parent=3353"}],"wp:term":[{"taxonomy":"product_brand","embeddable":true,"href":"https:\/\/sparterobotics.com\/en\/wp-json\/wp\/v2\/product_brand?post=3353"},{"taxonomy":"product_cat","embeddable":true,"href":"https:\/\/sparterobotics.com\/en\/wp-json\/wp\/v2\/product_cat?post=3353"},{"taxonomy":"product_tag","embeddable":true,"href":"https:\/\/sparterobotics.com\/en\/wp-json\/wp\/v2\/product_tag?post=3353"}],"curies":[{"name":"wp","href":"https:\/\/api.w.org\/{rel}","templated":true}]}}